{"id":2666,"date":"2022-06-06T23:12:15","date_gmt":"2022-06-06T13:12:15","guid":{"rendered":"https:\/\/deepinnerhealth.com\/laufzeit-und-bedingungen\/"},"modified":"2022-10-04T07:29:38","modified_gmt":"2022-10-03T20:29:38","slug":"laufzeit-und-bedingungen","status":"publish","type":"page","link":"https:\/\/deepinnerhealth.com\/de\/laufzeit-und-bedingungen\/","title":{"rendered":"Laufzeit und Bedingungen"},"content":{"rendered":"<div class=\"post-content\">\n<h3 class=\"fusion-responsive-typography-calculated\" data-fontsize=\"32\" data-lineheight=\"40.3167px\">Wer wir sind<\/h3>\n<p>Unsere Website-Adresse <a href=\"https:\/\/deepinnerhealth.com\/de\/\">https:\/\/deepinnerhealth.com<\/a><\/p>\n<h3 class=\"fusion-responsive-typography-calculated\" data-fontsize=\"32\" data-lineheight=\"40.3167px\">Bedingungen und Konditionen<\/h3>\n<p>Wir verwenden SimplyBook f\u00fcr Buchungen und Zahlungen. Sie finden SimplyBook<strong> <a href=\"https:\/\/simplybook.me\/en\/terms-and-conditions\" target=\"_blank\" rel=\"noopener\">Bedingungen und Konditionen hier<\/a><span style=\"color: #ff0000;\"><br \/><\/span><\/strong><\/p>\n<h3 class=\"fusion-responsive-typography-calculated\" data-fontsize=\"32\" data-lineheight=\"40.3167px\">Datenschutzbestimmungen<\/h3>\n<p>Diese Richtlinie beschreibt, wie wir Ihre pers\u00f6nlichen Daten verwenden. Wir nehmen Ihre Privatsph\u00e4re ernst und ergreifen alle Ma\u00dfnahmen zum Schutz Ihrer pers\u00f6nlichen Daten.<\/p>\n<p>Wir behandeln alle Ihre pers\u00f6nlichen Informationen vertraulich. Wir speichern die Kontaktinformationen unserer Kunden nur im Interesse einer weiteren Kommunikation.<\/p>\n<p>Wir werden Ihre E-Mail-Adresse niemals zu Marketingzwecken an Dritte weitergeben oder Ihre Kreditkartendaten in unserer Datenbank oder auf unseren Servern speichern. Wir geben Ihre Kreditkartendaten niemals an Dritte weiter, mit Ausnahme von Kreditkartenabrechnungsstellen, Betrugspr\u00e4ventions- und Betrugsermittlungsstellen oder wenn Sie uns keine anderen Anweisungen erteilen.<\/p>\n<p><strong>Erfasste pers\u00f6nliche Informationen<\/strong><\/p>\n<p>Die Erfassung Ihrer pers\u00f6nlichen Daten kann durch die folgenden Interaktionen erfolgen:<\/p>\n<ul>\n<li>Wenn Sie unsere Website aufrufen und nutzen<\/li>\n<li>In Gespr\u00e4chen mit unseren Teammitgliedern<\/li>\n<li>Wenn Sie Website-Formulare ausf\u00fcllen<\/li>\n<li>Wenn Sie direkt mit uns kommunizieren (per E-Mail, Telefon, Post oder auf anderem Wege)<\/li>\n<li>Wenn Sie mit uns bei Werbeaktionen, Wettbewerben und Sonderveranstaltungen interagieren.<\/li>\n<\/ul>\n<p><strong>Cookies<\/strong><\/p>\n<p><em>Was ist ein Cookie?<\/em><\/p>\n<p>Cookies sind kleine Daten, die wir auf dem Ger\u00e4t (Computer, Mobiltelefon, Tablet oder einem anderen mobilen Ger\u00e4t) speichern. Jedes Cookie l\u00e4uft nach einer bestimmten Zeit ab, je nachdem, wof\u00fcr wir es verwenden. Wie die meisten kommerziellen Websites verwenden auch wir Cookies auf unseren Webseiten. Wir verwenden Cookies aus verschiedenen Gr\u00fcnden. Im Folgenden werden die verschiedenen Arten von Cookies, die wir auf unserer Website verwenden, aufgef\u00fchrt und beschrieben.<\/p>\n<p>Durch die Nutzung unserer Website erkl\u00e4ren Sie sich ausdr\u00fccklich mit der Verwendung von Cookies, wie in diesem Dokument beschrieben, einverstanden. Nachstehend finden Sie n\u00e4here Angaben zu den einzelnen Arten von Cookies, die wir verwenden.<\/p>\n<p><em>Welche Cookies verwenden wir?<\/em><\/p>\n<p>Nachstehend finden Sie eine detaillierte Liste der auf unserer Website verwendeten Cookies mit Informationen \u00fcber die Art des Cookies, die G\u00fcltigkeitsdauer und gegebenenfalls Links zu Websites Dritter.<\/p>\n<p><em>Erforderliche oder notwendige Cookies  <\/em><\/p>\n<p>Bestimmte Cookies sind notwendig, damit unsere Website korrekt funktioniert und sicher bleibt. Wir verwenden zum Beispiel Cookies, um Sie zu authentifizieren. Wenn Sie sich auf unseren Websites anmelden, werden Authentifizierungs-Cookies eingesetzt, die uns w\u00e4hrend einer Browsing-Sitzung mitteilen, wer Sie sind. Wir m\u00fcssen essentielle Cookies f\u00fcr unsere legitimen Interessen laden, die wir verfolgen, um Ihnen die wesentlichen Funktionen unserer Website zur Verf\u00fcgung zu stellen.<\/p>\n<p><em>Funktionalit\u00e4t Cookies  <\/em><\/p>\n<p>Diese Cookies werden verwendet, um bestimmte zus\u00e4tzliche Funktionen auf unserer Website zu erm\u00f6glichen, wie z.B. die Speicherung Ihrer Pr\u00e4ferenzen (z.B. Benutzername und Sprachauswahl). Diese Funktion verbessert die Benutzerfreundlichkeit.<\/p>\n<p><em>Cookies f\u00fcr soziale Medien<\/em><\/p>\n<p>Cookies f\u00fcr soziale Medien sammeln Informationen \u00fcber die Nutzung sozialer Medien.<\/p>\n<p><em>  Analyse-Cookies<\/em><\/p>\n<p>Google Analytics: Analytics-Cookies sammeln Informationen \u00fcber Ihre Nutzung unserer Website und erm\u00f6glichen es uns, die Funktionsweise der Website zu verbessern oder Daten \u00fcber Ihre Interessen auf der Website zu sammeln. Analyse-Cookies zeigen uns zum Beispiel, welche Seiten auf der Website am h\u00e4ufigsten besucht werden, helfen uns, etwaige Schwierigkeiten mit der Website zu erfassen und zeigen uns, ob unsere Werbung wirksam ist oder nicht. Auf diese Weise k\u00f6nnen wir die allgemeinen Nutzungsmuster der Website erkennen und nicht nur die Nutzung durch eine einzelne Person. Wir verwenden die Informationen, um den Verkehr auf den Websites zu analysieren.<\/p>\n<p><em>Wie verwalte ich Cookies?<\/em><\/p>\n<p>Wenn Sie Cookies \u00fcber Ihren Browser entfernen oder deaktivieren m\u00f6chten, k\u00f6nnen Sie dies tun. Bitte lesen Sie hierzu die Konfigurationsdokumentation Ihres Browsers, da die Schritte hierf\u00fcr in der Regel browserspezifisch sind. Ein wichtiger Hinweis: Wenn Sie sich f\u00fcr diesen Weg entscheiden, kann dies Ihre F\u00e4higkeit, unsere Dienste effektiv zu nutzen, beeintr\u00e4chtigen. Die Aktivierung von Cookies sorgt f\u00fcr eine reibungslosere Nutzung unserer Website.<\/p>\n<p><strong>Verwendung pers\u00f6nlicher Informationen<\/strong><\/p>\n<p>Wir sammeln Ihre pers\u00f6nlichen Daten, damit wir die folgenden Aktionen durchf\u00fchren k\u00f6nnen:<\/p>\n<ul>\n<li>Um Ihnen Produkte und Dienstleistungen zu liefern, die Sie von uns angefordert haben<\/li>\n<li>Um mit Ihnen zu kommunizieren, einschlie\u00dflich \u00fcber Produkte und Dienstleistungen, Sonderangebote und Veranstaltungen, die Sie interessieren k\u00f6nnten<\/li>\n<li>Ihre Fragen zu beantworten und Sie mit Informationen oder Ratschl\u00e4gen zu versorgen<\/li>\n<li>zur Erstellung von Bestellungen, Transaktionsdatens\u00e4tzen, Vereinbarungen \u00fcber den Verkauf von Produkten oder Dienstleistungen, Konten, Steuerrechnungen oder Quittungen<\/li>\n<li>Durchf\u00fchrung von Verwaltungs-, Marketing-, Planungs-, Betrugs- und Verlustverh\u00fctungsaktivit\u00e4ten, Beschaffung, Produkt- und Dienstleistungsentwicklung, Qualit\u00e4tskontrolle und Forschung, um die Art und Weise zu verbessern, wie wir und Dienstleister Ihnen Produkte und Dienstleistungen anbieten<\/li>\n<li>Pr\u00fcfung und Beantwortung der von Ihnen eingereichten Beschwerden<\/li>\n<li>Zur Einhaltung von Gesetzen oder Vorschriften oder zur Befolgung von Anweisungen von Aufsichtsbeh\u00f6rden oder Beh\u00f6rden; oder<\/li>\n<li>Wenn Sie ein Kandidat f\u00fcr eine Anstellung sind, um Ihre Eignung f\u00fcr eine Stelle bei Deep Inner Health zu beurteilen<\/li>\n<\/ul>\n<p><strong>Aktualisieren Ihrer pers\u00f6nlichen Informationen<\/strong><\/p>\n<p>Sie k\u00f6nnen Ihre pers\u00f6nlichen Daten jederzeit aktualisieren, indem Sie sich an Deep Inner Health wenden.<\/p>\n<p><strong>Sicherheit Ihrer pers\u00f6nlichen Daten<\/strong><\/p>\n<p>Um die Sicherheit Ihrer Daten w\u00e4hrend der \u00dcbertragung zu sch\u00fctzen, verwenden wir Secure Sockets Layer (SSL)-Software, die die von Ihnen eingegebenen Daten verschl\u00fcsselt. Wir unterhalten physische, elektronische und verfahrenstechnische Sicherheitsvorkehrungen in Verbindung mit der Erfassung, Speicherung und Offenlegung von personenbezogenen Kundendaten.<\/p>\n<p>Unsere Sicherheitsverfahren bedeuten, dass wir gelegentlich einen Identit\u00e4tsnachweis verlangen, bevor wir Ihnen personenbezogene Daten offenlegen. Es ist wichtig, dass Sie sich vor unbefugtem Zugriff auf Ihr Passwort und Ihren Computer sch\u00fctzen.<\/p>\n<p>Wir sch\u00fctzen Ihre pers\u00f6nlichen Daten durch:<\/p>\n<ul>\n<li>Beschr\u00e4nkung des Zugangs zu pers\u00f6nlichen Informationen<\/li>\n<li>Wartung von Technologieprodukten zum Schutz vor unbefugtem Zugriff auf Computer<\/li>\n<li>Sichere Vernichtung Ihrer pers\u00f6nlichen Daten, wenn sie nicht mehr f\u00fcr die Aufbewahrung von Unterlagen ben\u00f6tigt werden<\/li>\n<li>Wir verwenden eine 128-Bit-SSL-Verschl\u00fcsselungstechnologie (Secure Sockets Layer), wenn wir Ihre finanziellen Daten verarbeiten. Die 128-Bit-SSL-Verschl\u00fcsselung braucht sch\u00e4tzungsweise mindestens eine Billion Jahre, um geknackt zu werden, und ist der Branchenstandard.<\/li>\n<\/ul>\n<p><strong>Offenlegung pers\u00f6nlicher Informationen<\/strong><\/p>\n<p>Ihre pers\u00f6nlichen Daten k\u00f6nnen in Verbindung mit einem beliebigen Zweck an eine der folgenden Stellen weitergegeben werden:<\/p>\n<ul>\n<li>Unsere Mitarbeiter, Auftragnehmer oder Dienstleister, soweit dies zur Erf\u00fcllung unserer Verpflichtungen Ihnen gegen\u00fcber erforderlich ist. Dazu k\u00f6nnen Internetdienstanbieter, IT-Systemadministratoren und Webentwickler geh\u00f6ren.<\/li>\n<li>Unsere Unternehmensberater, einschlie\u00dflich Anw\u00e4lten, Buchhaltern oder anderen professionellen Dienstleistern, soweit dies erforderlich ist<\/li>\n<li>Lieferanten und andere Dritte, mit denen wir gesch\u00e4ftliche Beziehungen unterhalten, f\u00fcr Gesch\u00e4fts-, Marketing- und \u00e4hnliche Zwecke<\/li>\n<\/ul>\n<p>Ihre pers\u00f6nlichen Daten werden nicht weitergegeben, verkauft, vermietet oder offengelegt, au\u00dfer wie in dieser Datenschutzerkl\u00e4rung beschrieben.<\/p>\n<p><strong>\u00dcber Verletzungen der Privatsph\u00e4re<\/strong><\/p>\n<p>Wenn Sie der Meinung sind, dass Ihre Privatsph\u00e4re durch uns verletzt wurde, <a href=\"https:\/\/deepinnerhealth.com\/de\/?page_id=2719\">kontaktieren Sie uns<\/a> bitte und wir werden das Problem l\u00f6sen.<\/p>\n<p><strong>Erfassung der Daten Ihres Computers\/Ger\u00e4ts<\/strong><\/p>\n<p>Wenn Sie Deep Inner Health besuchen, zeichnen die Server unseres Unternehmens automatisch Informationen auf, die Ihr Browser sendet, wenn Sie eine Website besuchen. Diese Daten k\u00f6nnen umfassen:<\/p>\n<ul>\n<li>Die IP-Adresse Ihres Computers<\/li>\n<li>Browser-Typ<\/li>\n<li>Webseite, die Sie besucht haben, bevor Sie auf unsere Seite kamen<\/li>\n<li>Die Seiten von Deep Inner Health, die Sie besuchen<\/li>\n<li>Die auf diesen Seiten verbrachte Zeit, die auf unserer Website gesuchten Artikel und Informationen, Zugriffszeiten und -daten sowie andere Statistiken. Diese Informationen werden zu Analyse- und Bewertungszwecken gesammelt, damit wir unsere Website und die von uns angebotenen Dienstleistungen und Produkte verbessern k\u00f6nnen.<\/li>\n<\/ul>\n<p>  Diese Daten werden nicht in Verbindung mit anderen pers\u00f6nlichen Informationen verwendet.<\/p>\n<p> <strong>Aufbewahrung von Daten<\/strong><\/p>\n<p>Wir speichern die identifizierbaren Daten, die wir f\u00fcr Targeting- und Retargeting-Zwecke erfassen, bis zu 90 Tage nach jedem Besuch unserer Website. Danach werden die von uns erfassten Daten de-identifiziert, indem eindeutige Kennungen entfernt und IP-Adressen gek\u00fcrzt werden.<\/p>\n<p><strong>\u00c4nderungen der Datenschutzrichtlinie<\/strong><\/p>\n<p>Wir behalten uns das Recht vor, diese Datenschutzrichtlinie jederzeit zu \u00e4ndern. Alle \u00c4nderungen dieser Politik werden auf unserer Website ver\u00f6ffentlicht.<\/p>\n<p><strong>Beschwerden \u00fcber Verst\u00f6\u00dfe gegen die Privatsph\u00e4re<\/strong><\/p>\n<p>Wenn Sie mit der Art und Weise, wie wir Ihre Anfrage oder Beschwerde bearbeiten, nicht zufrieden sind, z\u00f6gern Sie bitte nicht, uns zu kontaktieren. Wenn Sie immer noch Bedenken haben, wie Ihre pers\u00f6nlichen Daten verwendet werden, oder wenn Sie m\u00f6chten, dass Ihre Daten aus unseren Dateien entfernt werden, <a href=\"https:\/\/deepinnerhealth.com\/de\/?page_id=2719\">kontaktieren Sie uns<\/a> bitte <a href=\"https:\/\/deepinnerhealth.com\/de\/?page_id=2719\">hier<\/a>.<\/p>\n<\/div>\n","protected":false},"excerpt":{"rendered":"<p>Wer wir sind Unsere Website-Adresse https:\/\/deepinnerhealth.com Bedingungen und Konditionen Wir  [&#8230;]<\/p>\n","protected":false},"author":1,"featured_media":0,"parent":0,"menu_order":0,"comment_status":"closed","ping_status":"open","template":"","meta":{"content-type":"","footnotes":""},"class_list":["post-2666","page","type-page","status-publish","hentry"],"yoast_head":"<!-- This site is optimized with the Yoast SEO plugin v27.3 - https:\/\/yoast.com\/product\/yoast-seo-wordpress\/ -->\n<title>Laufzeit und Bedingungen - Deep Inner Health<\/title>\n<meta name=\"robots\" content=\"index, follow, max-snippet:-1, max-image-preview:large, max-video-preview:-1\" \/>\n<link rel=\"canonical\" href=\"https:\/\/deepinnerhealth.com\/de\/laufzeit-und-bedingungen\/\" \/>\n<meta property=\"og:locale\" content=\"de_DE\" \/>\n<meta property=\"og:type\" content=\"article\" \/>\n<meta property=\"og:title\" content=\"Laufzeit und Bedingungen - Deep Inner Health\" \/>\n<meta property=\"og:description\" content=\"Wer wir sind Unsere Website-Adresse https:\/\/deepinnerhealth.com Bedingungen und Konditionen Wir [...]\" \/>\n<meta property=\"og:url\" content=\"https:\/\/deepinnerhealth.com\/de\/laufzeit-und-bedingungen\/\" \/>\n<meta property=\"og:site_name\" content=\"Deep Inner Health\" \/>\n<meta property=\"article:modified_time\" content=\"2022-10-03T20:29:38+00:00\" \/>\n<meta name=\"twitter:card\" content=\"summary_large_image\" \/>\n<meta name=\"twitter:label1\" content=\"Gesch\u00e4tzte Lesezeit\" \/>\n\t<meta name=\"twitter:data1\" content=\"7\u00a0Minuten\" \/>\n<script type=\"application\/ld+json\" class=\"yoast-schema-graph\">{\"@context\":\"https:\\\/\\\/schema.org\",\"@graph\":[{\"@type\":\"WebPage\",\"@id\":\"https:\\\/\\\/deepinnerhealth.com\\\/de\\\/laufzeit-und-bedingungen\\\/\",\"url\":\"https:\\\/\\\/deepinnerhealth.com\\\/de\\\/laufzeit-und-bedingungen\\\/\",\"name\":\"Laufzeit und Bedingungen - Deep Inner Health\",\"isPartOf\":{\"@id\":\"https:\\\/\\\/deepinnerhealth.com\\\/de\\\/#website\"},\"datePublished\":\"2022-06-06T13:12:15+00:00\",\"dateModified\":\"2022-10-03T20:29:38+00:00\",\"breadcrumb\":{\"@id\":\"https:\\\/\\\/deepinnerhealth.com\\\/de\\\/laufzeit-und-bedingungen\\\/#breadcrumb\"},\"inLanguage\":\"de\",\"potentialAction\":[{\"@type\":\"ReadAction\",\"target\":[\"https:\\\/\\\/deepinnerhealth.com\\\/de\\\/laufzeit-und-bedingungen\\\/\"]}]},{\"@type\":\"BreadcrumbList\",\"@id\":\"https:\\\/\\\/deepinnerhealth.com\\\/de\\\/laufzeit-und-bedingungen\\\/#breadcrumb\",\"itemListElement\":[{\"@type\":\"ListItem\",\"position\":1,\"name\":\"Home\",\"item\":\"https:\\\/\\\/deepinnerhealth.com\\\/de\\\/\"},{\"@type\":\"ListItem\",\"position\":2,\"name\":\"Laufzeit und Bedingungen\"}]},{\"@type\":\"WebSite\",\"@id\":\"https:\\\/\\\/deepinnerhealth.com\\\/de\\\/#website\",\"url\":\"https:\\\/\\\/deepinnerhealth.com\\\/de\\\/\",\"name\":\"Deep Inner Health\",\"description\":\"Functional Medicine Practitioner\",\"potentialAction\":[{\"@type\":\"SearchAction\",\"target\":{\"@type\":\"EntryPoint\",\"urlTemplate\":\"https:\\\/\\\/deepinnerhealth.com\\\/de\\\/?s={search_term_string}\"},\"query-input\":{\"@type\":\"PropertyValueSpecification\",\"valueRequired\":true,\"valueName\":\"search_term_string\"}}],\"inLanguage\":\"de\"}]}<\/script>\n<!-- \/ Yoast SEO plugin. -->","yoast_head_json":{"title":"Laufzeit und Bedingungen - Deep Inner Health","robots":{"index":"index","follow":"follow","max-snippet":"max-snippet:-1","max-image-preview":"max-image-preview:large","max-video-preview":"max-video-preview:-1"},"canonical":"https:\/\/deepinnerhealth.com\/de\/laufzeit-und-bedingungen\/","og_locale":"de_DE","og_type":"article","og_title":"Laufzeit und Bedingungen - Deep Inner Health","og_description":"Wer wir sind Unsere Website-Adresse https:\/\/deepinnerhealth.com Bedingungen und Konditionen Wir [...]","og_url":"https:\/\/deepinnerhealth.com\/de\/laufzeit-und-bedingungen\/","og_site_name":"Deep Inner Health","article_modified_time":"2022-10-03T20:29:38+00:00","twitter_card":"summary_large_image","twitter_misc":{"Gesch\u00e4tzte Lesezeit":"7\u00a0Minuten"},"schema":{"@context":"https:\/\/schema.org","@graph":[{"@type":"WebPage","@id":"https:\/\/deepinnerhealth.com\/de\/laufzeit-und-bedingungen\/","url":"https:\/\/deepinnerhealth.com\/de\/laufzeit-und-bedingungen\/","name":"Laufzeit und Bedingungen - Deep Inner Health","isPartOf":{"@id":"https:\/\/deepinnerhealth.com\/de\/#website"},"datePublished":"2022-06-06T13:12:15+00:00","dateModified":"2022-10-03T20:29:38+00:00","breadcrumb":{"@id":"https:\/\/deepinnerhealth.com\/de\/laufzeit-und-bedingungen\/#breadcrumb"},"inLanguage":"de","potentialAction":[{"@type":"ReadAction","target":["https:\/\/deepinnerhealth.com\/de\/laufzeit-und-bedingungen\/"]}]},{"@type":"BreadcrumbList","@id":"https:\/\/deepinnerhealth.com\/de\/laufzeit-und-bedingungen\/#breadcrumb","itemListElement":[{"@type":"ListItem","position":1,"name":"Home","item":"https:\/\/deepinnerhealth.com\/de\/"},{"@type":"ListItem","position":2,"name":"Laufzeit und Bedingungen"}]},{"@type":"WebSite","@id":"https:\/\/deepinnerhealth.com\/de\/#website","url":"https:\/\/deepinnerhealth.com\/de\/","name":"Deep Inner Health","description":"Functional Medicine Practitioner","potentialAction":[{"@type":"SearchAction","target":{"@type":"EntryPoint","urlTemplate":"https:\/\/deepinnerhealth.com\/de\/?s={search_term_string}"},"query-input":{"@type":"PropertyValueSpecification","valueRequired":true,"valueName":"search_term_string"}}],"inLanguage":"de"}]}},"_links":{"self":[{"href":"https:\/\/deepinnerhealth.com\/de\/wp-json\/wp\/v2\/pages\/2666","targetHints":{"allow":["GET"]}}],"collection":[{"href":"https:\/\/deepinnerhealth.com\/de\/wp-json\/wp\/v2\/pages"}],"about":[{"href":"https:\/\/deepinnerhealth.com\/de\/wp-json\/wp\/v2\/types\/page"}],"author":[{"embeddable":true,"href":"https:\/\/deepinnerhealth.com\/de\/wp-json\/wp\/v2\/users\/1"}],"replies":[{"embeddable":true,"href":"https:\/\/deepinnerhealth.com\/de\/wp-json\/wp\/v2\/comments?post=2666"}],"version-history":[{"count":3,"href":"https:\/\/deepinnerhealth.com\/de\/wp-json\/wp\/v2\/pages\/2666\/revisions"}],"predecessor-version":[{"id":4296,"href":"https:\/\/deepinnerhealth.com\/de\/wp-json\/wp\/v2\/pages\/2666\/revisions\/4296"}],"wp:attachment":[{"href":"https:\/\/deepinnerhealth.com\/de\/wp-json\/wp\/v2\/media?parent=2666"}],"curies":[{"name":"wp","href":"https:\/\/api.w.org\/{rel}","templated":true}]}}