{"id":2719,"date":"2022-08-16T13:39:12","date_gmt":"2022-08-16T03:39:12","guid":{"rendered":"https:\/\/deepinnerhealth.com\/kontakt\/"},"modified":"2022-10-04T07:29:38","modified_gmt":"2022-10-03T20:29:38","slug":"kontakt","status":"publish","type":"page","link":"https:\/\/deepinnerhealth.com\/de\/kontakt\/","title":{"rendered":"Kontakt"},"content":{"rendered":"<div class=\"fusion-fullwidth fullwidth-box fusion-builder-row-1 fusion-flex-container has-pattern-background has-mask-background nonhundred-percent-fullwidth non-hundred-percent-height-scrolling\" style=\"--awb-border-radius-top-left:0px;--awb-border-radius-top-right:0px;--awb-border-radius-bottom-right:0px;--awb-border-radius-bottom-left:0px;--awb-padding-top:5vw;--awb-padding-bottom:5vw;--awb-flex-wrap:wrap;\" ><div class=\"fusion-builder-row fusion-row fusion-flex-align-items-stretch fusion-flex-content-wrap\" style=\"max-width:1365px;margin-left: calc(-5% \/ 2 );margin-right: calc(-5% \/ 2 );\"><div class=\"fusion-layout-column fusion_builder_column fusion-builder-column-0 fusion_builder_column_1_2 1_2 fusion-flex-column fusion-animated\" style=\"--awb-padding-right:4vw;--awb-padding-bottom:6vw;--awb-padding-left:4vw;--awb-padding-top-small:9vw;--awb-padding-right-small:4vw;--awb-padding-bottom-small:9vw;--awb-padding-left-small:4vw;--awb-overflow:hidden;--awb-bg-color:var(--awb-color1);--awb-bg-color-hover:var(--awb-color1);--awb-bg-size:cover;--awb-border-radius:6px 6px 6px 6px;--awb-width-large:50%;--awb-margin-top-large:0px;--awb-spacing-right-large:4.75%;--awb-margin-bottom-large:0px;--awb-spacing-left-large:4.75%;--awb-width-medium:50%;--awb-order-medium:0;--awb-spacing-right-medium:4.75%;--awb-spacing-left-medium:4.75%;--awb-width-small:100%;--awb-order-small:0;--awb-spacing-right-small:2.375%;--awb-margin-bottom-small:6vw;--awb-spacing-left-small:2.375%;\" data-animationType=\"fadeInUp\" data-animationDuration=\"1.0\" data-animationOffset=\"top-into-view\"><div class=\"fusion-column-wrapper fusion-column-has-shadow fusion-flex-justify-content-flex-start fusion-content-layout-column\"><div class=\"fusion-text fusion-text-1\" style=\"--awb-font-size:16px;--awb-line-height:1.9;--awb-text-color:var(--awb-color8);--awb-text-font-family:&quot;Noto Sans&quot;;--awb-text-font-style:normal;--awb-text-font-weight:400;\"><h2>Kontakt aufnehmen<\/h2>\n<p>F\u00fcr allgemeine Anfragen bitte <a href=\"mailto:ulla@deepinnerhealth.com?subject=Deep%20Inner%20Health%20Website%20Enquiry\"><br \/>\n  <strong>E-Mail hier<\/strong><br \/>\n<\/a>.<\/p>\n<p>Ulla bietet weltweit Online-Beratungen auf Englisch oder Deutsch an. Wir k\u00f6nnen einen Termin in Ihrer Zeitzone finden und bieten auch an Wochenenden an.<\/p>\n<p>Wir beginnen mit einer kostenlosen und unverbindlichen 10-min\u00fctigen Teleberatung oder einem E-Mail-Austausch, um Ihre Erwartungen und meine F\u00e4higkeit, Ihnen zu helfen und Ihre Erwartungen zu erf\u00fcllen, zu ermitteln.<\/p>\n<\/div><div ><a class=\"fusion-button button-flat button-xlarge button-default fusion-button-default button-1 fusion-button-default-span fusion-button-default-type\" target=\"_blank\" rel=\"noopener noreferrer\" href=\"mailto:info@deepinnerhealth.com ?subject=Inital Kostenlose Beratung\"><span class=\"fusion-button-text\">Buchen Sie hier Ihr kostenloses Erstberatungsgespr\u00e4ch<\/span><\/a><\/div><div class=\"fusion-separator fusion-full-width-sep\" style=\"align-self: center;margin-left: auto;margin-right: auto;margin-top:25px;width:100%;\"><\/div><div class=\"fusion-text fusion-text-2\" style=\"--awb-font-size:16px;--awb-line-height:1.9;--awb-text-color:var(--awb-color8);--awb-text-font-family:&quot;Noto Sans&quot;;--awb-text-font-style:normal;--awb-text-font-weight:400;\"><p>F\u00fcr Patienten in Australien, die an den Northern Rivers in NSW leben und einen pers\u00f6nlichen Termin in unseren Klinikr\u00e4umen bevorzugen, rufen Sie RehabBalance an unter +61 0439 469 191 oder <strong><br \/>\n  <a href=\"mailto:info@rehabbalance.com.au\" target=\"_blank\" rel=\"noopener\">E-Mail hier<\/a><br \/>\n<\/strong>.<\/p>\n<p><strong>Besuchen Sie <a href=\"http:\/\/www.rehabbalance.com.au\" target=\"_blank\" rel=\"noopener\">Rehab Balance<\/a> f\u00fcr weitere Informationen.  <\/strong><\/p>\n<\/div><\/div><\/div><div class=\"fusion-layout-column fusion_builder_column fusion-builder-column-1 fusion_builder_column_1_2 1_2 fusion-flex-column\" style=\"--awb-bg-size:cover;--awb-width-large:50%;--awb-margin-top-large:0px;--awb-spacing-right-large:4.75%;--awb-margin-bottom-large:20px;--awb-spacing-left-large:4.75%;--awb-width-medium:50%;--awb-order-medium:0;--awb-spacing-right-medium:4.75%;--awb-spacing-left-medium:4.75%;--awb-width-small:100%;--awb-order-small:0;--awb-spacing-right-small:2.375%;--awb-spacing-left-small:2.375%;\"><div class=\"fusion-column-wrapper fusion-column-has-shadow fusion-flex-justify-content-flex-start fusion-content-layout-column\"><div class=\"fusion-image-element \" style=\"--awb-caption-title-font-family:var(--h2_typography-font-family);--awb-caption-title-font-weight:var(--h2_typography-font-weight);--awb-caption-title-font-style:var(--h2_typography-font-style);--awb-caption-title-size:var(--h2_typography-font-size);--awb-caption-title-transform:var(--h2_typography-text-transform);--awb-caption-title-line-height:var(--h2_typography-line-height);--awb-caption-title-letter-spacing:var(--h2_typography-letter-spacing);\"><span class=\" fusion-imageframe imageframe-none imageframe-1 hover-type-none\" style=\"border-radius:5px;\"><img decoding=\"async\" width=\"600\" height=\"490\" title=\"deep-inner-health-contact-page\" src=\"https:\/\/deepinnerhealth.com\/wp-content\/uploads\/2022\/08\/deep-inner-health-contact-page.jpg\" data-orig-src=\"https:\/\/deepinnerhealth.com\/wp-content\/uploads\/2022\/08\/deep-inner-health-contact-page.jpg\" alt class=\"lazyload img-responsive wp-image-2619\" srcset=\"data:image\/svg+xml,%3Csvg%20xmlns%3D%27http%3A%2F%2Fwww.w3.org%2F2000%2Fsvg%27%20width%3D%27600%27%20height%3D%27490%27%20viewBox%3D%270%200%20600%20490%27%3E%3Crect%20width%3D%27600%27%20height%3D%27490%27%20fill-opacity%3D%220%22%2F%3E%3C%2Fsvg%3E\" data-srcset=\"https:\/\/deepinnerhealth.com\/wp-content\/uploads\/2022\/08\/deep-inner-health-contact-page-200x163.jpg 200w, https:\/\/deepinnerhealth.com\/wp-content\/uploads\/2022\/08\/deep-inner-health-contact-page-400x327.jpg 400w, https:\/\/deepinnerhealth.com\/wp-content\/uploads\/2022\/08\/deep-inner-health-contact-page.jpg 600w\" data-sizes=\"auto\" data-orig-sizes=\"(max-width: 700px) 100vw, 600px\" \/><\/span><\/div><\/div><\/div><\/div><\/div>\n","protected":false},"excerpt":{"rendered":"","protected":false},"author":1,"featured_media":0,"parent":0,"menu_order":0,"comment_status":"closed","ping_status":"closed","template":"100-width.php","meta":{"content-type":"","footnotes":""},"class_list":["post-2719","page","type-page","status-publish","hentry"],"yoast_head":"<!-- This site is optimized with the Yoast SEO plugin v27.3 - https:\/\/yoast.com\/product\/yoast-seo-wordpress\/ -->\n<title>Kontakt - Deep Inner Health<\/title>\n<meta name=\"robots\" content=\"index, follow, max-snippet:-1, max-image-preview:large, max-video-preview:-1\" \/>\n<link rel=\"canonical\" href=\"https:\/\/deepinnerhealth.com\/de\/kontakt\/\" \/>\n<meta property=\"og:locale\" content=\"de_DE\" \/>\n<meta property=\"og:type\" content=\"article\" \/>\n<meta property=\"og:title\" content=\"Kontakt - Deep Inner Health\" \/>\n<meta property=\"og:url\" content=\"https:\/\/deepinnerhealth.com\/de\/kontakt\/\" \/>\n<meta property=\"og:site_name\" content=\"Deep Inner Health\" \/>\n<meta property=\"article:modified_time\" content=\"2022-10-03T20:29:38+00:00\" \/>\n<meta name=\"twitter:card\" content=\"summary_large_image\" \/>\n<meta name=\"twitter:label1\" content=\"Gesch\u00e4tzte Lesezeit\" \/>\n\t<meta name=\"twitter:data1\" content=\"9\u00a0Minuten\" \/>\n<script type=\"application\/ld+json\" class=\"yoast-schema-graph\">{\"@context\":\"https:\\\/\\\/schema.org\",\"@graph\":[{\"@type\":\"WebPage\",\"@id\":\"https:\\\/\\\/deepinnerhealth.com\\\/de\\\/kontakt\\\/\",\"url\":\"https:\\\/\\\/deepinnerhealth.com\\\/de\\\/kontakt\\\/\",\"name\":\"Kontakt - Deep Inner Health\",\"isPartOf\":{\"@id\":\"https:\\\/\\\/deepinnerhealth.com\\\/de\\\/#website\"},\"datePublished\":\"2022-08-16T03:39:12+00:00\",\"dateModified\":\"2022-10-03T20:29:38+00:00\",\"breadcrumb\":{\"@id\":\"https:\\\/\\\/deepinnerhealth.com\\\/de\\\/kontakt\\\/#breadcrumb\"},\"inLanguage\":\"de\",\"potentialAction\":[{\"@type\":\"ReadAction\",\"target\":[\"https:\\\/\\\/deepinnerhealth.com\\\/de\\\/kontakt\\\/\"]}]},{\"@type\":\"BreadcrumbList\",\"@id\":\"https:\\\/\\\/deepinnerhealth.com\\\/de\\\/kontakt\\\/#breadcrumb\",\"itemListElement\":[{\"@type\":\"ListItem\",\"position\":1,\"name\":\"Home\",\"item\":\"https:\\\/\\\/deepinnerhealth.com\\\/de\\\/\"},{\"@type\":\"ListItem\",\"position\":2,\"name\":\"Kontakt\"}]},{\"@type\":\"WebSite\",\"@id\":\"https:\\\/\\\/deepinnerhealth.com\\\/de\\\/#website\",\"url\":\"https:\\\/\\\/deepinnerhealth.com\\\/de\\\/\",\"name\":\"Deep Inner Health\",\"description\":\"Functional Medicine Practitioner\",\"potentialAction\":[{\"@type\":\"SearchAction\",\"target\":{\"@type\":\"EntryPoint\",\"urlTemplate\":\"https:\\\/\\\/deepinnerhealth.com\\\/de\\\/?s={search_term_string}\"},\"query-input\":{\"@type\":\"PropertyValueSpecification\",\"valueRequired\":true,\"valueName\":\"search_term_string\"}}],\"inLanguage\":\"de\"}]}<\/script>\n<!-- \/ Yoast SEO plugin. -->","yoast_head_json":{"title":"Kontakt - Deep Inner Health","robots":{"index":"index","follow":"follow","max-snippet":"max-snippet:-1","max-image-preview":"max-image-preview:large","max-video-preview":"max-video-preview:-1"},"canonical":"https:\/\/deepinnerhealth.com\/de\/kontakt\/","og_locale":"de_DE","og_type":"article","og_title":"Kontakt - Deep Inner Health","og_url":"https:\/\/deepinnerhealth.com\/de\/kontakt\/","og_site_name":"Deep Inner Health","article_modified_time":"2022-10-03T20:29:38+00:00","twitter_card":"summary_large_image","twitter_misc":{"Gesch\u00e4tzte Lesezeit":"9\u00a0Minuten"},"schema":{"@context":"https:\/\/schema.org","@graph":[{"@type":"WebPage","@id":"https:\/\/deepinnerhealth.com\/de\/kontakt\/","url":"https:\/\/deepinnerhealth.com\/de\/kontakt\/","name":"Kontakt - Deep Inner Health","isPartOf":{"@id":"https:\/\/deepinnerhealth.com\/de\/#website"},"datePublished":"2022-08-16T03:39:12+00:00","dateModified":"2022-10-03T20:29:38+00:00","breadcrumb":{"@id":"https:\/\/deepinnerhealth.com\/de\/kontakt\/#breadcrumb"},"inLanguage":"de","potentialAction":[{"@type":"ReadAction","target":["https:\/\/deepinnerhealth.com\/de\/kontakt\/"]}]},{"@type":"BreadcrumbList","@id":"https:\/\/deepinnerhealth.com\/de\/kontakt\/#breadcrumb","itemListElement":[{"@type":"ListItem","position":1,"name":"Home","item":"https:\/\/deepinnerhealth.com\/de\/"},{"@type":"ListItem","position":2,"name":"Kontakt"}]},{"@type":"WebSite","@id":"https:\/\/deepinnerhealth.com\/de\/#website","url":"https:\/\/deepinnerhealth.com\/de\/","name":"Deep Inner Health","description":"Functional Medicine Practitioner","potentialAction":[{"@type":"SearchAction","target":{"@type":"EntryPoint","urlTemplate":"https:\/\/deepinnerhealth.com\/de\/?s={search_term_string}"},"query-input":{"@type":"PropertyValueSpecification","valueRequired":true,"valueName":"search_term_string"}}],"inLanguage":"de"}]}},"_links":{"self":[{"href":"https:\/\/deepinnerhealth.com\/de\/wp-json\/wp\/v2\/pages\/2719","targetHints":{"allow":["GET"]}}],"collection":[{"href":"https:\/\/deepinnerhealth.com\/de\/wp-json\/wp\/v2\/pages"}],"about":[{"href":"https:\/\/deepinnerhealth.com\/de\/wp-json\/wp\/v2\/types\/page"}],"author":[{"embeddable":true,"href":"https:\/\/deepinnerhealth.com\/de\/wp-json\/wp\/v2\/users\/1"}],"replies":[{"embeddable":true,"href":"https:\/\/deepinnerhealth.com\/de\/wp-json\/wp\/v2\/comments?post=2719"}],"version-history":[{"count":3,"href":"https:\/\/deepinnerhealth.com\/de\/wp-json\/wp\/v2\/pages\/2719\/revisions"}],"predecessor-version":[{"id":2727,"href":"https:\/\/deepinnerhealth.com\/de\/wp-json\/wp\/v2\/pages\/2719\/revisions\/2727"}],"wp:attachment":[{"href":"https:\/\/deepinnerhealth.com\/de\/wp-json\/wp\/v2\/media?parent=2719"}],"curies":[{"name":"wp","href":"https:\/\/api.w.org\/{rel}","templated":true}]}}