{"id":2970,"date":"2022-08-16T14:02:13","date_gmt":"2022-08-16T04:02:13","guid":{"rendered":"https:\/\/deepinnerhealth.com\/ueber-uns\/"},"modified":"2022-10-04T07:29:44","modified_gmt":"2022-10-03T20:29:44","slug":"ueber-uns","status":"publish","type":"page","link":"https:\/\/deepinnerhealth.com\/de\/ueber-uns\/","title":{"rendered":"\u00dcber uns"},"content":{"rendered":"<p><div class=\"fusion-fullwidth fullwidth-box fusion-builder-row-1 fusion-flex-container nonhundred-percent-fullwidth non-hundred-percent-height-scrolling\" style=\"--awb-border-radius-top-left:0px;--awb-border-radius-top-right:0px;--awb-border-radius-bottom-right:0px;--awb-border-radius-bottom-left:0px;--awb-padding-top:5vw;--awb-padding-bottom:5vw;--awb-flex-wrap:wrap;\" ><div class=\"fusion-builder-row fusion-row fusion-flex-align-items-stretch fusion-flex-content-wrap\" style=\"max-width:1365px;margin-left: calc(-5% \/ 2 );margin-right: calc(-5% \/ 2 );\"><div class=\"fusion-layout-column fusion_builder_column fusion-builder-column-0 fusion_builder_column_1_2 1_2 fusion-flex-column fusion-animated\" style=\"--awb-padding-right:4vw;--awb-padding-bottom:6vw;--awb-padding-left:4vw;--awb-padding-top-small:9vw;--awb-padding-right-small:4vw;--awb-padding-bottom-small:9vw;--awb-padding-left-small:4vw;--awb-overflow:hidden;--awb-bg-color:var(--awb-color1);--awb-bg-color-hover:var(--awb-color1);--awb-bg-size:cover;--awb-border-radius:6px 6px 6px 6px;--awb-width-large:50%;--awb-margin-top-large:0px;--awb-spacing-right-large:4.75%;--awb-margin-bottom-large:0px;--awb-spacing-left-large:4.75%;--awb-width-medium:50%;--awb-order-medium:0;--awb-spacing-right-medium:4.75%;--awb-spacing-left-medium:4.75%;--awb-width-small:100%;--awb-order-small:0;--awb-spacing-right-small:2.375%;--awb-margin-bottom-small:6vw;--awb-spacing-left-small:2.375%;\" data-animationType=\"fadeInUp\" data-animationDuration=\"1.0\" data-animationOffset=\"top-into-view\"><div class=\"fusion-column-wrapper fusion-column-has-shadow fusion-flex-justify-content-flex-start fusion-content-layout-column\"><div class=\"fusion-text fusion-text-1\" style=\"--awb-font-size:16px;--awb-line-height:1.9;--awb-text-color:var(--awb-color8);--awb-text-font-family:&quot;Montserrat&quot;;--awb-text-font-style:normal;--awb-text-font-weight:400;\"><h2>\u00dcber uns<\/h2>\n<p><strong>Wer ist Ihre medizinische Fachkraft?  <\/strong><\/p>\n<p>Mein Name ist Dr. Ulla Gerich-McGregor, Fellow der Australasian Faculty of Rehabilitation Medicine (FAFRM), die Teil des Royal Australasian College of Physicians ist.<\/p>\n<p>Bevor ich 2002 nach Australien kam, arbeitete ich als Fach\u00e4rztin in der Schweiz und in Deutschland. Urspr\u00fcnglich in Deutschland und der Schweiz als Facharzt f\u00fcr Orthop\u00e4dische Chirurgie ausgebildet, weitere Abschl\u00fcsse sind Notfallmedizin und Sportmedizin.<\/p>\n<p>Da ich seit \u00fcber 10 Jahren als orthop\u00e4discher Chirurg t\u00e4tig bin, profitieren meine Patienten in hohem Ma\u00dfe von meiner zus\u00e4tzlichen Erfahrung als Rehabilitationsspezialist und in der Schmerztherapie.<\/p>\n<p>Auf der Suche nach einem anderen und zus\u00e4tzlichen Ansatz, um Patienten zu helfen, Krankheiten vorzubeugen und die Ursache von Krankheiten zu finden, anstatt nur Symptome zu behandeln, habe ich mich<em> seit 2019 <\/em>in <em>Funktioneller Medizin<\/em><em> beim ACNEM (Australasian College of Nutritional and Environmental Medicine) <\/em>in Australien weitergebildet.<\/p>\n<p>Da ich seit \u00fcber 30 Jahren als Arzt t\u00e4tig bin und Tausende von Patienten behandelt habe, ist mir die enge Verbindung zwischen K\u00f6rper, Geist und Seele aufgefallen. K\u00f6rperliche und emotionale Traumata manifestieren sich oft erst viele Jahre sp\u00e4ter als gesundheitliche Beschwerden oder chronische Krankheiten. Ein ganzheitlicher Ansatz, der das Leben des Patienten, seine Gesundheit, seine Beziehungen und seine Umweltgeschichte ber\u00fccksichtigt, ist sehr wichtig, um die Grundursache zu finden und einen umfassenden, ganzheitlichen und individuellen Behandlungsplan anzubieten.<\/p>\n<p><strong>Mein eigener Weg zur Funktionellen Medizin.<br \/>\n<\/strong><\/p>\n<p>Mein eigener Gesundheitsweg begann mit der Diagnose einer neurologischen Autoimmunerkrankung, die zehn Jahre lang vierw\u00f6chentliche Infusionen erforderte, verbunden mit der Prognose, dass die Therapie eines Tages wahrscheinlich nicht mehr anschlagen w\u00fcrde, was zu L\u00e4hmungen und Schmerzen f\u00fchren w\u00fcrde. Ich war interessiert und wollte mehr \u00fcber das neue Fachgebiet der FUNKTIONSMEDIZIN und ihre vielversprechenden Ergebnisse und Forschungsergebnisse erfahren, die es erm\u00f6glichen, verschiedene Krankheiten und chronische Gesundheitsprobleme auf ganzheitliche Weise erfolgreich zu diagnostizieren und zu behandeln.<\/p>\n<p>Mein neues Wissen und meine Erfahrung haben mir evidenzbasierte Instrumente an die Hand gegeben, um die Ursachen zu ermitteln und ein individuelles Behandlungsprogramm f\u00fcr jeden meiner Patienten und f\u00fcr mich selbst zu erstellen. Ein ganzheitliches Behandlungsprogramm erm\u00f6glichte es mir, nach sechs Monaten die Infusionsbehandlung abzubrechen, und zwei Jahre sp\u00e4ter bin ich immer noch symptom- und schmerzfrei. Ich bin ges\u00fcnder, fitter und genie\u00dfe das Leben mehr als vor zehn Jahren.<\/p>\n<\/div><\/div><\/div><div class=\"fusion-layout-column fusion_builder_column fusion-builder-column-1 fusion_builder_column_1_2 1_2 fusion-flex-column\" style=\"--awb-bg-size:cover;--awb-width-large:50%;--awb-margin-top-large:0px;--awb-spacing-right-large:4.75%;--awb-margin-bottom-large:20px;--awb-spacing-left-large:4.75%;--awb-width-medium:50%;--awb-order-medium:0;--awb-spacing-right-medium:4.75%;--awb-spacing-left-medium:4.75%;--awb-width-small:100%;--awb-order-small:0;--awb-spacing-right-small:2.375%;--awb-spacing-left-small:2.375%;\"><div class=\"fusion-column-wrapper fusion-column-has-shadow fusion-flex-justify-content-flex-start fusion-content-layout-column\"><div class=\"fusion-image-element \" style=\"--awb-caption-title-font-family:var(--h2_typography-font-family);--awb-caption-title-font-weight:var(--h2_typography-font-weight);--awb-caption-title-font-style:var(--h2_typography-font-style);--awb-caption-title-size:var(--h2_typography-font-size);--awb-caption-title-transform:var(--h2_typography-text-transform);--awb-caption-title-line-height:var(--h2_typography-line-height);--awb-caption-title-letter-spacing:var(--h2_typography-letter-spacing);\"><span class=\" fusion-imageframe imageframe-none imageframe-1 hover-type-none\" style=\"border-radius:10px;\"><img decoding=\"async\" width=\"600\" height=\"490\" title=\"deep-inner-health-about-us-2\" src=\"https:\/\/deepinnerhealth.com\/wp-content\/uploads\/2022\/08\/deep-inner-health-about-us-2.jpg\" data-orig-src=\"https:\/\/deepinnerhealth.com\/wp-content\/uploads\/2022\/08\/deep-inner-health-about-us-2.jpg\" alt class=\"lazyload img-responsive wp-image-2655\" srcset=\"data:image\/svg+xml,%3Csvg%20xmlns%3D%27http%3A%2F%2Fwww.w3.org%2F2000%2Fsvg%27%20width%3D%27600%27%20height%3D%27490%27%20viewBox%3D%270%200%20600%20490%27%3E%3Crect%20width%3D%27600%27%20height%3D%27490%27%20fill-opacity%3D%220%22%2F%3E%3C%2Fsvg%3E\" data-srcset=\"https:\/\/deepinnerhealth.com\/wp-content\/uploads\/2022\/08\/deep-inner-health-about-us-2-200x163.jpg 200w, https:\/\/deepinnerhealth.com\/wp-content\/uploads\/2022\/08\/deep-inner-health-about-us-2-400x327.jpg 400w, https:\/\/deepinnerhealth.com\/wp-content\/uploads\/2022\/08\/deep-inner-health-about-us-2.jpg 600w\" data-sizes=\"auto\" data-orig-sizes=\"(max-width: 700px) 100vw, 600px\" \/><\/span><\/div><\/div><\/div><\/div><\/div><div class=\"fusion-fullwidth fullwidth-box fusion-builder-row-2 fusion-flex-container nonhundred-percent-fullwidth non-hundred-percent-height-scrolling fusion-animated\" style=\"--awb-border-color:var(--awb-color4);--awb-border-radius-top-left:0px;--awb-border-radius-top-right:0px;--awb-border-radius-bottom-right:0px;--awb-border-radius-bottom-left:0px;--awb-padding-top:0px;--awb-padding-bottom:7vw;--awb-margin-bottom:0px;--awb-flex-wrap:wrap;\" data-animationType=\"fadeInUp\" data-animationDuration=\"1.0\" data-animationOffset=\"top-into-view\" ><div class=\"fusion-builder-row fusion-row fusion-flex-align-items-stretch fusion-flex-content-wrap\" style=\"max-width:1365px;margin-left: calc(-5% \/ 2 );margin-right: calc(-5% \/ 2 );\"><div class=\"fusion-layout-column fusion_builder_column fusion-builder-column-2 fusion_builder_column_2_5 2_5 fusion-flex-column\" style=\"--awb-overflow:hidden;--awb-bg-position:center center;--awb-bg-size:cover;--awb-border-radius:6px 0px 0px 6px;--awb-width-large:40%;--awb-margin-top-large:0px;--awb-spacing-right-large:0px;--awb-margin-bottom-large:0px;--awb-spacing-left-large:5.9375%;--awb-width-medium:40%;--awb-order-medium:0;--awb-spacing-right-medium:0px;--awb-spacing-left-medium:5.9375%;--awb-width-small:16.666666666667%;--awb-order-small:0;--awb-spacing-right-small:0px;--awb-margin-bottom-small:6vw;--awb-spacing-left-small:14.25%;\"><div class=\"fusion-column-wrapper lazyload fusion-column-has-shadow fusion-flex-justify-content-flex-start fusion-content-layout-column fusion-empty-column-bg-image fusion-column-has-bg-image\" data-bg-url=\"https:\/\/deepinnerhealth.com\/wp-content\/uploads\/2022\/08\/deep-inner-health-cta-2.jpg\" data-bg=\"https:\/\/deepinnerhealth.com\/wp-content\/uploads\/2022\/08\/deep-inner-health-cta-2.jpg\"><img decoding=\"async\" class=\"fusion-empty-dims-img-placeholder fusion-no-large-visibility fusion-no-medium-visibility\" aria-label=\"deep-inner-health-cta-2\" src=\"data:image\/svg+xml,%3Csvg%20xmlns%3D%27http%3A%2F%2Fwww.w3.org%2F2000%2Fsvg%27%20width%3D%27600%27%20height%3D%27490%27%20viewBox%3D%270%200%20600%20490%27%3E%3Crect%20width%3D%27600%27%20height%3D%27490%27%20fill-opacity%3D%220%22%2F%3E%3C%2Fsvg%3E\"><\/div><\/div><div class=\"fusion-layout-column fusion_builder_column fusion-builder-column-3 fusion_builder_column_3_5 3_5 fusion-flex-column\" style=\"--awb-padding-top:10vh;--awb-padding-right:6vw;--awb-padding-bottom:10vh;--awb-padding-left:6vw;--awb-padding-top-medium:8vw;--awb-padding-bottom-medium:8vw;--awb-padding-top-small:7vh;--awb-padding-right-small:7vw;--awb-padding-bottom-small:7vh;--awb-padding-left-small:7vw;--awb-overflow:hidden;--awb-bg-color:var(--awb-color4);--awb-bg-color-hover:var(--awb-color4);--awb-bg-size:cover;--awb-border-radius:0px 6px 6px 0px;--awb-width-large:60%;--awb-margin-top-large:0px;--awb-spacing-right-large:3.9583333333333%;--awb-margin-bottom-large:0px;--awb-spacing-left-large:0px;--awb-width-medium:60%;--awb-order-medium:0;--awb-spacing-right-medium:3.9583333333333%;--awb-spacing-left-medium:0px;--awb-width-small:83.333333333333%;--awb-order-small:0;--awb-spacing-right-small:2.85%;--awb-margin-bottom-small:6vw;--awb-spacing-left-small:0px;\"><div class=\"fusion-column-wrapper fusion-column-has-shadow fusion-flex-justify-content-flex-start fusion-content-layout-column\"><div class=\"fusion-title title fusion-title-1 fusion-sep-none fusion-title-text fusion-title-size-two\" style=\"--awb-text-color:var(--awb-color1);--awb-margin-bottom:20px;\"><h2 class=\"fusion-title-heading title-heading-left\" style=\"margin:0;\">Funktionelle Medizin<\/h2><\/div><div class=\"fusion-text fusion-text-2\" style=\"--awb-content-alignment:left;--awb-font-size:17px;--awb-line-height:1.9;--awb-text-color:var(--awb-color1);\"><p>Wir k\u00f6nnen Ihnen helfen, mit Hilfe der Funktionellen Medizin ein Gleichgewicht von Gesundheit und Wohlbefinden zu erreichen.<\/p>\n<\/div><div style=\"text-align:left;\"><a class=\"fusion-button button-flat button-xlarge button-default fusion-button-default button-1 fusion-button-default-span fusion-button-default-type\" style=\"--button_margin-top:20px;\" target=\"_self\" href=\"https:\/\/deepinnerhealth.com\/de\/?page_id=2719\"><span class=\"fusion-button-text\">Kontaktieren Sie uns heute<\/span><\/a><\/div><\/div><\/div><\/div><\/div><\/p>\n","protected":false},"excerpt":{"rendered":"","protected":false},"author":1,"featured_media":0,"parent":0,"menu_order":0,"comment_status":"closed","ping_status":"closed","template":"100-width.php","meta":{"content-type":"","footnotes":""},"class_list":["post-2970","page","type-page","status-publish","hentry"],"yoast_head":"<!-- This site is optimized with the Yoast SEO plugin v27.3 - https:\/\/yoast.com\/product\/yoast-seo-wordpress\/ -->\n<title>\u00dcber uns - Deep Inner Health<\/title>\n<meta name=\"robots\" content=\"index, follow, max-snippet:-1, max-image-preview:large, max-video-preview:-1\" \/>\n<link rel=\"canonical\" href=\"https:\/\/deepinnerhealth.com\/de\/ueber-uns\/\" \/>\n<meta property=\"og:locale\" content=\"de_DE\" \/>\n<meta property=\"og:type\" content=\"article\" \/>\n<meta property=\"og:title\" content=\"\u00dcber uns - Deep Inner Health\" \/>\n<meta property=\"og:url\" content=\"https:\/\/deepinnerhealth.com\/de\/ueber-uns\/\" \/>\n<meta property=\"og:site_name\" content=\"Deep Inner Health\" \/>\n<meta property=\"article:modified_time\" content=\"2022-10-03T20:29:44+00:00\" \/>\n<meta name=\"twitter:card\" content=\"summary_large_image\" \/>\n<meta name=\"twitter:label1\" content=\"Gesch\u00e4tzte Lesezeit\" \/>\n\t<meta name=\"twitter:data1\" content=\"15\u00a0Minuten\" \/>\n<script type=\"application\/ld+json\" class=\"yoast-schema-graph\">{\"@context\":\"https:\\\/\\\/schema.org\",\"@graph\":[{\"@type\":\"WebPage\",\"@id\":\"https:\\\/\\\/deepinnerhealth.com\\\/de\\\/ueber-uns\\\/\",\"url\":\"https:\\\/\\\/deepinnerhealth.com\\\/de\\\/ueber-uns\\\/\",\"name\":\"\u00dcber uns - Deep Inner Health\",\"isPartOf\":{\"@id\":\"https:\\\/\\\/deepinnerhealth.com\\\/de\\\/#website\"},\"datePublished\":\"2022-08-16T04:02:13+00:00\",\"dateModified\":\"2022-10-03T20:29:44+00:00\",\"breadcrumb\":{\"@id\":\"https:\\\/\\\/deepinnerhealth.com\\\/de\\\/ueber-uns\\\/#breadcrumb\"},\"inLanguage\":\"de\",\"potentialAction\":[{\"@type\":\"ReadAction\",\"target\":[\"https:\\\/\\\/deepinnerhealth.com\\\/de\\\/ueber-uns\\\/\"]}]},{\"@type\":\"BreadcrumbList\",\"@id\":\"https:\\\/\\\/deepinnerhealth.com\\\/de\\\/ueber-uns\\\/#breadcrumb\",\"itemListElement\":[{\"@type\":\"ListItem\",\"position\":1,\"name\":\"Home\",\"item\":\"https:\\\/\\\/deepinnerhealth.com\\\/de\\\/\"},{\"@type\":\"ListItem\",\"position\":2,\"name\":\"\u00dcber uns\"}]},{\"@type\":\"WebSite\",\"@id\":\"https:\\\/\\\/deepinnerhealth.com\\\/de\\\/#website\",\"url\":\"https:\\\/\\\/deepinnerhealth.com\\\/de\\\/\",\"name\":\"Deep Inner Health\",\"description\":\"Functional Medicine Practitioner\",\"potentialAction\":[{\"@type\":\"SearchAction\",\"target\":{\"@type\":\"EntryPoint\",\"urlTemplate\":\"https:\\\/\\\/deepinnerhealth.com\\\/de\\\/?s={search_term_string}\"},\"query-input\":{\"@type\":\"PropertyValueSpecification\",\"valueRequired\":true,\"valueName\":\"search_term_string\"}}],\"inLanguage\":\"de\"}]}<\/script>\n<!-- \/ Yoast SEO plugin. -->","yoast_head_json":{"title":"\u00dcber uns - Deep Inner Health","robots":{"index":"index","follow":"follow","max-snippet":"max-snippet:-1","max-image-preview":"max-image-preview:large","max-video-preview":"max-video-preview:-1"},"canonical":"https:\/\/deepinnerhealth.com\/de\/ueber-uns\/","og_locale":"de_DE","og_type":"article","og_title":"\u00dcber uns - Deep Inner Health","og_url":"https:\/\/deepinnerhealth.com\/de\/ueber-uns\/","og_site_name":"Deep Inner Health","article_modified_time":"2022-10-03T20:29:44+00:00","twitter_card":"summary_large_image","twitter_misc":{"Gesch\u00e4tzte Lesezeit":"15\u00a0Minuten"},"schema":{"@context":"https:\/\/schema.org","@graph":[{"@type":"WebPage","@id":"https:\/\/deepinnerhealth.com\/de\/ueber-uns\/","url":"https:\/\/deepinnerhealth.com\/de\/ueber-uns\/","name":"\u00dcber uns - Deep Inner Health","isPartOf":{"@id":"https:\/\/deepinnerhealth.com\/de\/#website"},"datePublished":"2022-08-16T04:02:13+00:00","dateModified":"2022-10-03T20:29:44+00:00","breadcrumb":{"@id":"https:\/\/deepinnerhealth.com\/de\/ueber-uns\/#breadcrumb"},"inLanguage":"de","potentialAction":[{"@type":"ReadAction","target":["https:\/\/deepinnerhealth.com\/de\/ueber-uns\/"]}]},{"@type":"BreadcrumbList","@id":"https:\/\/deepinnerhealth.com\/de\/ueber-uns\/#breadcrumb","itemListElement":[{"@type":"ListItem","position":1,"name":"Home","item":"https:\/\/deepinnerhealth.com\/de\/"},{"@type":"ListItem","position":2,"name":"\u00dcber uns"}]},{"@type":"WebSite","@id":"https:\/\/deepinnerhealth.com\/de\/#website","url":"https:\/\/deepinnerhealth.com\/de\/","name":"Deep Inner Health","description":"Functional Medicine Practitioner","potentialAction":[{"@type":"SearchAction","target":{"@type":"EntryPoint","urlTemplate":"https:\/\/deepinnerhealth.com\/de\/?s={search_term_string}"},"query-input":{"@type":"PropertyValueSpecification","valueRequired":true,"valueName":"search_term_string"}}],"inLanguage":"de"}]}},"_links":{"self":[{"href":"https:\/\/deepinnerhealth.com\/de\/wp-json\/wp\/v2\/pages\/2970","targetHints":{"allow":["GET"]}}],"collection":[{"href":"https:\/\/deepinnerhealth.com\/de\/wp-json\/wp\/v2\/pages"}],"about":[{"href":"https:\/\/deepinnerhealth.com\/de\/wp-json\/wp\/v2\/types\/page"}],"author":[{"embeddable":true,"href":"https:\/\/deepinnerhealth.com\/de\/wp-json\/wp\/v2\/users\/1"}],"replies":[{"embeddable":true,"href":"https:\/\/deepinnerhealth.com\/de\/wp-json\/wp\/v2\/comments?post=2970"}],"version-history":[{"count":2,"href":"https:\/\/deepinnerhealth.com\/de\/wp-json\/wp\/v2\/pages\/2970\/revisions"}],"predecessor-version":[{"id":2998,"href":"https:\/\/deepinnerhealth.com\/de\/wp-json\/wp\/v2\/pages\/2970\/revisions\/2998"}],"wp:attachment":[{"href":"https:\/\/deepinnerhealth.com\/de\/wp-json\/wp\/v2\/media?parent=2970"}],"curies":[{"name":"wp","href":"https:\/\/api.w.org\/{rel}","templated":true}]}}