{"id":3012,"date":"2022-08-16T14:02:55","date_gmt":"2022-08-16T04:02:55","guid":{"rendered":"https:\/\/deepinnerhealth.com\/testimonials\/"},"modified":"2022-10-13T09:30:21","modified_gmt":"2022-10-12T22:30:21","slug":"testimonials","status":"publish","type":"page","link":"https:\/\/deepinnerhealth.com\/de\/testimonials\/","title":{"rendered":"Testimonials"},"content":{"rendered":"<p><div class=\"fusion-fullwidth fullwidth-box fusion-builder-row-1 fusion-flex-container has-pattern-background has-mask-background nonhundred-percent-fullwidth non-hundred-percent-height-scrolling\" style=\"--awb-border-radius-top-left:0px;--awb-border-radius-top-right:0px;--awb-border-radius-bottom-right:0px;--awb-border-radius-bottom-left:0px;--awb-padding-top:5vw;--awb-flex-wrap:wrap;\" ><div class=\"fusion-builder-row fusion-row fusion-flex-align-items-stretch fusion-flex-content-wrap\" style=\"max-width:1365px;margin-left: calc(-5% \/ 2 );margin-right: calc(-5% \/ 2 );\"><div class=\"fusion-layout-column fusion_builder_column fusion-builder-column-0 fusion_builder_column_1_1 1_1 fusion-flex-column fusion-animated\" style=\"--awb-padding-right:4vw;--awb-padding-bottom:6vw;--awb-padding-left:4vw;--awb-padding-top-small:9vw;--awb-padding-right-small:4vw;--awb-padding-bottom-small:9vw;--awb-padding-left-small:4vw;--awb-overflow:hidden;--awb-bg-color:var(--awb-color1);--awb-bg-color-hover:var(--awb-color1);--awb-bg-size:cover;--awb-border-radius:6px 6px 6px 6px;--awb-width-large:100%;--awb-margin-top-large:0px;--awb-spacing-right-large:2.375%;--awb-margin-bottom-large:0px;--awb-spacing-left-large:2.375%;--awb-width-medium:50%;--awb-order-medium:0;--awb-spacing-right-medium:4.75%;--awb-spacing-left-medium:4.75%;--awb-width-small:100%;--awb-order-small:0;--awb-spacing-right-small:2.375%;--awb-margin-bottom-small:6vw;--awb-spacing-left-small:2.375%;\" data-animationType=\"fadeInUp\" data-animationDuration=\"1.0\" data-animationOffset=\"top-into-view\"><div class=\"fusion-column-wrapper fusion-column-has-shadow fusion-flex-justify-content-flex-start fusion-content-layout-column\"><div class=\"fusion-text fusion-text-1\"><h2>Testimonials<\/h2>\n<\/div><\/div><\/div><\/div><\/div><div class=\"fusion-fullwidth fullwidth-box fusion-builder-row-2 fusion-flex-container has-pattern-background has-mask-background nonhundred-percent-fullwidth non-hundred-percent-height-scrolling\" style=\"--awb-border-radius-top-left:0px;--awb-border-radius-top-right:0px;--awb-border-radius-bottom-right:0px;--awb-border-radius-bottom-left:0px;--awb-padding-bottom:5vw;--awb-flex-wrap:wrap;\" ><div class=\"fusion-builder-row fusion-row fusion-flex-align-items-stretch fusion-flex-content-wrap\" style=\"max-width:1365px;margin-left: calc(-5% \/ 2 );margin-right: calc(-5% \/ 2 );\"><div class=\"fusion-layout-column fusion_builder_column fusion-builder-column-1 fusion_builder_column_1_2 1_2 fusion-flex-column\" style=\"--awb-bg-size:cover;--awb-width-large:50%;--awb-margin-top-large:0px;--awb-spacing-right-large:4.75%;--awb-margin-bottom-large:20px;--awb-spacing-left-large:4.75%;--awb-width-medium:50%;--awb-order-medium:0;--awb-spacing-right-medium:4.75%;--awb-spacing-left-medium:4.75%;--awb-width-small:100%;--awb-order-small:0;--awb-spacing-right-small:2.375%;--awb-spacing-left-small:2.375%;\"><div class=\"fusion-column-wrapper fusion-column-has-shadow fusion-flex-justify-content-flex-start fusion-content-layout-column\"><div class=\"fusion-testimonials classic awb-speech-bubble-show fusion-testimonials-1\" style=\"--awb-textcolor:var(--awb-color8);--awb-backgroundcolor:var(--awb-color2);--awb-testimonial-border-style:solid;--awb-testimonial-border-color:var(--awb-color3);--awb-border-top-left-radius:0px;--awb-border-top-right-radius:0px;--awb-border-bottom-left-radius:0px;--awb-border-bottom-right-radius:0px;--testimonial-border-width-top:0px;--testimonial-border-width-right:0px;--testimonial-border-width-bottom:0px;--testimonial-border-width-left:0px;\" data-random=\"0\" data-speed=\"4000\"><div class=\"reviews\"><div class=\"review active-testimonial female\"><blockquote><div class=\"awb-quote\"><div class=\"awb-quote-content\">\n<p>Von 2007 bis 2016 hatte ich mit st\u00e4ndig tr\u00e4nenden Augen zu k\u00e4mpfen. Ich wischte mir das Gesicht ab; meine Augen waren die ganze Zeit geschwollen und rot. Dies beeintr\u00e4chtigte nicht nur mein Selbstvertrauen, sondern 2015\/16 auch mein Immunsystem, was zu Husten und Erk\u00e4ltungen f\u00fchrte, die sich nur schwer auskurieren lie\u00dfen.<\/p>\n<p>W\u00e4hrend dieser Zeit war ich bei Augen\u00e4rzten und \u00c4rzten (vielen \u00c4rzten). Aber niemand konnte mir helfen, die Ursache zu finden.<\/p>\n<p>Schlie\u00dflich wurde bei einem Besuch bei einem (sehr empfehlenswerten) Naturheilkundler in Brisbane festgestellt, dass mein Problem eine Salicylat-Intoleranz ist. Ich machte eine salicylatarme Di\u00e4t, die sofort dazu f\u00fchrte, dass die Reaktion von tr\u00e4nenden, geschwollenen Augen auf Kopfschmerzen und Migr\u00e4ne \u00fcberging. Selbst niedrige Salicylate verursachten jetzt starke Migr\u00e4neschmerzen, und meine Ern\u00e4hrung wurde sehr restriktiv.<\/p>\n<p>Im Dezember 2021 schlug mir ein Freund vor, Dr. Ulla Gerich-McGregor zu kontaktieren.<\/p>\n<p>Schon bei meiner ersten Konsultation war Dr. Ulla Gerich-McGregor zuversichtlich, dass wir die Ursache dieser Salicylat-Intoleranz finden und meine Gesundheit mit Hilfe der Funktionellen Medizin wieder auf Kurs bringen k\u00f6nnten.<\/p>\n<p>Dr. Gerich-McGregor hat das getan!<\/p>\n<p>Unter der Leitung von Dr. Gerich-McGregor habe ich einen Bluttest auf IgG-Lebensmittelunvertr\u00e4glichkeiten und einen DAO-Test durchf\u00fchren lassen.<\/p>\n<p>Danach habe ich eine 8-w\u00f6chige Eliminationsdi\u00e4t gemacht und gleichzeitig nat\u00fcrliche Nahrungserg\u00e4nzungsmittel eingenommen, um die Heilung und die Ern\u00e4hrung zu unterst\u00fctzen.<\/p>\n<p>Infolge der Eliminationsdi\u00e4t musste ich Milchprodukte aus meiner Ern\u00e4hrung streichen (kein Problem, da es viele Alternativen gibt) und habe die Salicylate langsam wieder eingef\u00fchrt. Keine Migr\u00e4ne oder Kopfschmerzen mehr!<\/p>\n<p>Ich f\u00fchle mich so viel besser!<\/p>\n<p>Der Ansatz der Funktionellen Medizin von Dr. Ulla Gerich-McGregor hat mein Leben einfach umgekrempelt!<\/p>\n<p>Ich danke Ihnen vielmals.<\/p>\n<\/div><\/div><span class=\"awb-triangle\"><\/span><\/blockquote><div class=\"author\"><span class=\"testimonial-thumbnail doe\"><\/span><span class=\"company-name\"><strong>Denise Bentley<\/strong><\/span><\/div><\/div><\/div><\/div><\/div><\/div><div class=\"fusion-layout-column fusion_builder_column fusion-builder-column-2 fusion_builder_column_1_2 1_2 fusion-flex-column\" style=\"--awb-bg-size:cover;--awb-width-large:50%;--awb-margin-top-large:0px;--awb-spacing-right-large:4.75%;--awb-margin-bottom-large:20px;--awb-spacing-left-large:4.75%;--awb-width-medium:50%;--awb-order-medium:0;--awb-spacing-right-medium:4.75%;--awb-spacing-left-medium:4.75%;--awb-width-small:100%;--awb-order-small:0;--awb-spacing-right-small:2.375%;--awb-spacing-left-small:2.375%;\"><div class=\"fusion-column-wrapper fusion-column-has-shadow fusion-flex-justify-content-flex-start fusion-content-layout-column\"><div class=\"fusion-testimonials classic awb-speech-bubble-show fusion-testimonials-2\" style=\"--awb-textcolor:var(--awb-color8);--awb-backgroundcolor:var(--awb-color2);--awb-testimonial-border-style:solid;--awb-testimonial-border-color:var(--awb-color3);--awb-border-top-left-radius:0px;--awb-border-top-right-radius:0px;--awb-border-bottom-left-radius:0px;--awb-border-bottom-right-radius:0px;--testimonial-border-width-top:0px;--testimonial-border-width-right:0px;--testimonial-border-width-bottom:0px;--testimonial-border-width-left:0px;\" data-random=\"0\" data-speed=\"4000\"><div class=\"reviews\"><div class=\"review active-testimonial female\"><blockquote><div class=\"awb-quote\"><div class=\"awb-quote-content\">\n<p>Der Besuch einer Functional Medicine-Konsultation bei Dr. Ulla Gerich-McGregor war eine der besten Entscheidungen f\u00fcr meine Gesundheit. Ich leide seit meiner Kindheit bis ins Erwachsenenalter an einer chronischen Hauterkrankung, der Psoriasis.<\/p>\n<p>In den letzten 5 Jahren erlitt ich einen schweren R\u00fcckfall der Krankheit. Kein schulmedizinischer Arzt konnte mir helfen, denn alle Cremes und Salben halfen nicht, den Juckreiz, die Hautentz\u00fcndung und die schlaflosen N\u00e4chte zu lindern.<\/p>\n<p>Mit Hilfe der funktionellen Medizin konnte ich die verschiedenen Nahrungsmittelallergene, gegen die ich intolerant war, identifizieren und mit nat\u00fcrlichen Nahrungserg\u00e4nzungsmitteln und Di\u00e4ten die Entz\u00fcndungen in meinem Darm und meiner Haut lindern.<\/p>\n<p>Ich leide immer noch unter der Krankheit, aber sie ist so weit abgeklungen, dass ich nachts gut schlafen kann und nur noch eine sehr leichte Entz\u00fcndung der Haut vorhanden ist.<\/p>\n<p>Ich w\u00fcrde diese Form der Medizin auf jeden Fall jedem empfehlen, der an Krankheiten leidet, die von der Schulmedizin nicht erfolgreich behandelt werden konnten.<\/p>\n<\/div><\/div><span class=\"awb-triangle\"><\/span><\/blockquote><div class=\"author\"><span class=\"testimonial-thumbnail doe\"><\/span><span class=\"company-name\"><strong>Patricia T<\/strong><\/span><\/div><\/div><\/div><\/div><\/div><\/div><div class=\"fusion-layout-column fusion_builder_column fusion-builder-column-3 fusion_builder_column_1_2 1_2 fusion-flex-column\" style=\"--awb-bg-size:cover;--awb-width-large:50%;--awb-margin-top-large:0px;--awb-spacing-right-large:4.75%;--awb-margin-bottom-large:20px;--awb-spacing-left-large:4.75%;--awb-width-medium:50%;--awb-order-medium:0;--awb-spacing-right-medium:4.75%;--awb-spacing-left-medium:4.75%;--awb-width-small:100%;--awb-order-small:0;--awb-spacing-right-small:2.375%;--awb-spacing-left-small:2.375%;\"><div class=\"fusion-column-wrapper fusion-column-has-shadow fusion-flex-justify-content-flex-start fusion-content-layout-column\"><div class=\"fusion-separator fusion-full-width-sep\" style=\"align-self: center;margin-left: auto;margin-right: auto;margin-top:35px;width:100%;\"><\/div><div class=\"fusion-testimonials classic awb-speech-bubble-show fusion-testimonials-3\" style=\"--awb-textcolor:var(--awb-color8);--awb-backgroundcolor:var(--awb-color2);--awb-testimonial-border-style:solid;--awb-testimonial-border-color:var(--awb-color3);--awb-border-top-left-radius:0px;--awb-border-top-right-radius:0px;--awb-border-bottom-left-radius:0px;--awb-border-bottom-right-radius:0px;--testimonial-border-width-top:0px;--testimonial-border-width-right:0px;--testimonial-border-width-bottom:0px;--testimonial-border-width-left:0px;\" data-random=\"0\" data-speed=\"4000\"><div class=\"reviews\"><div class=\"review active-testimonial female\"><blockquote><div class=\"awb-quote\"><div class=\"awb-quote-content\">\n<p>Als ich Dr. Ulla aufsuchte, war ich untergewichtig, litt unter Darmproblemen, Schlaflosigkeit, Energiemangel, schlechter mentaler Gesundheit, Entz\u00fcndungen und einer Reihe von nicht erkennbaren Autoimmunproblemen. Ich war k\u00f6rperlich und finanziell ersch\u00f6pft und hatte keine Hoffnung mehr auf L\u00f6sungen. Dr. Ulla war unglaublich gr\u00fcndlich, intelligent und ganzheitlich in ihren Beurteilungen, Schlussfolgerungen und dem verordneten Gesundheitsplan.<\/p>\n<p>Innerhalb eines Monats hatte ich ein gesundes Gewicht zugelegt, schlief tief, hatte erheblich mehr Energie und f\u00fchlte mich gl\u00fccklicher und fr\u00f6hlicher, und von dieser Basis gr\u00f6\u00dferer Widerstandsf\u00e4higkeit aus ging es von St\u00e4rke zu St\u00e4rke. Vielen Dank, Frau Dr. Ulla, ich f\u00fchlte mich von Ihnen gesehen und angeh\u00f6rt.<\/p>\n<p>Ihr Ansatz ist wissenschaftlich fundiert und dennoch ganzheitlich und vernetzt. Ich habe aufgeh\u00f6rt, eine Vielzahl von anderen \u00c4rzten aufzusuchen, da Sie meine vielen Bed\u00fcrfnisse in Ihre Praxis integriert haben. Ich bin so dankbar daf\u00fcr, wie Sie meine t\u00e4glichen Erfahrungen ver\u00e4ndert haben.<\/p>\n<p>Nochmals vielen Dank!<\/p>\n<\/div><\/div><span class=\"awb-triangle\"><\/span><\/blockquote><div class=\"author\"><span class=\"testimonial-thumbnail doe\"><\/span><span class=\"company-name\"><strong>Carly Sare - Gadigal Land<\/strong><\/span><\/div><\/div><\/div><\/div><\/div><\/div><div class=\"fusion-layout-column fusion_builder_column fusion-builder-column-4 fusion_builder_column_1_2 1_2 fusion-flex-column\" style=\"--awb-bg-size:cover;--awb-width-large:50%;--awb-margin-top-large:0px;--awb-spacing-right-large:4.75%;--awb-margin-bottom-large:20px;--awb-spacing-left-large:4.75%;--awb-width-medium:50%;--awb-order-medium:0;--awb-spacing-right-medium:4.75%;--awb-spacing-left-medium:4.75%;--awb-width-small:100%;--awb-order-small:0;--awb-spacing-right-small:2.375%;--awb-spacing-left-small:2.375%;\"><div class=\"fusion-column-wrapper fusion-column-has-shadow fusion-flex-justify-content-flex-start fusion-content-layout-column\"><div class=\"fusion-separator fusion-full-width-sep\" style=\"align-self: center;margin-left: auto;margin-right: auto;margin-top:35px;width:100%;\"><\/div><\/div><\/div><\/div><\/div><div class=\"fusion-fullwidth fullwidth-box fusion-builder-row-3 fusion-flex-container nonhundred-percent-fullwidth non-hundred-percent-height-scrolling fusion-animated\" style=\"--awb-border-color:var(--awb-color4);--awb-border-radius-top-left:0px;--awb-border-radius-top-right:0px;--awb-border-radius-bottom-right:0px;--awb-border-radius-bottom-left:0px;--awb-padding-top:0px;--awb-padding-bottom:7vw;--awb-margin-bottom:0px;--awb-flex-wrap:wrap;\" data-animationType=\"fadeInUp\" data-animationDuration=\"1.0\" data-animationOffset=\"top-into-view\" ><div class=\"fusion-builder-row fusion-row fusion-flex-align-items-stretch fusion-flex-content-wrap\" style=\"max-width:1365px;margin-left: calc(-5% \/ 2 );margin-right: calc(-5% \/ 2 );\"><div class=\"fusion-layout-column fusion_builder_column fusion-builder-column-5 fusion_builder_column_2_5 2_5 fusion-flex-column\" style=\"--awb-overflow:hidden;--awb-bg-position:center center;--awb-bg-size:cover;--awb-border-radius:6px 0px 0px 6px;--awb-width-large:40%;--awb-margin-top-large:0px;--awb-spacing-right-large:0px;--awb-margin-bottom-large:0px;--awb-spacing-left-large:5.9375%;--awb-width-medium:40%;--awb-order-medium:0;--awb-spacing-right-medium:0px;--awb-spacing-left-medium:5.9375%;--awb-width-small:16.666666666667%;--awb-order-small:0;--awb-spacing-right-small:0px;--awb-margin-bottom-small:6vw;--awb-spacing-left-small:14.25%;\"><div class=\"fusion-column-wrapper lazyload fusion-column-has-shadow fusion-flex-justify-content-flex-start fusion-content-layout-column fusion-empty-column-bg-image fusion-column-has-bg-image\" data-bg-url=\"https:\/\/deepinnerhealth.com\/wp-content\/uploads\/2022\/07\/deep-inner-health-functional-medicine.jpg\" data-bg=\"https:\/\/deepinnerhealth.com\/wp-content\/uploads\/2022\/07\/deep-inner-health-functional-medicine.jpg\"><img decoding=\"async\" class=\"fusion-empty-dims-img-placeholder fusion-no-large-visibility fusion-no-medium-visibility\" aria-label=\"deep-inner-health-functional-medicine\" src=\"data:image\/svg+xml,%3Csvg%20xmlns%3D%27http%3A%2F%2Fwww.w3.org%2F2000%2Fsvg%27%20width%3D%27700%27%20height%3D%27487%27%20viewBox%3D%270%200%20700%20487%27%3E%3Crect%20width%3D%27700%27%20height%3D%27487%27%20fill-opacity%3D%220%22%2F%3E%3C%2Fsvg%3E\"><\/div><\/div><div class=\"fusion-layout-column fusion_builder_column fusion-builder-column-6 fusion_builder_column_3_5 3_5 fusion-flex-column\" style=\"--awb-padding-top:10vh;--awb-padding-right:6vw;--awb-padding-bottom:10vh;--awb-padding-left:6vw;--awb-padding-top-medium:8vw;--awb-padding-bottom-medium:8vw;--awb-padding-top-small:7vh;--awb-padding-right-small:7vw;--awb-padding-bottom-small:7vh;--awb-padding-left-small:7vw;--awb-overflow:hidden;--awb-bg-color:var(--awb-color4);--awb-bg-color-hover:var(--awb-color4);--awb-bg-size:cover;--awb-border-radius:0px 6px 6px 0px;--awb-width-large:60%;--awb-margin-top-large:0px;--awb-spacing-right-large:3.9583333333333%;--awb-margin-bottom-large:0px;--awb-spacing-left-large:0px;--awb-width-medium:60%;--awb-order-medium:0;--awb-spacing-right-medium:3.9583333333333%;--awb-spacing-left-medium:0px;--awb-width-small:83.333333333333%;--awb-order-small:0;--awb-spacing-right-small:2.85%;--awb-margin-bottom-small:6vw;--awb-spacing-left-small:0px;\"><div class=\"fusion-column-wrapper fusion-column-has-shadow fusion-flex-justify-content-flex-start fusion-content-layout-column\"><div class=\"fusion-title title fusion-title-1 fusion-sep-none fusion-title-text fusion-title-size-two\" style=\"--awb-text-color:var(--awb-color1);--awb-margin-bottom:20px;\"><h2 class=\"fusion-title-heading title-heading-left\" style=\"margin:0;\">Funktionelle Medizin<\/h2><\/div><div class=\"fusion-text fusion-text-2\" style=\"--awb-content-alignment:left;--awb-font-size:17px;--awb-line-height:1.9;--awb-text-color:var(--awb-color1);\"><p>Wir k\u00f6nnen Ihnen helfen, mit Hilfe der Funktionellen Medizin ein Gleichgewicht von Gesundheit und Wohlbefinden zu erreichen.<\/p>\n<\/div><div style=\"text-align:left;\"><a class=\"fusion-button button-flat button-xlarge button-default fusion-button-default button-1 fusion-button-default-span fusion-button-default-type\" style=\"--button_margin-top:20px;\" target=\"_self\" href=\"https:\/\/deepinnerhealth.com\/de\/kontakt\/\"><span class=\"fusion-button-text\">Kontaktieren Sie uns heute<\/span><\/a><\/div><\/div><\/div><\/div><\/div><\/p>\n","protected":false},"excerpt":{"rendered":"","protected":false},"author":1,"featured_media":0,"parent":0,"menu_order":0,"comment_status":"closed","ping_status":"closed","template":"100-width.php","meta":{"content-type":"","footnotes":""},"class_list":["post-3012","page","type-page","status-publish","hentry"],"yoast_head":"<!-- This site is optimized with the Yoast SEO plugin v27.3 - https:\/\/yoast.com\/product\/yoast-seo-wordpress\/ -->\n<title>Testimonials - Deep Inner Health<\/title>\n<meta name=\"description\" content=\"Testimonials | Deep Inner Health | Finden Sie heraus, was die Leute \u00fcber Deep Inner Health sagen\" \/>\n<meta name=\"robots\" content=\"index, follow, max-snippet:-1, max-image-preview:large, max-video-preview:-1\" \/>\n<link rel=\"canonical\" href=\"https:\/\/deepinnerhealth.com\/de\/testimonials\/\" \/>\n<meta property=\"og:locale\" content=\"de_DE\" \/>\n<meta property=\"og:type\" content=\"article\" \/>\n<meta property=\"og:title\" content=\"Testimonials - Deep Inner Health\" \/>\n<meta property=\"og:description\" content=\"Testimonials | Deep Inner Health | Finden Sie heraus, was die Leute \u00fcber Deep Inner Health sagen\" \/>\n<meta property=\"og:url\" content=\"https:\/\/deepinnerhealth.com\/de\/testimonials\/\" \/>\n<meta property=\"og:site_name\" content=\"Deep Inner Health\" \/>\n<meta property=\"article:modified_time\" content=\"2022-10-12T22:30:21+00:00\" \/>\n<meta name=\"twitter:card\" content=\"summary_large_image\" \/>\n<meta name=\"twitter:label1\" content=\"Gesch\u00e4tzte Lesezeit\" \/>\n\t<meta name=\"twitter:data1\" content=\"24\u00a0Minuten\" \/>\n<script type=\"application\/ld+json\" class=\"yoast-schema-graph\">{\"@context\":\"https:\\\/\\\/schema.org\",\"@graph\":[{\"@type\":\"WebPage\",\"@id\":\"https:\\\/\\\/deepinnerhealth.com\\\/de\\\/testimonials\\\/\",\"url\":\"https:\\\/\\\/deepinnerhealth.com\\\/de\\\/testimonials\\\/\",\"name\":\"Testimonials - Deep Inner Health\",\"isPartOf\":{\"@id\":\"https:\\\/\\\/deepinnerhealth.com\\\/de\\\/#website\"},\"datePublished\":\"2022-08-16T04:02:55+00:00\",\"dateModified\":\"2022-10-12T22:30:21+00:00\",\"description\":\"Testimonials | Deep Inner Health | Finden Sie heraus, was die Leute \u00fcber Deep Inner Health sagen\",\"breadcrumb\":{\"@id\":\"https:\\\/\\\/deepinnerhealth.com\\\/de\\\/testimonials\\\/#breadcrumb\"},\"inLanguage\":\"de\",\"potentialAction\":[{\"@type\":\"ReadAction\",\"target\":[\"https:\\\/\\\/deepinnerhealth.com\\\/de\\\/testimonials\\\/\"]}]},{\"@type\":\"BreadcrumbList\",\"@id\":\"https:\\\/\\\/deepinnerhealth.com\\\/de\\\/testimonials\\\/#breadcrumb\",\"itemListElement\":[{\"@type\":\"ListItem\",\"position\":1,\"name\":\"Home\",\"item\":\"https:\\\/\\\/deepinnerhealth.com\\\/de\\\/\"},{\"@type\":\"ListItem\",\"position\":2,\"name\":\"Testimonials\"}]},{\"@type\":\"WebSite\",\"@id\":\"https:\\\/\\\/deepinnerhealth.com\\\/de\\\/#website\",\"url\":\"https:\\\/\\\/deepinnerhealth.com\\\/de\\\/\",\"name\":\"Deep Inner Health\",\"description\":\"Functional Medicine Practitioner\",\"potentialAction\":[{\"@type\":\"SearchAction\",\"target\":{\"@type\":\"EntryPoint\",\"urlTemplate\":\"https:\\\/\\\/deepinnerhealth.com\\\/de\\\/?s={search_term_string}\"},\"query-input\":{\"@type\":\"PropertyValueSpecification\",\"valueRequired\":true,\"valueName\":\"search_term_string\"}}],\"inLanguage\":\"de\"}]}<\/script>\n<!-- \/ Yoast SEO plugin. -->","yoast_head_json":{"title":"Testimonials - Deep Inner Health","description":"Testimonials | Deep Inner Health | Finden Sie heraus, was die Leute \u00fcber Deep Inner Health sagen","robots":{"index":"index","follow":"follow","max-snippet":"max-snippet:-1","max-image-preview":"max-image-preview:large","max-video-preview":"max-video-preview:-1"},"canonical":"https:\/\/deepinnerhealth.com\/de\/testimonials\/","og_locale":"de_DE","og_type":"article","og_title":"Testimonials - Deep Inner Health","og_description":"Testimonials | Deep Inner Health | Finden Sie heraus, was die Leute \u00fcber Deep Inner Health sagen","og_url":"https:\/\/deepinnerhealth.com\/de\/testimonials\/","og_site_name":"Deep Inner Health","article_modified_time":"2022-10-12T22:30:21+00:00","twitter_card":"summary_large_image","twitter_misc":{"Gesch\u00e4tzte Lesezeit":"24\u00a0Minuten"},"schema":{"@context":"https:\/\/schema.org","@graph":[{"@type":"WebPage","@id":"https:\/\/deepinnerhealth.com\/de\/testimonials\/","url":"https:\/\/deepinnerhealth.com\/de\/testimonials\/","name":"Testimonials - Deep Inner Health","isPartOf":{"@id":"https:\/\/deepinnerhealth.com\/de\/#website"},"datePublished":"2022-08-16T04:02:55+00:00","dateModified":"2022-10-12T22:30:21+00:00","description":"Testimonials | Deep Inner Health | Finden Sie heraus, was die Leute \u00fcber Deep Inner Health sagen","breadcrumb":{"@id":"https:\/\/deepinnerhealth.com\/de\/testimonials\/#breadcrumb"},"inLanguage":"de","potentialAction":[{"@type":"ReadAction","target":["https:\/\/deepinnerhealth.com\/de\/testimonials\/"]}]},{"@type":"BreadcrumbList","@id":"https:\/\/deepinnerhealth.com\/de\/testimonials\/#breadcrumb","itemListElement":[{"@type":"ListItem","position":1,"name":"Home","item":"https:\/\/deepinnerhealth.com\/de\/"},{"@type":"ListItem","position":2,"name":"Testimonials"}]},{"@type":"WebSite","@id":"https:\/\/deepinnerhealth.com\/de\/#website","url":"https:\/\/deepinnerhealth.com\/de\/","name":"Deep Inner Health","description":"Functional Medicine Practitioner","potentialAction":[{"@type":"SearchAction","target":{"@type":"EntryPoint","urlTemplate":"https:\/\/deepinnerhealth.com\/de\/?s={search_term_string}"},"query-input":{"@type":"PropertyValueSpecification","valueRequired":true,"valueName":"search_term_string"}}],"inLanguage":"de"}]}},"_links":{"self":[{"href":"https:\/\/deepinnerhealth.com\/de\/wp-json\/wp\/v2\/pages\/3012","targetHints":{"allow":["GET"]}}],"collection":[{"href":"https:\/\/deepinnerhealth.com\/de\/wp-json\/wp\/v2\/pages"}],"about":[{"href":"https:\/\/deepinnerhealth.com\/de\/wp-json\/wp\/v2\/types\/page"}],"author":[{"embeddable":true,"href":"https:\/\/deepinnerhealth.com\/de\/wp-json\/wp\/v2\/users\/1"}],"replies":[{"embeddable":true,"href":"https:\/\/deepinnerhealth.com\/de\/wp-json\/wp\/v2\/comments?post=3012"}],"version-history":[{"count":9,"href":"https:\/\/deepinnerhealth.com\/de\/wp-json\/wp\/v2\/pages\/3012\/revisions"}],"predecessor-version":[{"id":4362,"href":"https:\/\/deepinnerhealth.com\/de\/wp-json\/wp\/v2\/pages\/3012\/revisions\/4362"}],"wp:attachment":[{"href":"https:\/\/deepinnerhealth.com\/de\/wp-json\/wp\/v2\/media?parent=3012"}],"curies":[{"name":"wp","href":"https:\/\/api.w.org\/{rel}","templated":true}]}}