{"id":3078,"date":"2022-08-17T08:33:43","date_gmt":"2022-08-16T22:33:43","guid":{"rendered":"https:\/\/deepinnerhealth.com\/konsultation\/"},"modified":"2022-10-04T07:29:36","modified_gmt":"2022-10-03T20:29:36","slug":"konsultation","status":"publish","type":"page","link":"https:\/\/deepinnerhealth.com\/de\/konsultation\/","title":{"rendered":"Konsultation"},"content":{"rendered":"<p><div class=\"fusion-fullwidth fullwidth-box fusion-builder-row-1 fusion-flex-container has-pattern-background has-mask-background nonhundred-percent-fullwidth non-hundred-percent-height-scrolling\" style=\"--awb-border-radius-top-left:0px;--awb-border-radius-top-right:0px;--awb-border-radius-bottom-right:0px;--awb-border-radius-bottom-left:0px;--awb-padding-top:5vw;--awb-flex-wrap:wrap;\" ><div class=\"fusion-builder-row fusion-row fusion-flex-align-items-stretch fusion-flex-content-wrap\" style=\"max-width:1365px;margin-left: calc(-5% \/ 2 );margin-right: calc(-5% \/ 2 );\"><div class=\"fusion-layout-column fusion_builder_column fusion-builder-column-0 fusion_builder_column_1_2 1_2 fusion-flex-column fusion-animated\" style=\"--awb-padding-right:4vw;--awb-padding-bottom:6vw;--awb-padding-left:4vw;--awb-padding-top-small:9vw;--awb-padding-right-small:4vw;--awb-padding-bottom-small:9vw;--awb-padding-left-small:4vw;--awb-overflow:hidden;--awb-bg-color:var(--awb-color1);--awb-bg-color-hover:var(--awb-color1);--awb-bg-size:cover;--awb-border-radius:6px 6px 6px 6px;--awb-width-large:50%;--awb-margin-top-large:0px;--awb-spacing-right-large:4.75%;--awb-margin-bottom-large:0px;--awb-spacing-left-large:4.75%;--awb-width-medium:50%;--awb-order-medium:0;--awb-spacing-right-medium:4.75%;--awb-spacing-left-medium:4.75%;--awb-width-small:100%;--awb-order-small:0;--awb-spacing-right-small:2.375%;--awb-margin-bottom-small:6vw;--awb-spacing-left-small:2.375%;\" data-animationType=\"fadeInUp\" data-animationDuration=\"1.0\" data-animationOffset=\"top-into-view\"><div class=\"fusion-column-wrapper fusion-column-has-shadow fusion-flex-justify-content-flex-start fusion-content-layout-column\"><div class=\"fusion-text fusion-text-1\" style=\"--awb-font-size:16px;--awb-line-height:1.9;--awb-text-color:var(--awb-color8);\"><h2>Konsultation buchen<\/h2>\n<p><strong>Wie funktioniert das?<\/strong><\/p>\n<ol>\n<li>Wir beginnen mit einem kostenlosen und unverbindlichen 10-min\u00fctigen Beratungsgespr\u00e4ch oder einem E-Mail-Austausch, um Ihre Erwartungen und meine F\u00e4higkeit, Ihnen zu helfen und Ihre Erwartungen zu erf\u00fcllen, zu ermitteln.<\/li>\n<li>Wenn Sie sich f\u00fcr den n\u00e4chsten Schritt entscheiden, sende ich Ihnen einen detaillierten Fragebogen zu, den Sie \u00fcber einen Zeitraum von zwei Wochen ausf\u00fcllen, einschlie\u00dflich eines siebent\u00e4gigen Ern\u00e4hrungstagebuchs.<\/li>\n<li>Sie werden gebeten, Informationen \u00fcber fr\u00fchere pathologische Testergebnisse, Bildgebungsberichte, fr\u00fchere Behandlungsversuche und Fachberichte, die Ihnen vorliegen, vorzulegen. Je mehr Informationen ich vor dem Beratungsgespr\u00e4ch habe, desto besser kann ich Ihnen helfen.<\/li>\n<li>Es wird etwa 60 Minuten dauern, bis ich den Fragebogen und die bereitgestellten Informationen durchgesehen habe, um Ihren ersten Behandlungsplan zu erstellen, den wir in einem 90-min\u00fctigen Termin online \u00fcber Zoom oder eine andere Telemedizin-Plattform besprechen werden. Dies kann weitere Tests beinhalten. Je nachdem, in welchem Land Sie leben, werde ich Sie beraten, wo Sie die Tests durchf\u00fchren lassen k\u00f6nnen. Einige davon k\u00f6nnen \u00fcber Ihren Hausarzt abgewickelt werden.<\/li>\n<li>Je nach Komplexit\u00e4t Ihrer Probleme organisieren wir einen Online-Folgetermin gem\u00e4\u00df dem ersten Behandlungsplan. Dies kann zwischen zwei und 10 Wochen sp\u00e4ter sein.<\/li>\n<li>Das Ziel der Behandlungspl\u00e4ne der Funktionellen Medizin ist es, die Ursache Ihres Problems zu finden, Sie aufzukl\u00e4ren und einen individuellen Behandlungsplan mit Ihnen &#8211; nicht f\u00fcr Sie &#8211; zu entwickeln. Durch diesen Ansatz lernen Sie, Verantwortung f\u00fcr Ihre eigene Gesundheit und Ihren Lebensweg zu \u00fcbernehmen, und Sie werden in der Lage sein, selbstst\u00e4ndig damit umzugehen. Meine Aufgabe ist es, Sie dabei zu unterst\u00fctzen, Ihren individuellen Weg zu Heilung, Gesundheit und Wohlbefinden zu finden.<\/li>\n<\/ol>\n<p><strong>Was kostet das?<\/strong><\/p>\n<p>Ein Kostenvoranschlag wird Ihnen nach Schritt 1 per E-Mail zugesandt. Bitte beachten Sie, dass es sich hierbei um einen Kostenvoranschlag handelt und sich die endg\u00fcltigen Kosten nach dem tats\u00e4chlichen Zeitaufwand richten. Bitte sprechen Sie mit uns \u00fcber die Zahlungsm\u00f6glichkeiten.<\/p>\n<\/div><div ><a class=\"fusion-button button-flat button-xlarge button-default fusion-button-default button-1 fusion-button-default-span fusion-button-default-type\" target=\"_blank\" rel=\"noopener noreferrer\" href=\"https:\/\/deepinnerhealth.com\/de\/?page_id=2719\"><span class=\"fusion-button-text\">Buchen Sie hier Ihre kostenlose Erstberatung<\/span><\/a><\/div><\/div><\/div><div class=\"fusion-layout-column fusion_builder_column fusion-builder-column-1 fusion_builder_column_1_2 1_2 fusion-flex-column\" style=\"--awb-bg-size:cover;--awb-width-large:50%;--awb-margin-top-large:0px;--awb-spacing-right-large:4.75%;--awb-margin-bottom-large:20px;--awb-spacing-left-large:4.75%;--awb-width-medium:50%;--awb-order-medium:0;--awb-spacing-right-medium:4.75%;--awb-spacing-left-medium:4.75%;--awb-width-small:100%;--awb-order-small:0;--awb-spacing-right-small:2.375%;--awb-spacing-left-small:2.375%;\"><div class=\"fusion-column-wrapper fusion-column-has-shadow fusion-flex-justify-content-flex-start fusion-content-layout-column\"><div class=\"fusion-image-element \" style=\"--awb-caption-title-font-family:var(--h2_typography-font-family);--awb-caption-title-font-weight:var(--h2_typography-font-weight);--awb-caption-title-font-style:var(--h2_typography-font-style);--awb-caption-title-size:var(--h2_typography-font-size);--awb-caption-title-transform:var(--h2_typography-text-transform);--awb-caption-title-line-height:var(--h2_typography-line-height);--awb-caption-title-letter-spacing:var(--h2_typography-letter-spacing);\"><span class=\" fusion-imageframe imageframe-none imageframe-1 hover-type-none\" style=\"border-radius:10px;\"><img decoding=\"async\" width=\"600\" height=\"490\" title=\"deep-inner-health-cta-6\" src=\"https:\/\/deepinnerhealth.com\/wp-content\/uploads\/2022\/08\/deep-inner-health-cta-6.jpg\" data-orig-src=\"https:\/\/deepinnerhealth.com\/wp-content\/uploads\/2022\/08\/deep-inner-health-cta-6.jpg\" alt class=\"lazyload img-responsive wp-image-2631\" srcset=\"data:image\/svg+xml,%3Csvg%20xmlns%3D%27http%3A%2F%2Fwww.w3.org%2F2000%2Fsvg%27%20width%3D%27600%27%20height%3D%27490%27%20viewBox%3D%270%200%20600%20490%27%3E%3Crect%20width%3D%27600%27%20height%3D%27490%27%20fill-opacity%3D%220%22%2F%3E%3C%2Fsvg%3E\" data-srcset=\"https:\/\/deepinnerhealth.com\/wp-content\/uploads\/2022\/08\/deep-inner-health-cta-6-200x163.jpg 200w, https:\/\/deepinnerhealth.com\/wp-content\/uploads\/2022\/08\/deep-inner-health-cta-6-400x327.jpg 400w, https:\/\/deepinnerhealth.com\/wp-content\/uploads\/2022\/08\/deep-inner-health-cta-6.jpg 600w\" data-sizes=\"auto\" data-orig-sizes=\"(max-width: 700px) 100vw, 600px\" \/><\/span><\/div><\/div><\/div><\/div><\/div><div class=\"fusion-fullwidth fullwidth-box fusion-builder-row-2 fusion-flex-container has-pattern-background has-mask-background nonhundred-percent-fullwidth non-hundred-percent-height-scrolling\" style=\"--awb-border-radius-top-left:0px;--awb-border-radius-top-right:0px;--awb-border-radius-bottom-right:0px;--awb-border-radius-bottom-left:0px;--awb-flex-wrap:wrap;\" ><div class=\"fusion-builder-row fusion-row fusion-flex-align-items-stretch fusion-flex-content-wrap\" style=\"max-width:1365px;margin-left: calc(-5% \/ 2 );margin-right: calc(-5% \/ 2 );\"><div class=\"fusion-layout-column fusion_builder_column fusion-builder-column-2 fusion_builder_column_1_1 1_1 fusion-flex-column fusion-animated\" style=\"--awb-padding-right:4vw;--awb-padding-bottom:6vw;--awb-padding-left:4vw;--awb-padding-top-small:9vw;--awb-padding-right-small:4vw;--awb-padding-bottom-small:9vw;--awb-padding-left-small:4vw;--awb-overflow:hidden;--awb-bg-color:var(--awb-color1);--awb-bg-color-hover:var(--awb-color1);--awb-bg-size:cover;--awb-border-radius:6px 6px 6px 6px;--awb-width-large:100%;--awb-margin-top-large:0px;--awb-spacing-right-large:2.375%;--awb-margin-bottom-large:0px;--awb-spacing-left-large:2.375%;--awb-width-medium:50%;--awb-order-medium:0;--awb-spacing-right-medium:4.75%;--awb-spacing-left-medium:4.75%;--awb-width-small:100%;--awb-order-small:0;--awb-spacing-right-small:2.375%;--awb-margin-bottom-small:6vw;--awb-spacing-left-small:2.375%;\" data-animationType=\"fadeInUp\" data-animationDuration=\"1.0\" data-animationOffset=\"top-into-view\"><div class=\"fusion-column-wrapper fusion-column-has-shadow fusion-flex-justify-content-flex-start fusion-content-layout-column\"><div class=\"fusion-title title fusion-title-1 fusion-sep-none fusion-title-text fusion-title-size-two\" style=\"--awb-text-color:var(--awb-color6);--awb-margin-bottom:20px;\"><h2 class=\"fusion-title-heading title-heading-left\" style=\"margin:0;\">Online buchen<\/h2><\/div><div class=\"fusion-text fusion-text-2\" style=\"--awb-font-size:16px;--awb-line-height:1.9;--awb-text-color:var(--awb-color8);\"><p><script src=\"\/\/widget.simplybook.me\/v2\/widget\/widget.js\"><\/script><script>var widget = new SimplybookWidget({\"widget_type\":\"iframe\",\"url\":\"https:\\\/\\\/deepinnerhealth.simplybook.me\",\"theme\":\"dainty\",\"theme_settings\":{\"timeline_show_end_time\":\"1\",\"timeline_hide_unavailable\":\"1\",\"hide_past_days\":\"0\",\"sb_base_color\":\"#006543\",\"secondary_color\":\"#6390af\",\"sb_text_color\":\"#a1a1a1\",\"display_item_mode\":\"block\",\"body_bg_color\":\"#ffffff\",\"sb_background_image\":\"\",\"sb_review_image\":\"1\",\"sb_review_image_preview\":\"\\\/uploads\\\/deepinnerhealth\\\/image_files\\\/preview\\\/df9913d3a95c558d562f7716b96f1aec.jpg\",\"dark_font_color\":\"#293b36\",\"light_font_color\":\"#ffffff\",\"sb_company_label_color\":\"#ffffff\",\"sb_cancellation_color\":\"#e07e27\",\"hide_img_mode\":\"0\"},\"timeline\":\"modern\",\"datepicker\":\"top_calendar\",\"is_rtl\":false,\"app_config\":{\"allow_switch_to_ada\":0,\"predefined\":{\"provider\":\"1\",\"service\":\"1\"}>;<\/script><\/p>\n<\/div><\/div><\/div><\/div><\/div><div class=\"fusion-fullwidth fullwidth-box fusion-builder-row-3 fusion-flex-container nonhundred-percent-fullwidth non-hundred-percent-height-scrolling fusion-animated\" style=\"--awb-border-color:var(--awb-color4);--awb-border-radius-top-left:0px;--awb-border-radius-top-right:0px;--awb-border-radius-bottom-right:0px;--awb-border-radius-bottom-left:0px;--awb-padding-top:0px;--awb-padding-bottom:7vw;--awb-margin-bottom:0px;--awb-flex-wrap:wrap;\" data-animationType=\"fadeInUp\" data-animationDuration=\"1.0\" data-animationOffset=\"top-into-view\" ><div class=\"fusion-builder-row fusion-row fusion-flex-align-items-stretch fusion-flex-content-wrap\" style=\"max-width:1365px;margin-left: calc(-5% \/ 2 );margin-right: calc(-5% \/ 2 );\"><div class=\"fusion-layout-column fusion_builder_column fusion-builder-column-3 fusion_builder_column_2_5 2_5 fusion-flex-column\" style=\"--awb-overflow:hidden;--awb-bg-position:center center;--awb-bg-size:cover;--awb-border-radius:6px 0px 0px 6px;--awb-width-large:40%;--awb-margin-top-large:0px;--awb-spacing-right-large:0px;--awb-margin-bottom-large:0px;--awb-spacing-left-large:5.9375%;--awb-width-medium:40%;--awb-order-medium:0;--awb-spacing-right-medium:0px;--awb-spacing-left-medium:5.9375%;--awb-width-small:16.666666666667%;--awb-order-small:0;--awb-spacing-right-small:0px;--awb-margin-bottom-small:6vw;--awb-spacing-left-small:14.25%;\"><div class=\"fusion-column-wrapper lazyload fusion-column-has-shadow fusion-flex-justify-content-flex-start fusion-content-layout-column fusion-empty-column-bg-image fusion-column-has-bg-image\" data-bg-url=\"https:\/\/deepinnerhealth.com\/wp-content\/uploads\/2022\/07\/deep-inner-health-functional-medicine.jpg\" data-bg=\"https:\/\/deepinnerhealth.com\/wp-content\/uploads\/2022\/07\/deep-inner-health-functional-medicine.jpg\"><img decoding=\"async\" class=\"fusion-empty-dims-img-placeholder fusion-no-large-visibility fusion-no-medium-visibility\" aria-label=\"deep-inner-health-functional-medicine\" src=\"data:image\/svg+xml,%3Csvg%20xmlns%3D%27http%3A%2F%2Fwww.w3.org%2F2000%2Fsvg%27%20width%3D%27700%27%20height%3D%27487%27%20viewBox%3D%270%200%20700%20487%27%3E%3Crect%20width%3D%27700%27%20height%3D%27487%27%20fill-opacity%3D%220%22%2F%3E%3C%2Fsvg%3E\"><\/div><\/div><div class=\"fusion-layout-column fusion_builder_column fusion-builder-column-4 fusion_builder_column_3_5 3_5 fusion-flex-column\" style=\"--awb-padding-top:10vh;--awb-padding-right:6vw;--awb-padding-bottom:10vh;--awb-padding-left:6vw;--awb-padding-top-medium:8vw;--awb-padding-bottom-medium:8vw;--awb-padding-top-small:7vh;--awb-padding-right-small:7vw;--awb-padding-bottom-small:7vh;--awb-padding-left-small:7vw;--awb-overflow:hidden;--awb-bg-color:var(--awb-color4);--awb-bg-color-hover:var(--awb-color4);--awb-bg-size:cover;--awb-border-radius:0px 6px 6px 0px;--awb-width-large:60%;--awb-margin-top-large:0px;--awb-spacing-right-large:3.9583333333333%;--awb-margin-bottom-large:0px;--awb-spacing-left-large:0px;--awb-width-medium:60%;--awb-order-medium:0;--awb-spacing-right-medium:3.9583333333333%;--awb-spacing-left-medium:0px;--awb-width-small:83.333333333333%;--awb-order-small:0;--awb-spacing-right-small:2.85%;--awb-margin-bottom-small:6vw;--awb-spacing-left-small:0px;\"><div class=\"fusion-column-wrapper fusion-column-has-shadow fusion-flex-justify-content-flex-start fusion-content-layout-column\"><div class=\"fusion-title title fusion-title-2 fusion-sep-none fusion-title-text fusion-title-size-two\" style=\"--awb-text-color:var(--awb-color1);--awb-margin-bottom:20px;\"><h2 class=\"fusion-title-heading title-heading-left\" style=\"margin:0;\">Funktionelle Medizin<\/h2><\/div><div class=\"fusion-text fusion-text-3\" style=\"--awb-content-alignment:left;--awb-font-size:17px;--awb-line-height:1.9;--awb-text-color:var(--awb-color1);\"><p>Wir k\u00f6nnen Ihnen helfen, mit Hilfe der Funktionellen Medizin ein Gleichgewicht von Gesundheit und Wohlbefinden zu erreichen.<\/p>\n<\/div><div style=\"text-align:left;\"><a class=\"fusion-button button-flat button-xlarge button-default fusion-button-default button-2 fusion-button-default-span fusion-button-default-type\" style=\"--button_margin-top:20px;\" target=\"_self\" href=\"https:\/\/deepinnerhealth.com\/de\/?page_id=2719\"><span class=\"fusion-button-text\">Kontaktieren Sie uns heute<\/span><\/a><\/div><\/div><\/div><\/div><\/div><\/p>\n","protected":false},"excerpt":{"rendered":"","protected":false},"author":1,"featured_media":0,"parent":0,"menu_order":0,"comment_status":"closed","ping_status":"closed","template":"100-width.php","meta":{"content-type":"","footnotes":""},"class_list":["post-3078","page","type-page","status-publish","hentry"],"yoast_head":"<!-- This site is optimized with the Yoast SEO plugin v27.3 - https:\/\/yoast.com\/product\/yoast-seo-wordpress\/ -->\n<title>Konsultation - Deep Inner Health<\/title>\n<meta name=\"robots\" content=\"index, follow, max-snippet:-1, max-image-preview:large, max-video-preview:-1\" \/>\n<link rel=\"canonical\" href=\"https:\/\/deepinnerhealth.com\/de\/konsultation\/\" \/>\n<meta property=\"og:locale\" content=\"de_DE\" \/>\n<meta property=\"og:type\" content=\"article\" \/>\n<meta property=\"og:title\" content=\"Konsultation - Deep Inner Health\" \/>\n<meta property=\"og:url\" content=\"https:\/\/deepinnerhealth.com\/de\/konsultation\/\" \/>\n<meta property=\"og:site_name\" content=\"Deep Inner Health\" \/>\n<meta property=\"article:modified_time\" content=\"2022-10-03T20:29:36+00:00\" \/>\n<meta name=\"twitter:card\" content=\"summary_large_image\" \/>\n<meta name=\"twitter:label1\" content=\"Gesch\u00e4tzte Lesezeit\" \/>\n\t<meta name=\"twitter:data1\" content=\"22\u00a0Minuten\" \/>\n<script type=\"application\/ld+json\" class=\"yoast-schema-graph\">{\"@context\":\"https:\\\/\\\/schema.org\",\"@graph\":[{\"@type\":\"WebPage\",\"@id\":\"https:\\\/\\\/deepinnerhealth.com\\\/de\\\/konsultation\\\/\",\"url\":\"https:\\\/\\\/deepinnerhealth.com\\\/de\\\/konsultation\\\/\",\"name\":\"Konsultation - Deep Inner Health\",\"isPartOf\":{\"@id\":\"https:\\\/\\\/deepinnerhealth.com\\\/de\\\/#website\"},\"datePublished\":\"2022-08-16T22:33:43+00:00\",\"dateModified\":\"2022-10-03T20:29:36+00:00\",\"breadcrumb\":{\"@id\":\"https:\\\/\\\/deepinnerhealth.com\\\/de\\\/konsultation\\\/#breadcrumb\"},\"inLanguage\":\"de\",\"potentialAction\":[{\"@type\":\"ReadAction\",\"target\":[\"https:\\\/\\\/deepinnerhealth.com\\\/de\\\/konsultation\\\/\"]}]},{\"@type\":\"BreadcrumbList\",\"@id\":\"https:\\\/\\\/deepinnerhealth.com\\\/de\\\/konsultation\\\/#breadcrumb\",\"itemListElement\":[{\"@type\":\"ListItem\",\"position\":1,\"name\":\"Home\",\"item\":\"https:\\\/\\\/deepinnerhealth.com\\\/de\\\/\"},{\"@type\":\"ListItem\",\"position\":2,\"name\":\"Konsultation\"}]},{\"@type\":\"WebSite\",\"@id\":\"https:\\\/\\\/deepinnerhealth.com\\\/de\\\/#website\",\"url\":\"https:\\\/\\\/deepinnerhealth.com\\\/de\\\/\",\"name\":\"Deep Inner Health\",\"description\":\"Functional Medicine Practitioner\",\"potentialAction\":[{\"@type\":\"SearchAction\",\"target\":{\"@type\":\"EntryPoint\",\"urlTemplate\":\"https:\\\/\\\/deepinnerhealth.com\\\/de\\\/?s={search_term_string}\"},\"query-input\":{\"@type\":\"PropertyValueSpecification\",\"valueRequired\":true,\"valueName\":\"search_term_string\"}}],\"inLanguage\":\"de\"}]}<\/script>\n<!-- \/ Yoast SEO plugin. -->","yoast_head_json":{"title":"Konsultation - Deep Inner Health","robots":{"index":"index","follow":"follow","max-snippet":"max-snippet:-1","max-image-preview":"max-image-preview:large","max-video-preview":"max-video-preview:-1"},"canonical":"https:\/\/deepinnerhealth.com\/de\/konsultation\/","og_locale":"de_DE","og_type":"article","og_title":"Konsultation - Deep Inner Health","og_url":"https:\/\/deepinnerhealth.com\/de\/konsultation\/","og_site_name":"Deep Inner Health","article_modified_time":"2022-10-03T20:29:36+00:00","twitter_card":"summary_large_image","twitter_misc":{"Gesch\u00e4tzte Lesezeit":"22\u00a0Minuten"},"schema":{"@context":"https:\/\/schema.org","@graph":[{"@type":"WebPage","@id":"https:\/\/deepinnerhealth.com\/de\/konsultation\/","url":"https:\/\/deepinnerhealth.com\/de\/konsultation\/","name":"Konsultation - Deep Inner Health","isPartOf":{"@id":"https:\/\/deepinnerhealth.com\/de\/#website"},"datePublished":"2022-08-16T22:33:43+00:00","dateModified":"2022-10-03T20:29:36+00:00","breadcrumb":{"@id":"https:\/\/deepinnerhealth.com\/de\/konsultation\/#breadcrumb"},"inLanguage":"de","potentialAction":[{"@type":"ReadAction","target":["https:\/\/deepinnerhealth.com\/de\/konsultation\/"]}]},{"@type":"BreadcrumbList","@id":"https:\/\/deepinnerhealth.com\/de\/konsultation\/#breadcrumb","itemListElement":[{"@type":"ListItem","position":1,"name":"Home","item":"https:\/\/deepinnerhealth.com\/de\/"},{"@type":"ListItem","position":2,"name":"Konsultation"}]},{"@type":"WebSite","@id":"https:\/\/deepinnerhealth.com\/de\/#website","url":"https:\/\/deepinnerhealth.com\/de\/","name":"Deep Inner Health","description":"Functional Medicine Practitioner","potentialAction":[{"@type":"SearchAction","target":{"@type":"EntryPoint","urlTemplate":"https:\/\/deepinnerhealth.com\/de\/?s={search_term_string}"},"query-input":{"@type":"PropertyValueSpecification","valueRequired":true,"valueName":"search_term_string"}}],"inLanguage":"de"}]}},"_links":{"self":[{"href":"https:\/\/deepinnerhealth.com\/de\/wp-json\/wp\/v2\/pages\/3078","targetHints":{"allow":["GET"]}}],"collection":[{"href":"https:\/\/deepinnerhealth.com\/de\/wp-json\/wp\/v2\/pages"}],"about":[{"href":"https:\/\/deepinnerhealth.com\/de\/wp-json\/wp\/v2\/types\/page"}],"author":[{"embeddable":true,"href":"https:\/\/deepinnerhealth.com\/de\/wp-json\/wp\/v2\/users\/1"}],"replies":[{"embeddable":true,"href":"https:\/\/deepinnerhealth.com\/de\/wp-json\/wp\/v2\/comments?post=3078"}],"version-history":[{"count":2,"href":"https:\/\/deepinnerhealth.com\/de\/wp-json\/wp\/v2\/pages\/3078\/revisions"}],"predecessor-version":[{"id":3107,"href":"https:\/\/deepinnerhealth.com\/de\/wp-json\/wp\/v2\/pages\/3078\/revisions\/3107"}],"wp:attachment":[{"href":"https:\/\/deepinnerhealth.com\/de\/wp-json\/wp\/v2\/media?parent=3078"}],"curies":[{"name":"wp","href":"https:\/\/api.w.org\/{rel}","templated":true}]}}