{"id":2674,"date":"2022-06-06T23:12:15","date_gmt":"2022-06-06T13:12:15","guid":{"rendered":"https:\/\/deepinnerhealth.com\/terminos-y-condiciones\/"},"modified":"2022-10-03T14:11:06","modified_gmt":"2022-10-03T03:11:06","slug":"terminos-y-condiciones","status":"publish","type":"page","link":"https:\/\/deepinnerhealth.com\/es\/terminos-y-condiciones\/","title":{"rendered":"T\u00e9rminos y condiciones"},"content":{"rendered":"<div class=\"post-content\">\r\n<h3 class=\"fusion-responsive-typography-calculated\" data-fontsize=\"32\" data-lineheight=\"40.3167px\">Qui\u00e9nes somos<\/h3>\r\n<p>Nuestra direcci\u00f3n web <a href=\"https:\/\/deepinnerhealth.com\/es\/\">https:\/\/deepinnerhealth.com<\/a><\/p>\r\n<h3 class=\"fusion-responsive-typography-calculated\" data-fontsize=\"32\" data-lineheight=\"40.3167px\">T\u00e9rminos y condiciones<\/h3>\r\n<p>Utilizamos SimplyBook para las reservas y los pagos. Encontrar\u00e1 SimplyBook<strong> <a href=\"https:\/\/simplybook.me\/en\/terms-and-conditions\" target=\"_blank\" rel=\"noopener\">t\u00e9rminos y condiciones aqu\u00ed<\/a><span style=\"color: #ff0000;\"><br \/><\/span><\/strong><\/p>\r\n<h3 class=\"fusion-responsive-typography-calculated\" data-fontsize=\"32\" data-lineheight=\"40.3167px\">Pol\u00edtica de privacidad<\/h3>\r\n<p>Esta pol\u00edtica cubre el uso que hacemos de su informaci\u00f3n personal. Nos tomamos muy en serio su privacidad y tomaremos todas las medidas necesarias para proteger su informaci\u00f3n personal.<\/p>\r\n<p>Tratamos toda su informaci\u00f3n personal como confidencial. S\u00f3lo conservamos la informaci\u00f3n de contacto del cliente en aras de una mayor comunicaci\u00f3n.<\/p>\r\n<p>Nunca transmitiremos su direcci\u00f3n de correo electr\u00f3nico a terceros con fines de marketing ni almacenaremos los datos de su tarjeta de cr\u00e9dito en nuestra base de datos o en nuestros servidores. Nunca comunicaremos los datos de su tarjeta de cr\u00e9dito a nadie, a excepci\u00f3n de las agencias de compensaci\u00f3n de tarjetas de cr\u00e9dito, las agencias de prevenci\u00f3n y detecci\u00f3n de fraudes o a menos que usted nos indique lo contrario.<\/p>\r\n<p><strong>Informaci\u00f3n personal recopilada<\/strong><\/p>\r\n<p>La recogida de sus datos personales puede producirse a trav\u00e9s de las siguientes interacciones:<\/p>\r\n<ul>\r\n<li>Cuando accede y utiliza nuestro sitio web<\/li>\r\n<li>Durante las conversaciones con los miembros de nuestro equipo<\/li>\r\n<li>Al rellenar los formularios del sitio web<\/li>\r\n<li>Cuando se comunica con nosotros directamente (por correo electr\u00f3nico, tel\u00e9fono, correo directo o cualquier otro medio)<\/li>\r\n<li>Cuando usted interact\u00faa con nosotros durante promociones, concursos y eventos especiales.<\/li>\r\n<\/ul>\r\n<p><strong>Galletas<\/strong><\/p>\r\n<p><em>\u00bfQu\u00e9 es una galleta?<\/em><\/p>\r\n<p>Las cookies son peque\u00f1as piezas de datos que almacenamos en el dispositivo (ordenador, tel\u00e9fono m\u00f3vil, tableta o cualquier otro dispositivo m\u00f3vil) Cada cookie caduca despu\u00e9s de un cierto per\u00edodo de tiempo dependiendo de para qu\u00e9 la usemos. Como la mayor\u00eda de los sitios web comerciales, utilizamos cookies en las p\u00e1ginas web. Utilizamos cookies por varias razones. A continuaci\u00f3n enumeramos y describimos los distintos tipos de cookies que utilizamos en nuestro sitio.<\/p>\r\n<p>Al utilizar nuestro sitio web, usted acepta expresamente el uso de cookies tal y como se describe en este documento. Por favor, vea a continuaci\u00f3n los detalles de cada uno de los tipos de cookies que utilizamos.<\/p>\r\n<p><em>\u00bfQu\u00e9 cookies utilizamos?<\/em><\/p>\r\n<p>A continuaci\u00f3n, hemos incluido listas detalladas de las cookies utilizadas en nuestro sitio para incluir informaci\u00f3n sobre el tipo de cookie, los per\u00edodos de caducidad y los enlaces a sitios de terceros, cuando corresponda.<\/p>\r\n<p><em>Cookies necesarias o imprescindibles <\/em><\/p>\r\n<p>Algunas cookies son necesarias para que nuestro sitio funcione correctamente y sea seguro. Por ejemplo, utilizamos cookies para autentificarle. Cuando usted se conecta a nuestros sitios web, existen cookies de autenticaci\u00f3n que nos permiten saber qui\u00e9n es usted durante una sesi\u00f3n de navegaci\u00f3n. Tenemos que cargar las cookies esenciales para los intereses leg\u00edtimos que perseguimos al ofrecerle la funcionalidad esencial de nuestro sitio.<\/p>\r\n<p><em>Cookies de funcionalidad <\/em><\/p>\r\n<p>Estas cookies se utilizan para permitir ciertas funciones adicionales en nuestro sitio web, como el almacenamiento de sus preferencias (por ejemplo, nombre de usuario y selecci\u00f3n de idioma). Esta funcionalidad mejora la experiencia del usuario.<\/p>\r\n<p><em>Cookies de redes sociales<\/em><\/p>\r\n<p>Las cookies de las redes sociales recogen informaci\u00f3n sobre el uso de las mismas.<\/p>\r\n<p><em> Cookies de an\u00e1lisis<\/em><\/p>\r\n<p>Google Analytics: Las cookies de an\u00e1lisis recopilan informaci\u00f3n sobre el uso que usted hace de nuestro sitio y nos permiten mejorar su funcionamiento o recopilar datos sobre sus intereses en el sitio. Por ejemplo, las cookies anal\u00edticas nos muestran cu\u00e1les son las p\u00e1ginas m\u00e1s visitadas del sitio, nos ayudan a registrar cualquier dificultad que tenga con el sitio y nos muestran si nuestra publicidad es efectiva o no. Esto nos permite ver los patrones generales de uso del sitio, m\u00e1s que el uso de una sola persona. Utilizamos la informaci\u00f3n para analizar el tr\u00e1fico de los sitios.<\/p>\r\n<p><em>\u00bfC\u00f3mo puedo gestionar las cookies?<\/em><\/p>\r\n<p>Si desea eliminar o desactivar las cookies a trav\u00e9s de su navegador, puede hacerlo. Para ello, consulte la documentaci\u00f3n de configuraci\u00f3n de su navegador, ya que los pasos para hacerlo suelen ser espec\u00edficos del mismo. Una nota importante es que si usted toma este camino, esto podr\u00eda afectar negativamente a su capacidad para utilizar nuestros servicios de manera efectiva. La activaci\u00f3n de las cookies garantiza una experiencia m\u00e1s fluida al utilizar nuestro sitio.<\/p>\r\n<p><strong>Uso de la informaci\u00f3n personal<\/strong><\/p>\r\n<p>Recogemos sus datos personales para poder llevar a cabo las siguientes acciones:<\/p>\r\n<ul>\r\n<li>Para proporcionarle los productos y servicios que nos ha solicitado<\/li>\r\n<li>Para comunicarnos con usted, incluyendo productos y servicios, ofertas especiales y eventos que puedan interesarle<\/li>\r\n<li>Para responder a sus preguntas y proporcionarle informaci\u00f3n o asesoramiento<\/li>\r\n<li>Crear pedidos, registros de transacciones, acuerdos para la venta de productos o servicios, cuentas, facturas fiscales o recibos<\/li>\r\n<li>Llevar a cabo actividades de administraci\u00f3n, marketing, planificaci\u00f3n, prevenci\u00f3n de fraudes y p\u00e9rdidas, compras, desarrollo de productos y servicios, control de calidad e investigaci\u00f3n para mejorar la forma en que nosotros y los proveedores de servicios le proporcionamos productos y servicios<\/li>\r\n<li>Estudiar y responder a las quejas que usted presente<\/li>\r\n<li>Para cumplir con las leyes o reglamentos o para cumplir con las instrucciones dadas por los reguladores o autoridades; o<\/li>\r\n<li>Si es usted un candidato a empleo, para evaluar su idoneidad para un puesto en Deep Inner Health<\/li>\r\n<\/ul>\r\n<p><strong>Actualizaci\u00f3n de sus datos personales<\/strong><\/p>\r\n<p>Puede actualizar su informaci\u00f3n personal en cualquier momento poni\u00e9ndose en contacto con Deep Inner Health.<\/p>\r\n<p><strong>Seguridad de su informaci\u00f3n personal<\/strong><\/p>\r\n<p>Trabajamos para proteger la seguridad de su informaci\u00f3n durante la transmisi\u00f3n utilizando el software Secure Sockets Layer (SSL), que encripta la informaci\u00f3n que usted introduce. Mantenemos salvaguardias f\u00edsicas, electr\u00f3nicas y de procedimiento en relaci\u00f3n con la recopilaci\u00f3n, el almacenamiento y la divulgaci\u00f3n de informaci\u00f3n personal identificable de los clientes.<\/p>\r\n<p>Nuestros procedimientos de seguridad implican que ocasionalmente podemos solicitar una prueba de identidad antes de revelarle informaci\u00f3n personal. Es importante que te protejas contra el acceso no autorizado a tu contrase\u00f1a y a tu ordenador.<\/p>\r\n<p>Protegemos su informaci\u00f3n personal mediante:<\/p>\r\n<ul>\r\n<li>Restricci\u00f3n del acceso a la informaci\u00f3n personal<\/li>\r\n<li>Mantenimiento de los productos tecnol\u00f3gicos para evitar el acceso no autorizado a los ordenadores<\/li>\r\n<li>Destruir de forma segura su informaci\u00f3n personal cuando ya no sea necesaria para nuestros fines de conservaci\u00f3n de registros<\/li>\r\n<li>Utilizamos tecnolog\u00eda de encriptaci\u00f3n SSL (secure sockets layer) de 128 bits cuando procesamos sus datos financieros. Se calcula que el cifrado SSL de 128 bits tarda al menos un trill\u00f3n de a\u00f1os en romperse, y es el est\u00e1ndar del sector.<\/li>\r\n<\/ul>\r\n<p><strong>Divulgaci\u00f3n de informaci\u00f3n personal<\/strong><\/p>\r\n<p>Su informaci\u00f3n personal puede ser revelada en relaci\u00f3n con cualquier prop\u00f3sito a cualquiera de los siguientes:<\/p>\r\n<ul>\r\n<li>Nuestros empleados, contratistas o proveedores de servicios, en la medida en que sea razonablemente necesario para cumplir nuestras obligaciones con usted. Puede tratarse de proveedores de servicios de Internet, administradores de sistemas inform\u00e1ticos o desarrolladores web.<\/li>\r\n<li>Nuestros asesores comerciales, incluidos abogados, contables u otros proveedores de servicios profesionales, en la medida en que sea razonablemente necesario<\/li>\r\n<li>Proveedores y otros terceros con los que mantenemos relaciones comerciales, con fines comerciales, de marketing y otros relacionados<\/li>\r\n<\/ul>\r\n<p>Su informaci\u00f3n personal no se compartir\u00e1, vender\u00e1, alquilar\u00e1 o divulgar\u00e1 m\u00e1s all\u00e1 de lo descrito en esta pol\u00edtica de privacidad.<\/p>\r\n<p><strong>Acerca de las violaciones de la privacidad<\/strong><\/p>\r\n<p>Si cree que hemos violado su privacidad, <a href=\"https:\/\/deepinnerhealth.com\/es\/?page_id=2745\">p\u00f3ngase en contacto con nosotros<\/a> y resolveremos el problema.<\/p>\r\n<p><strong>Recogida de datos de su ordenador\/dispositivo<\/strong><\/p>\r\n<p>Cuando usted visita Deep Inner Health, los servidores de nuestra empresa registran autom\u00e1ticamente la informaci\u00f3n que su navegador env\u00eda cada vez que visita un sitio web. Estos datos pueden incluir:<\/p>\r\n<ul>\r\n<li>La direcci\u00f3n IP de su ordenador<\/li>\r\n<li>Tipo de navegador<\/li>\r\n<li>P\u00e1gina web que estaba visitando antes de llegar a nuestro sitio<\/li>\r\n<li>Las p\u00e1ginas de Deep Inner Health que usted visita<\/li>\r\n<li>El tiempo que se pasa en esas p\u00e1ginas, los art\u00edculos y la informaci\u00f3n que se busca en nuestro sitio, las horas y fechas de acceso y otras estad\u00edsticas. Esta informaci\u00f3n se recoge para su an\u00e1lisis y evaluaci\u00f3n con el fin de ayudarnos a mejorar nuestro sitio y los servicios y productos que ofrecemos.<\/li>\r\n<\/ul>\r\n<p>Estos datos no se utilizar\u00e1n en asociaci\u00f3n con ninguna otra informaci\u00f3n personal.<\/p>\r\n<p><strong>Conservaci\u00f3n de datos<\/strong><\/p>\r\n<p>Conservamos los datos identificables que recopilamos con fines de orientaci\u00f3n y reorientaci\u00f3n hasta 90 d\u00edas despu\u00e9s de cada visita a nuestro sitio web, tras lo cual desidentificamos los datos que recopilamos eliminando los identificadores \u00fanicos y truncando las direcciones IP.<\/p>\r\n<p><strong>Cambios en la pol\u00edtica de privacidad<\/strong><\/p>\r\n<p>Nos reservamos el derecho de modificar y cambiar esta pol\u00edtica de privacidad en cualquier momento. Cualquier cambio en esta pol\u00edtica se publicar\u00e1 en nuestro sitio.<\/p>\r\n<p><strong>Reclamaciones por violaci\u00f3n de la intimidad<\/strong><\/p>\r\n<p>Si no est\u00e1 satisfecho con la forma en que gestionamos su consulta o reclamaci\u00f3n, no dude en ponerse en contacto con nosotros. Si sigue preocupado por el uso que se hace de sus datos personales o si desea que sus datos sean eliminados de nuestros archivos, <a href=\"https:\/\/deepinnerhealth.com\/es\/?page_id=2745\">p\u00f3ngase en contacto con nosotros aqu\u00ed<\/a>.<\/p>\r\n<\/div>\r\n","protected":false},"excerpt":{"rendered":"<p>Qui\u00e9nes somos Nuestra direcci\u00f3n web https:\/\/deepinnerhealth.com T\u00e9rminos y condiciones Utilizamos  [&#8230;]<\/p>\n","protected":false},"author":1,"featured_media":0,"parent":0,"menu_order":0,"comment_status":"closed","ping_status":"open","template":"","meta":{"content-type":"","footnotes":""},"class_list":["post-2674","page","type-page","status-publish","hentry"],"yoast_head":"<!-- This site is optimized with the Yoast SEO plugin v27.4 - https:\/\/yoast.com\/product\/yoast-seo-wordpress\/ -->\n<title>T\u00e9rminos y condiciones - Deep Inner Health<\/title>\n<meta name=\"robots\" content=\"index, follow, max-snippet:-1, max-image-preview:large, max-video-preview:-1\" \/>\n<link rel=\"canonical\" href=\"https:\/\/deepinnerhealth.com\/es\/terminos-y-condiciones\/\" \/>\n<meta property=\"og:locale\" content=\"es_ES\" \/>\n<meta property=\"og:type\" content=\"article\" \/>\n<meta property=\"og:title\" content=\"T\u00e9rminos y condiciones - Deep Inner Health\" \/>\n<meta property=\"og:description\" content=\"Qui\u00e9nes somos Nuestra direcci\u00f3n web https:\/\/deepinnerhealth.com T\u00e9rminos y condiciones Utilizamos [...]\" \/>\n<meta property=\"og:url\" content=\"https:\/\/deepinnerhealth.com\/es\/terminos-y-condiciones\/\" \/>\n<meta property=\"og:site_name\" content=\"Deep Inner Health\" \/>\n<meta property=\"article:modified_time\" content=\"2022-10-03T03:11:06+00:00\" \/>\n<meta name=\"twitter:card\" content=\"summary_large_image\" \/>\n<meta name=\"twitter:label1\" content=\"Tiempo de lectura\" \/>\n\t<meta name=\"twitter:data1\" content=\"7 minutos\" \/>\n<script type=\"application\/ld+json\" class=\"yoast-schema-graph\">{\"@context\":\"https:\\\/\\\/schema.org\",\"@graph\":[{\"@type\":\"WebPage\",\"@id\":\"https:\\\/\\\/deepinnerhealth.com\\\/es\\\/terminos-y-condiciones\\\/\",\"url\":\"https:\\\/\\\/deepinnerhealth.com\\\/es\\\/terminos-y-condiciones\\\/\",\"name\":\"T\u00e9rminos y condiciones - Deep Inner Health\",\"isPartOf\":{\"@id\":\"https:\\\/\\\/deepinnerhealth.com\\\/es\\\/#website\"},\"datePublished\":\"2022-06-06T13:12:15+00:00\",\"dateModified\":\"2022-10-03T03:11:06+00:00\",\"breadcrumb\":{\"@id\":\"https:\\\/\\\/deepinnerhealth.com\\\/es\\\/terminos-y-condiciones\\\/#breadcrumb\"},\"inLanguage\":\"es\",\"potentialAction\":[{\"@type\":\"ReadAction\",\"target\":[\"https:\\\/\\\/deepinnerhealth.com\\\/es\\\/terminos-y-condiciones\\\/\"]}]},{\"@type\":\"BreadcrumbList\",\"@id\":\"https:\\\/\\\/deepinnerhealth.com\\\/es\\\/terminos-y-condiciones\\\/#breadcrumb\",\"itemListElement\":[{\"@type\":\"ListItem\",\"position\":1,\"name\":\"Home\",\"item\":\"https:\\\/\\\/deepinnerhealth.com\\\/es\\\/\"},{\"@type\":\"ListItem\",\"position\":2,\"name\":\"T\u00e9rminos y condiciones\"}]},{\"@type\":\"WebSite\",\"@id\":\"https:\\\/\\\/deepinnerhealth.com\\\/es\\\/#website\",\"url\":\"https:\\\/\\\/deepinnerhealth.com\\\/es\\\/\",\"name\":\"Deep Inner Health\",\"description\":\"Functional Medicine Practitioner\",\"potentialAction\":[{\"@type\":\"SearchAction\",\"target\":{\"@type\":\"EntryPoint\",\"urlTemplate\":\"https:\\\/\\\/deepinnerhealth.com\\\/es\\\/?s={search_term_string}\"},\"query-input\":{\"@type\":\"PropertyValueSpecification\",\"valueRequired\":true,\"valueName\":\"search_term_string\"}}],\"inLanguage\":\"es\"}]}<\/script>\n<!-- \/ Yoast SEO plugin. -->","yoast_head_json":{"title":"T\u00e9rminos y condiciones - Deep Inner Health","robots":{"index":"index","follow":"follow","max-snippet":"max-snippet:-1","max-image-preview":"max-image-preview:large","max-video-preview":"max-video-preview:-1"},"canonical":"https:\/\/deepinnerhealth.com\/es\/terminos-y-condiciones\/","og_locale":"es_ES","og_type":"article","og_title":"T\u00e9rminos y condiciones - Deep Inner Health","og_description":"Qui\u00e9nes somos Nuestra direcci\u00f3n web https:\/\/deepinnerhealth.com T\u00e9rminos y condiciones Utilizamos [...]","og_url":"https:\/\/deepinnerhealth.com\/es\/terminos-y-condiciones\/","og_site_name":"Deep Inner Health","article_modified_time":"2022-10-03T03:11:06+00:00","twitter_card":"summary_large_image","twitter_misc":{"Tiempo de lectura":"7 minutos"},"schema":{"@context":"https:\/\/schema.org","@graph":[{"@type":"WebPage","@id":"https:\/\/deepinnerhealth.com\/es\/terminos-y-condiciones\/","url":"https:\/\/deepinnerhealth.com\/es\/terminos-y-condiciones\/","name":"T\u00e9rminos y condiciones - Deep Inner Health","isPartOf":{"@id":"https:\/\/deepinnerhealth.com\/es\/#website"},"datePublished":"2022-06-06T13:12:15+00:00","dateModified":"2022-10-03T03:11:06+00:00","breadcrumb":{"@id":"https:\/\/deepinnerhealth.com\/es\/terminos-y-condiciones\/#breadcrumb"},"inLanguage":"es","potentialAction":[{"@type":"ReadAction","target":["https:\/\/deepinnerhealth.com\/es\/terminos-y-condiciones\/"]}]},{"@type":"BreadcrumbList","@id":"https:\/\/deepinnerhealth.com\/es\/terminos-y-condiciones\/#breadcrumb","itemListElement":[{"@type":"ListItem","position":1,"name":"Home","item":"https:\/\/deepinnerhealth.com\/es\/"},{"@type":"ListItem","position":2,"name":"T\u00e9rminos y condiciones"}]},{"@type":"WebSite","@id":"https:\/\/deepinnerhealth.com\/es\/#website","url":"https:\/\/deepinnerhealth.com\/es\/","name":"Deep Inner Health","description":"Functional Medicine Practitioner","potentialAction":[{"@type":"SearchAction","target":{"@type":"EntryPoint","urlTemplate":"https:\/\/deepinnerhealth.com\/es\/?s={search_term_string}"},"query-input":{"@type":"PropertyValueSpecification","valueRequired":true,"valueName":"search_term_string"}}],"inLanguage":"es"}]}},"_links":{"self":[{"href":"https:\/\/deepinnerhealth.com\/es\/wp-json\/wp\/v2\/pages\/2674","targetHints":{"allow":["GET"]}}],"collection":[{"href":"https:\/\/deepinnerhealth.com\/es\/wp-json\/wp\/v2\/pages"}],"about":[{"href":"https:\/\/deepinnerhealth.com\/es\/wp-json\/wp\/v2\/types\/page"}],"author":[{"embeddable":true,"href":"https:\/\/deepinnerhealth.com\/es\/wp-json\/wp\/v2\/users\/1"}],"replies":[{"embeddable":true,"href":"https:\/\/deepinnerhealth.com\/es\/wp-json\/wp\/v2\/comments?post=2674"}],"version-history":[{"count":3,"href":"https:\/\/deepinnerhealth.com\/es\/wp-json\/wp\/v2\/pages\/2674\/revisions"}],"predecessor-version":[{"id":4294,"href":"https:\/\/deepinnerhealth.com\/es\/wp-json\/wp\/v2\/pages\/2674\/revisions\/4294"}],"wp:attachment":[{"href":"https:\/\/deepinnerhealth.com\/es\/wp-json\/wp\/v2\/media?parent=2674"}],"curies":[{"name":"wp","href":"https:\/\/api.w.org\/{rel}","templated":true}]}}