{"id":2810,"date":"2022-08-16T14:02:55","date_gmt":"2022-08-16T04:02:55","guid":{"rendered":"https:\/\/deepinnerhealth.com\/testimonios\/"},"modified":"2022-10-13T09:30:25","modified_gmt":"2022-10-12T22:30:25","slug":"testimonios","status":"publish","type":"page","link":"https:\/\/deepinnerhealth.com\/es\/testimonios\/","title":{"rendered":"Testimonios"},"content":{"rendered":"<p><div class=\"fusion-fullwidth fullwidth-box fusion-builder-row-1 fusion-flex-container has-pattern-background has-mask-background nonhundred-percent-fullwidth non-hundred-percent-height-scrolling\" style=\"--awb-border-radius-top-left:0px;--awb-border-radius-top-right:0px;--awb-border-radius-bottom-right:0px;--awb-border-radius-bottom-left:0px;--awb-padding-top:5vw;--awb-flex-wrap:wrap;\" ><div class=\"fusion-builder-row fusion-row fusion-flex-align-items-stretch fusion-flex-content-wrap\" style=\"max-width:1365px;margin-left: calc(-5% \/ 2 );margin-right: calc(-5% \/ 2 );\"><div class=\"fusion-layout-column fusion_builder_column fusion-builder-column-0 fusion_builder_column_1_1 1_1 fusion-flex-column fusion-animated\" style=\"--awb-padding-right:4vw;--awb-padding-bottom:6vw;--awb-padding-left:4vw;--awb-padding-top-small:9vw;--awb-padding-right-small:4vw;--awb-padding-bottom-small:9vw;--awb-padding-left-small:4vw;--awb-overflow:hidden;--awb-bg-color:var(--awb-color1);--awb-bg-color-hover:var(--awb-color1);--awb-bg-size:cover;--awb-border-radius:6px 6px 6px 6px;--awb-width-large:100%;--awb-margin-top-large:0px;--awb-spacing-right-large:2.375%;--awb-margin-bottom-large:0px;--awb-spacing-left-large:2.375%;--awb-width-medium:50%;--awb-order-medium:0;--awb-spacing-right-medium:4.75%;--awb-spacing-left-medium:4.75%;--awb-width-small:100%;--awb-order-small:0;--awb-spacing-right-small:2.375%;--awb-margin-bottom-small:6vw;--awb-spacing-left-small:2.375%;\" data-animationType=\"fadeInUp\" data-animationDuration=\"1.0\" data-animationOffset=\"top-into-view\"><div class=\"fusion-column-wrapper fusion-column-has-shadow fusion-flex-justify-content-flex-start fusion-content-layout-column\"><div class=\"fusion-text fusion-text-1\"><h2>Testimonios<\/h2>\n<\/div><\/div><\/div><\/div><\/div><div class=\"fusion-fullwidth fullwidth-box fusion-builder-row-2 fusion-flex-container has-pattern-background has-mask-background nonhundred-percent-fullwidth non-hundred-percent-height-scrolling\" style=\"--awb-border-radius-top-left:0px;--awb-border-radius-top-right:0px;--awb-border-radius-bottom-right:0px;--awb-border-radius-bottom-left:0px;--awb-padding-bottom:5vw;--awb-flex-wrap:wrap;\" ><div class=\"fusion-builder-row fusion-row fusion-flex-align-items-stretch fusion-flex-content-wrap\" style=\"max-width:1365px;margin-left: calc(-5% \/ 2 );margin-right: calc(-5% \/ 2 );\"><div class=\"fusion-layout-column fusion_builder_column fusion-builder-column-1 fusion_builder_column_1_2 1_2 fusion-flex-column\" style=\"--awb-bg-size:cover;--awb-width-large:50%;--awb-margin-top-large:0px;--awb-spacing-right-large:4.75%;--awb-margin-bottom-large:20px;--awb-spacing-left-large:4.75%;--awb-width-medium:50%;--awb-order-medium:0;--awb-spacing-right-medium:4.75%;--awb-spacing-left-medium:4.75%;--awb-width-small:100%;--awb-order-small:0;--awb-spacing-right-small:2.375%;--awb-spacing-left-small:2.375%;\"><div class=\"fusion-column-wrapper fusion-column-has-shadow fusion-flex-justify-content-flex-start fusion-content-layout-column\"><div class=\"fusion-testimonials classic awb-speech-bubble-show fusion-testimonials-1\" style=\"--awb-textcolor:var(--awb-color8);--awb-backgroundcolor:var(--awb-color2);--awb-testimonial-border-style:solid;--awb-testimonial-border-color:var(--awb-color3);--awb-border-top-left-radius:0px;--awb-border-top-right-radius:0px;--awb-border-bottom-left-radius:0px;--awb-border-bottom-right-radius:0px;--testimonial-border-width-top:0px;--testimonial-border-width-right:0px;--testimonial-border-width-bottom:0px;--testimonial-border-width-left:0px;\" data-random=\"0\" data-speed=\"4000\"><div class=\"reviews\"><div class=\"review active-testimonial female\"><blockquote><div class=\"awb-quote\"><div class=\"awb-quote-content\">\n<p>Desde 2007 y 2016 luch\u00e9 con mis ojos constantemente llorosos. Me limpiaba la cara; ten\u00eda los ojos hinchados y rojos todo el tiempo. Esto no solo afect\u00f3 a mi confianza, sino que en 2015\/16 estaba afectando a mi sistema inmunitario, lo que provocaba toses y resfriados dif\u00edciles de eliminar.<\/p>\n<p>Durante este tiempo, vi a especialistas en ojos y a doctores (muchos doctores). Pero nadie pudo ayudarme a encontrar la causa.<\/p>\n<p>Finalmente, una visita a un natur\u00f3pata, (muy recomendado) en Brisbane, reconoci\u00f3 mi problema como una intolerancia a los salicilatos. Hice una dieta sin\/salicilatos, lo que provoc\u00f3 inmediatamente que la reacci\u00f3n cambiara de ojos hinchados y llorosos a dolores de cabeza y migra\u00f1as. Incluso los salicilatos bajos me provocaban ahora un intenso dolor de migra\u00f1a, mi dieta se volvi\u00f3 muy restrictiva.<\/p>\n<p>En diciembre de 2021, un amigo me sugiri\u00f3 que me pusiera en contacto con la Dra. Ulla Gerich-McGregor.<\/p>\n<p>Desde mi primera consulta, la Dra. Ulla Gerich-McGregor estaba segura de que podr\u00edamos encontrar la causa de la intolerancia a los salicilatos y recuperar mi salud a trav\u00e9s de la medicina funcional.<\/p>\n<p>El Dr. Gerich-McGregor lo ha hecho.<\/p>\n<p>Bajo la direcci\u00f3n del Dr. Gerich -McGregor me hice un an\u00e1lisis de sangre de intolerancia alimentaria IgG y una prueba de DAO.<\/p>\n<p>Luego hice una dieta de eliminaci\u00f3n de 8 semanas mientras tomaba suplementos naturales para apoyar la curaci\u00f3n y la dieta.<\/p>\n<p>Como resultado de la dieta de eliminaci\u00f3n, he tenido que eliminar los l\u00e1cteos de mi dieta (no es un problema ya que hay muchas alternativas) y he reintroducido lentamente los salicilatos. No se producen migra\u00f1as ni dolores de cabeza.<\/p>\n<p>Me siento mucho mejor.<\/p>\n<p>El enfoque de la Medicina Funcional de la Dra. Ulla Gerich-McGregor ha dado un giro a mi vida.<\/p>\n<p>Muchas gracias.<\/p>\n<\/div><\/div><span class=\"awb-triangle\"><\/span><\/blockquote><div class=\"author\"><span class=\"testimonial-thumbnail doe\"><\/span><span class=\"company-name\"><strong>Denise Bentley<\/strong><\/span><\/div><\/div><\/div><\/div><\/div><\/div><div class=\"fusion-layout-column fusion_builder_column fusion-builder-column-2 fusion_builder_column_1_2 1_2 fusion-flex-column\" style=\"--awb-bg-size:cover;--awb-width-large:50%;--awb-margin-top-large:0px;--awb-spacing-right-large:4.75%;--awb-margin-bottom-large:20px;--awb-spacing-left-large:4.75%;--awb-width-medium:50%;--awb-order-medium:0;--awb-spacing-right-medium:4.75%;--awb-spacing-left-medium:4.75%;--awb-width-small:100%;--awb-order-small:0;--awb-spacing-right-small:2.375%;--awb-spacing-left-small:2.375%;\"><div class=\"fusion-column-wrapper fusion-column-has-shadow fusion-flex-justify-content-flex-start fusion-content-layout-column\"><div class=\"fusion-testimonials classic awb-speech-bubble-show fusion-testimonials-2\" style=\"--awb-textcolor:var(--awb-color8);--awb-backgroundcolor:var(--awb-color2);--awb-testimonial-border-style:solid;--awb-testimonial-border-color:var(--awb-color3);--awb-border-top-left-radius:0px;--awb-border-top-right-radius:0px;--awb-border-bottom-left-radius:0px;--awb-border-bottom-right-radius:0px;--testimonial-border-width-top:0px;--testimonial-border-width-right:0px;--testimonial-border-width-bottom:0px;--testimonial-border-width-left:0px;\" data-random=\"0\" data-speed=\"4000\"><div class=\"reviews\"><div class=\"review active-testimonial female\"><blockquote><div class=\"awb-quote\"><div class=\"awb-quote-content\">\n<p>Buscar una consulta de Medicina Funcional con la Dra. Ulla Gerich-McGregor fue una de las mejores decisiones de salud que tom\u00e9. He padecido una enfermedad cr\u00f3nica de la piel conocida como psoriasis desde que era un ni\u00f1o hasta la edad adulta.<\/p>\n<p>Los \u00faltimos 5 a\u00f1os he sufrido una grave reca\u00edda de la enfermedad. Ning\u00fan m\u00e9dico de medicina convencional pudo ayudarme, ya que todas las cremas y ung\u00fcentos no ayudaron a aliviar el picor, la inflamaci\u00f3n de la piel y las noches de insomnio.<\/p>\n<p>Mediante el uso de la medicina funcional, pude identificar los diferentes al\u00e9rgenos alimentarios a los que era intolerante y utilizar suplementos naturales y una dieta para aliviar la inflamaci\u00f3n de mi intestino y mi piel.<\/p>\n<p>Todav\u00eda sufro la enfermedad, pero se ha aliviado hasta el punto de que puedo dormir bien por la noche y s\u00f3lo hay una leve inflamaci\u00f3n de la piel.<\/p>\n<p>Sin duda, recomendar\u00eda esta forma de medicina a cualquier persona con afecciones que no hayan sido tratadas con \u00e9xito por la medicina convencional.<\/p>\n<\/div><\/div><span class=\"awb-triangle\"><\/span><\/blockquote><div class=\"author\"><span class=\"testimonial-thumbnail doe\"><\/span><span class=\"company-name\"><strong>Patricia T<\/strong><\/span><\/div><\/div><\/div><\/div><\/div><\/div><div class=\"fusion-layout-column fusion_builder_column fusion-builder-column-3 fusion_builder_column_1_2 1_2 fusion-flex-column\" style=\"--awb-bg-size:cover;--awb-width-large:50%;--awb-margin-top-large:0px;--awb-spacing-right-large:4.75%;--awb-margin-bottom-large:20px;--awb-spacing-left-large:4.75%;--awb-width-medium:50%;--awb-order-medium:0;--awb-spacing-right-medium:4.75%;--awb-spacing-left-medium:4.75%;--awb-width-small:100%;--awb-order-small:0;--awb-spacing-right-small:2.375%;--awb-spacing-left-small:2.375%;\"><div class=\"fusion-column-wrapper fusion-column-has-shadow fusion-flex-justify-content-flex-start fusion-content-layout-column\"><div class=\"fusion-separator fusion-full-width-sep\" style=\"align-self: center;margin-left: auto;margin-right: auto;margin-top:35px;width:100%;\"><\/div><div class=\"fusion-testimonials classic awb-speech-bubble-show fusion-testimonials-3\" style=\"--awb-textcolor:var(--awb-color8);--awb-backgroundcolor:var(--awb-color2);--awb-testimonial-border-style:solid;--awb-testimonial-border-color:var(--awb-color3);--awb-border-top-left-radius:0px;--awb-border-top-right-radius:0px;--awb-border-bottom-left-radius:0px;--awb-border-bottom-right-radius:0px;--testimonial-border-width-top:0px;--testimonial-border-width-right:0px;--testimonial-border-width-bottom:0px;--testimonial-border-width-left:0px;\" data-random=\"0\" data-speed=\"4000\"><div class=\"reviews\"><div class=\"review active-testimonial female\"><blockquote><div class=\"awb-quote\"><div class=\"awb-quote-content\">\n<p>Cuando vine a ver a la Dra. Ulla, ten\u00eda un peso inferior al normal, sufr\u00eda problemas intestinales, insomnio, poca energ\u00eda, mala salud mental, inflamaci\u00f3n y una serie de problemas autoinmunes indiscernibles. Estaba fatigada f\u00edsicamente, econ\u00f3micamente y de esperanza de soluciones. La Dra. Ulla fue incre\u00edblemente minuciosa, inteligente y hol\u00edstica con sus evaluaciones, conclusiones y plan de salud prescrito.<\/p>\n<p>En el plazo de un mes hab\u00eda ganado peso de forma saludable, dorm\u00eda profundamente, ten\u00eda mucha m\u00e1s energ\u00eda y me sent\u00eda m\u00e1s feliz y alegre, y a partir de esta base de mayor resiliencia fui a m\u00e1s. Muchas gracias Dra. Ulla, me he sentido vista y escuchada por usted.<\/p>\n<p>Su enfoque est\u00e1 impregnado de ciencia y, sin embargo, es hol\u00edstico y est\u00e1 conectado. Dej\u00e9 de ver a una mir\u00edada de otros profesionales de la salud cuando integrasteis mis muchas necesidades en vuestra consulta. Estoy muy agradecida por c\u00f3mo ha cambiado mi experiencia diaria.<\/p>\n<p>Gracias de nuevo.<\/p>\n<\/div><\/div><span class=\"awb-triangle\"><\/span><\/blockquote><div class=\"author\"><span class=\"testimonial-thumbnail doe\"><\/span><span class=\"company-name\"><strong>Carly Sare - Pa\u00eds Gadigal<\/strong><\/span><\/div><\/div><\/div><\/div><\/div><\/div><div class=\"fusion-layout-column fusion_builder_column fusion-builder-column-4 fusion_builder_column_1_2 1_2 fusion-flex-column\" style=\"--awb-bg-size:cover;--awb-width-large:50%;--awb-margin-top-large:0px;--awb-spacing-right-large:4.75%;--awb-margin-bottom-large:20px;--awb-spacing-left-large:4.75%;--awb-width-medium:50%;--awb-order-medium:0;--awb-spacing-right-medium:4.75%;--awb-spacing-left-medium:4.75%;--awb-width-small:100%;--awb-order-small:0;--awb-spacing-right-small:2.375%;--awb-spacing-left-small:2.375%;\"><div class=\"fusion-column-wrapper fusion-column-has-shadow fusion-flex-justify-content-flex-start fusion-content-layout-column\"><div class=\"fusion-separator fusion-full-width-sep\" style=\"align-self: center;margin-left: auto;margin-right: auto;margin-top:35px;width:100%;\"><\/div><\/div><\/div><\/div><\/div><div class=\"fusion-fullwidth fullwidth-box fusion-builder-row-3 fusion-flex-container nonhundred-percent-fullwidth non-hundred-percent-height-scrolling fusion-animated\" style=\"--awb-border-color:var(--awb-color4);--awb-border-radius-top-left:0px;--awb-border-radius-top-right:0px;--awb-border-radius-bottom-right:0px;--awb-border-radius-bottom-left:0px;--awb-padding-top:0px;--awb-padding-bottom:7vw;--awb-margin-bottom:0px;--awb-flex-wrap:wrap;\" data-animationType=\"fadeInUp\" data-animationDuration=\"1.0\" data-animationOffset=\"top-into-view\" ><div class=\"fusion-builder-row fusion-row fusion-flex-align-items-stretch fusion-flex-content-wrap\" style=\"max-width:1365px;margin-left: calc(-5% \/ 2 );margin-right: calc(-5% \/ 2 );\"><div class=\"fusion-layout-column fusion_builder_column fusion-builder-column-5 fusion_builder_column_2_5 2_5 fusion-flex-column\" style=\"--awb-overflow:hidden;--awb-bg-position:center center;--awb-bg-size:cover;--awb-border-radius:6px 0px 0px 6px;--awb-width-large:40%;--awb-margin-top-large:0px;--awb-spacing-right-large:0px;--awb-margin-bottom-large:0px;--awb-spacing-left-large:5.9375%;--awb-width-medium:40%;--awb-order-medium:0;--awb-spacing-right-medium:0px;--awb-spacing-left-medium:5.9375%;--awb-width-small:16.666666666667%;--awb-order-small:0;--awb-spacing-right-small:0px;--awb-margin-bottom-small:6vw;--awb-spacing-left-small:14.25%;\"><div class=\"fusion-column-wrapper lazyload fusion-column-has-shadow fusion-flex-justify-content-flex-start fusion-content-layout-column fusion-empty-column-bg-image fusion-column-has-bg-image\" data-bg-url=\"https:\/\/deepinnerhealth.com\/wp-content\/uploads\/2022\/07\/deep-inner-health-functional-medicine.jpg\" data-bg=\"https:\/\/deepinnerhealth.com\/wp-content\/uploads\/2022\/07\/deep-inner-health-functional-medicine.jpg\"><img decoding=\"async\" class=\"fusion-empty-dims-img-placeholder fusion-no-large-visibility fusion-no-medium-visibility\" aria-label=\"deep-inner-health-functional-medicine\" src=\"data:image\/svg+xml,%3Csvg%20xmlns%3D%27http%3A%2F%2Fwww.w3.org%2F2000%2Fsvg%27%20width%3D%27700%27%20height%3D%27487%27%20viewBox%3D%270%200%20700%20487%27%3E%3Crect%20width%3D%27700%27%20height%3D%27487%27%20fill-opacity%3D%220%22%2F%3E%3C%2Fsvg%3E\"><\/div><\/div><div class=\"fusion-layout-column fusion_builder_column fusion-builder-column-6 fusion_builder_column_3_5 3_5 fusion-flex-column\" style=\"--awb-padding-top:10vh;--awb-padding-right:6vw;--awb-padding-bottom:10vh;--awb-padding-left:6vw;--awb-padding-top-medium:8vw;--awb-padding-bottom-medium:8vw;--awb-padding-top-small:7vh;--awb-padding-right-small:7vw;--awb-padding-bottom-small:7vh;--awb-padding-left-small:7vw;--awb-overflow:hidden;--awb-bg-color:var(--awb-color4);--awb-bg-color-hover:var(--awb-color4);--awb-bg-size:cover;--awb-border-radius:0px 6px 6px 0px;--awb-width-large:60%;--awb-margin-top-large:0px;--awb-spacing-right-large:3.9583333333333%;--awb-margin-bottom-large:0px;--awb-spacing-left-large:0px;--awb-width-medium:60%;--awb-order-medium:0;--awb-spacing-right-medium:3.9583333333333%;--awb-spacing-left-medium:0px;--awb-width-small:83.333333333333%;--awb-order-small:0;--awb-spacing-right-small:2.85%;--awb-margin-bottom-small:6vw;--awb-spacing-left-small:0px;\"><div class=\"fusion-column-wrapper fusion-column-has-shadow fusion-flex-justify-content-flex-start fusion-content-layout-column\"><div class=\"fusion-title title fusion-title-1 fusion-sep-none fusion-title-text fusion-title-size-two\" style=\"--awb-text-color:var(--awb-color1);--awb-margin-bottom:20px;\"><h2 class=\"fusion-title-heading title-heading-left\" style=\"margin:0;\">Medicina Funcional<\/h2><\/div><div class=\"fusion-text fusion-text-2\" style=\"--awb-content-alignment:left;--awb-font-size:17px;--awb-line-height:1.9;--awb-text-color:var(--awb-color1);\"><p>Podemos ayudarle a conseguir una salud y un bienestar equilibrados mediante un enfoque de medicina funcional.<\/p>\n<\/div><div style=\"text-align:left;\"><a class=\"fusion-button button-flat button-xlarge button-default fusion-button-default button-1 fusion-button-default-span fusion-button-default-type\" style=\"--button_margin-top:20px;\" target=\"_self\" href=\"https:\/\/deepinnerhealth.com\/es\/contacto\/\"><span class=\"fusion-button-text\">Contacte con nosotros hoy mismo<\/span><\/a><\/div><\/div><\/div><\/div><\/div><\/p>\n","protected":false},"excerpt":{"rendered":"","protected":false},"author":1,"featured_media":0,"parent":0,"menu_order":0,"comment_status":"closed","ping_status":"closed","template":"100-width.php","meta":{"content-type":"","footnotes":""},"class_list":["post-2810","page","type-page","status-publish","hentry"],"yoast_head":"<!-- This site is optimized with the Yoast SEO plugin v27.3 - https:\/\/yoast.com\/product\/yoast-seo-wordpress\/ -->\n<title>Testimonios - Deep Inner Health<\/title>\n<meta name=\"description\" content=\"Testimonios | Deep Inner Health | Descubre lo que dice la gente sobre Deep Inner Health\" \/>\n<meta name=\"robots\" content=\"index, follow, max-snippet:-1, max-image-preview:large, max-video-preview:-1\" \/>\n<link rel=\"canonical\" href=\"https:\/\/deepinnerhealth.com\/es\/testimonios\/\" \/>\n<meta property=\"og:locale\" content=\"es_ES\" \/>\n<meta property=\"og:type\" content=\"article\" \/>\n<meta property=\"og:title\" content=\"Testimonios - Deep Inner Health\" \/>\n<meta property=\"og:description\" content=\"Testimonios | Deep Inner Health | Descubre lo que dice la gente sobre Deep Inner Health\" \/>\n<meta property=\"og:url\" content=\"https:\/\/deepinnerhealth.com\/es\/testimonios\/\" \/>\n<meta property=\"og:site_name\" content=\"Deep Inner Health\" \/>\n<meta property=\"article:modified_time\" content=\"2022-10-12T22:30:25+00:00\" \/>\n<meta name=\"twitter:card\" content=\"summary_large_image\" \/>\n<meta name=\"twitter:label1\" content=\"Tiempo de lectura\" \/>\n\t<meta name=\"twitter:data1\" content=\"8 minutos\" \/>\n<script type=\"application\/ld+json\" class=\"yoast-schema-graph\">{\"@context\":\"https:\\\/\\\/schema.org\",\"@graph\":[{\"@type\":\"WebPage\",\"@id\":\"https:\\\/\\\/deepinnerhealth.com\\\/es\\\/testimonios\\\/\",\"url\":\"https:\\\/\\\/deepinnerhealth.com\\\/es\\\/testimonios\\\/\",\"name\":\"Testimonios - Deep Inner Health\",\"isPartOf\":{\"@id\":\"https:\\\/\\\/deepinnerhealth.com\\\/es\\\/#website\"},\"datePublished\":\"2022-08-16T04:02:55+00:00\",\"dateModified\":\"2022-10-12T22:30:25+00:00\",\"description\":\"Testimonios | Deep Inner Health | Descubre lo que dice la gente sobre Deep Inner Health\",\"breadcrumb\":{\"@id\":\"https:\\\/\\\/deepinnerhealth.com\\\/es\\\/testimonios\\\/#breadcrumb\"},\"inLanguage\":\"es\",\"potentialAction\":[{\"@type\":\"ReadAction\",\"target\":[\"https:\\\/\\\/deepinnerhealth.com\\\/es\\\/testimonios\\\/\"]}]},{\"@type\":\"BreadcrumbList\",\"@id\":\"https:\\\/\\\/deepinnerhealth.com\\\/es\\\/testimonios\\\/#breadcrumb\",\"itemListElement\":[{\"@type\":\"ListItem\",\"position\":1,\"name\":\"Home\",\"item\":\"https:\\\/\\\/deepinnerhealth.com\\\/es\\\/\"},{\"@type\":\"ListItem\",\"position\":2,\"name\":\"Testimonios\"}]},{\"@type\":\"WebSite\",\"@id\":\"https:\\\/\\\/deepinnerhealth.com\\\/es\\\/#website\",\"url\":\"https:\\\/\\\/deepinnerhealth.com\\\/es\\\/\",\"name\":\"Deep Inner Health\",\"description\":\"Functional Medicine Practitioner\",\"potentialAction\":[{\"@type\":\"SearchAction\",\"target\":{\"@type\":\"EntryPoint\",\"urlTemplate\":\"https:\\\/\\\/deepinnerhealth.com\\\/es\\\/?s={search_term_string}\"},\"query-input\":{\"@type\":\"PropertyValueSpecification\",\"valueRequired\":true,\"valueName\":\"search_term_string\"}}],\"inLanguage\":\"es\"}]}<\/script>\n<!-- \/ Yoast SEO plugin. -->","yoast_head_json":{"title":"Testimonios - Deep Inner Health","description":"Testimonios | Deep Inner Health | Descubre lo que dice la gente sobre Deep Inner Health","robots":{"index":"index","follow":"follow","max-snippet":"max-snippet:-1","max-image-preview":"max-image-preview:large","max-video-preview":"max-video-preview:-1"},"canonical":"https:\/\/deepinnerhealth.com\/es\/testimonios\/","og_locale":"es_ES","og_type":"article","og_title":"Testimonios - Deep Inner Health","og_description":"Testimonios | Deep Inner Health | Descubre lo que dice la gente sobre Deep Inner Health","og_url":"https:\/\/deepinnerhealth.com\/es\/testimonios\/","og_site_name":"Deep Inner Health","article_modified_time":"2022-10-12T22:30:25+00:00","twitter_card":"summary_large_image","twitter_misc":{"Tiempo de lectura":"8 minutos"},"schema":{"@context":"https:\/\/schema.org","@graph":[{"@type":"WebPage","@id":"https:\/\/deepinnerhealth.com\/es\/testimonios\/","url":"https:\/\/deepinnerhealth.com\/es\/testimonios\/","name":"Testimonios - Deep Inner Health","isPartOf":{"@id":"https:\/\/deepinnerhealth.com\/es\/#website"},"datePublished":"2022-08-16T04:02:55+00:00","dateModified":"2022-10-12T22:30:25+00:00","description":"Testimonios | Deep Inner Health | Descubre lo que dice la gente sobre Deep Inner Health","breadcrumb":{"@id":"https:\/\/deepinnerhealth.com\/es\/testimonios\/#breadcrumb"},"inLanguage":"es","potentialAction":[{"@type":"ReadAction","target":["https:\/\/deepinnerhealth.com\/es\/testimonios\/"]}]},{"@type":"BreadcrumbList","@id":"https:\/\/deepinnerhealth.com\/es\/testimonios\/#breadcrumb","itemListElement":[{"@type":"ListItem","position":1,"name":"Home","item":"https:\/\/deepinnerhealth.com\/es\/"},{"@type":"ListItem","position":2,"name":"Testimonios"}]},{"@type":"WebSite","@id":"https:\/\/deepinnerhealth.com\/es\/#website","url":"https:\/\/deepinnerhealth.com\/es\/","name":"Deep Inner Health","description":"Functional Medicine Practitioner","potentialAction":[{"@type":"SearchAction","target":{"@type":"EntryPoint","urlTemplate":"https:\/\/deepinnerhealth.com\/es\/?s={search_term_string}"},"query-input":{"@type":"PropertyValueSpecification","valueRequired":true,"valueName":"search_term_string"}}],"inLanguage":"es"}]}},"_links":{"self":[{"href":"https:\/\/deepinnerhealth.com\/es\/wp-json\/wp\/v2\/pages\/2810","targetHints":{"allow":["GET"]}}],"collection":[{"href":"https:\/\/deepinnerhealth.com\/es\/wp-json\/wp\/v2\/pages"}],"about":[{"href":"https:\/\/deepinnerhealth.com\/es\/wp-json\/wp\/v2\/types\/page"}],"author":[{"embeddable":true,"href":"https:\/\/deepinnerhealth.com\/es\/wp-json\/wp\/v2\/users\/1"}],"replies":[{"embeddable":true,"href":"https:\/\/deepinnerhealth.com\/es\/wp-json\/wp\/v2\/comments?post=2810"}],"version-history":[{"count":19,"href":"https:\/\/deepinnerhealth.com\/es\/wp-json\/wp\/v2\/pages\/2810\/revisions"}],"predecessor-version":[{"id":4368,"href":"https:\/\/deepinnerhealth.com\/es\/wp-json\/wp\/v2\/pages\/2810\/revisions\/4368"}],"wp:attachment":[{"href":"https:\/\/deepinnerhealth.com\/es\/wp-json\/wp\/v2\/media?parent=2810"}],"curies":[{"name":"wp","href":"https:\/\/api.w.org\/{rel}","templated":true}]}}