{"id":3381,"date":"2022-06-06T23:12:15","date_gmt":"2022-06-06T13:12:15","guid":{"rendered":"https:\/\/deepinnerhealth.com\/termes-et-conditions\/"},"modified":"2022-09-16T09:24:22","modified_gmt":"2022-09-15T23:24:22","slug":"termes-et-conditions","status":"publish","type":"page","link":"https:\/\/deepinnerhealth.com\/fr\/termes-et-conditions\/","title":{"rendered":"Termes et conditions"},"content":{"rendered":"<div class=\"post-content\">\n<h3 class=\"fusion-responsive-typography-calculated\" data-fontsize=\"32\" data-lineheight=\"40.3167px\">Qui sommes-nous ?<\/h3>\n<p>L&rsquo;adresse de notre site web <a href=\"https:\/\/deepinnerhealth.com\/fr\/\">https:\/\/deepinnerhealth.com<\/a><\/p>\n<h3 class=\"fusion-responsive-typography-calculated\" data-fontsize=\"32\" data-lineheight=\"40.3167px\">Termes et conditions<\/h3>\n<p>Nous utilisons SimplyBook pour les r\u00e9servations et les paiements. Vous trouverez SimplyBook<strong> <a href=\"https:\/\/simplybook.me\/en\/terms-and-conditions\" target=\"_blank\" rel=\"noopener\">conditions g\u00e9n\u00e9rales ici<\/a><span style=\"color: #ff0000;\"><br \/><\/span><\/strong><\/p>\n<h3 class=\"fusion-responsive-typography-calculated\" data-fontsize=\"32\" data-lineheight=\"40.3167px\">Politique de confidentialit\u00e9<\/h3>\n<p>Cette politique couvre la mani\u00e8re dont nous utilisons vos informations personnelles. Nous prenons votre vie priv\u00e9e au s\u00e9rieux et nous prendrons toutes les mesures n\u00e9cessaires pour prot\u00e9ger vos informations personnelles.<\/p>\n<p>Nous traitons toutes vos informations personnelles de mani\u00e8re confidentielle. Nous ne conservons les coordonn\u00e9es des clients que dans l&rsquo;int\u00e9r\u00eat d&rsquo;une communication ult\u00e9rieure.<\/p>\n<p>Nous ne transmettrons jamais votre adresse \u00e9lectronique \u00e0 un tiers \u00e0 des fins de marketing et ne conserverons jamais les d\u00e9tails de votre carte de cr\u00e9dit dans notre base de donn\u00e9es ou sur nos serveurs. Nous ne transmettrons jamais les donn\u00e9es de votre carte de cr\u00e9dit \u00e0 qui que ce soit, \u00e0 l&rsquo;exception des agences de compensation des cartes de cr\u00e9dit, des agences de pr\u00e9vention et de d\u00e9tection des fraudes ou sauf instructions contraires de votre part.<\/p>\n<p><strong>Informations personnelles collect\u00e9es<\/strong><\/p>\n<p>La collecte de vos informations personnelles peut se faire par le biais des interactions suivantes :<\/p>\n<ul>\n<li>Lorsque vous acc\u00e9dez \u00e0 notre site web et l&rsquo;utilisez<\/li>\n<li>Lors des conversations avec les membres de notre \u00e9quipe<\/li>\n<li>Lorsque vous remp remplissez des formulaires du site web<\/li>\n<li>Lorsque vous communiquez avec nous directement (par courriel, t\u00e9l\u00e9phone, courrier direct ou tout autre moyen)<\/li>\n<li>Lorsque vous interagissez avec nous lors de promotions, de concours, d&rsquo;\u00e9v\u00e9nements sp\u00e9ciaux.<\/li>\n<\/ul>\n<p><strong>Cookies<\/strong><\/p>\n<p><em>Qu&rsquo;est-ce qu&rsquo;un cookie ?<\/em><\/p>\n<p>Les cookies sont de petits \u00e9l\u00e9ments de donn\u00e9es que nous stockons sur l&rsquo;appareil (ordinateur, t\u00e9l\u00e9phone mobile, tablette ou tout autre appareil mobile) Chaque cookie expire apr\u00e8s une certaine p\u00e9riode de temps en fonction de l&rsquo;usage que nous en faisons. Comme la plupart des sites web commerciaux, nous utilisons des cookies sur les pages web. Nous utilisons des cookies pour plusieurs raisons. Nous \u00e9num\u00e9rons et d\u00e9crivons ci-dessous les diff\u00e9rents types de cookies que nous utilisons sur notre site.<\/p>\n<p>En utilisant notre site web, vous consentez express\u00e9ment \u00e0 l&rsquo;utilisation de cookies telle que d\u00e9crite dans le pr\u00e9sent document. Veuillez consulter ci-dessous pour obtenir des d\u00e9tails sur chacun des types de cookies que nous utilisons.<\/p>\n<p><em>Quels sont les cookies que nous utilisons ?<\/em><\/p>\n<p>Nous avons inclus ci-dessous des listes d\u00e9taill\u00e9es des cookies utilis\u00e9s sur notre site pour inclure des informations sur le type de cookie, les p\u00e9riodes d&rsquo;expiration et les liens vers des sites tiers le cas \u00e9ch\u00e9ant.<\/p>\n<p><em>Cookies obligatoires ou essentiels  <\/em><\/p>\n<p>Certains cookies sont n\u00e9cessaires pour que notre site fonctionne correctement et reste s\u00e9curis\u00e9. Par exemple, nous utilisons des cookies pour vous authentifier. Lorsque vous vous connectez \u00e0 nos sites web, des cookies d&rsquo;authentification sont mis en place et nous permettent de savoir qui vous \u00eates pendant une session de navigation. Nous devons charger des cookies essentiels pour les int\u00e9r\u00eats l\u00e9gitimes que nous poursuivons en vous fournissant les fonctionnalit\u00e9s essentielles de notre site.<\/p>\n<p><em>Cookies de fonctionnalit\u00e9  <\/em><\/p>\n<p>Ces cookies sont utilis\u00e9s pour permettre certaines fonctionnalit\u00e9s suppl\u00e9mentaires sur notre site web, comme le stockage de vos pr\u00e9f\u00e9rences (par exemple, le nom d&rsquo;utilisateur et le choix de la langue). Cette fonctionnalit\u00e9 am\u00e9liore l&rsquo;exp\u00e9rience de l&rsquo;utilisateur.<\/p>\n<p><em>Cookies des m\u00e9dias sociaux<\/em><\/p>\n<p>Les cookies de m\u00e9dias sociaux collectent des informations sur l&rsquo;utilisation des m\u00e9dias sociaux.<\/p>\n<p><em>  Cookies d&rsquo;analyse<\/em><\/p>\n<p>Google Analytics : Les cookies analytiques collectent des informations sur votre utilisation de notre site et nous permettent d&rsquo;am\u00e9liorer son fonctionnement ou de recueillir des donn\u00e9es sur vos int\u00e9r\u00eats sur le site. Par exemple, les cookies analytiques nous montrent quelles sont les pages les plus visit\u00e9es sur le site, nous aident \u00e0 enregistrer les difficult\u00e9s que vous rencontrez sur le site et nous montrent si notre publicit\u00e9 est efficace ou non. Cela nous permet de voir les sch\u00e9mas globaux d&rsquo;utilisation du site, plut\u00f4t que l&rsquo;utilisation d&rsquo;une seule personne. Nous utilisons ces informations pour analyser le trafic des sites.<\/p>\n<p><em>Comment puis-je g\u00e9rer les cookies ?<\/em><\/p>\n<p>Si vous souhaitez supprimer ou d\u00e9sactiver les cookies via votre navigateur, vous avez la possibilit\u00e9 de le faire. Pour ce faire, veuillez vous reporter \u00e0 la documentation relative \u00e0 la configuration de votre navigateur, car les \u00e9tapes \u00e0 suivre sont g\u00e9n\u00e9ralement sp\u00e9cifiques \u00e0 ce dernier. Il est important de noter que si vous optez pour cette solution, cela pourrait avoir un impact n\u00e9gatif sur votre capacit\u00e9 \u00e0 utiliser efficacement nos services. L&rsquo;activation des cookies garantit une exp\u00e9rience plus fluide lorsque vous utilisez notre site.<\/p>\n<p><strong>Utilisation des informations personnelles<\/strong><\/p>\n<p>Nous recueillons vos informations personnelles afin de pouvoir mener \u00e0 bien les actions suivantes :<\/p>\n<ul>\n<li>Pour vous fournir les produits et services que vous nous avez demand\u00e9s.<\/li>\n<li>Pour communiquer avec vous, notamment sur les produits et services, les offres sp\u00e9ciales et les \u00e9v\u00e9nements susceptibles de vous int\u00e9resser.<\/li>\n<li>Pour r\u00e9pondre \u00e0 vos questions et vous fournir des informations ou des conseils<\/li>\n<li>Pour cr\u00e9er des commandes, des relev\u00e9s de transactions, des accords de vente de produits ou de services, des comptes, des factures ou des re\u00e7us fiscaux.<\/li>\n<li>Effectuer des activit\u00e9s d&rsquo;administration, de marketing, de planification, de pr\u00e9vention des fraudes et des pertes, d&rsquo;approvisionnement, de d\u00e9veloppement de produits et de services, de contr\u00f4le de la qualit\u00e9 et de recherche afin d&rsquo;am\u00e9liorer la mani\u00e8re dont nous et les prestataires de services vous fournissons des produits et des services.<\/li>\n<li>Examiner et r\u00e9pondre aux plaintes que vous avez d\u00e9pos\u00e9es<\/li>\n<li>Pour se conformer aux lois ou aux r\u00e8glements ou pour se conformer \u00e0 toute instruction donn\u00e9e par les r\u00e9gulateurs ou les autorit\u00e9s ; ou<\/li>\n<li>Si vous \u00eates un candidat \u00e0 l&#8217;emploi, afin d&rsquo;\u00e9valuer votre aptitude \u00e0 occuper un poste chez Deep Inner Health<\/li>\n<\/ul>\n<p><strong>Mise \u00e0 jour de vos informations personnelles<\/strong><\/p>\n<p>Vous pouvez mettre \u00e0 jour vos informations personnelles \u00e0 tout moment en contactant Deep Inner Health.<\/p>\n<p><strong>S\u00e9curit\u00e9 de vos informations personnelles<\/strong><\/p>\n<p>Nous nous effor\u00e7ons de prot\u00e9ger la s\u00e9curit\u00e9 de vos informations pendant leur transmission en utilisant le logiciel Secure Sockets Layer (SSL), qui crypte les informations que vous saisissez. Nous appliquons des mesures de protection physiques, \u00e9lectroniques et proc\u00e9durales en ce qui concerne la collecte, le stockage et la divulgation des informations personnelles identifiables des clients.<\/p>\n<p>Nos proc\u00e9dures de s\u00e9curit\u00e9 font que nous pouvons occasionnellement demander une preuve d&rsquo;identit\u00e9 avant de vous divulguer des informations personnelles. Il est important que vous vous prot\u00e9giez contre tout acc\u00e8s non autoris\u00e9 \u00e0 votre mot de passe et \u00e0 votre ordinateur.<\/p>\n<p>Nous prot\u00e9geons vos informations personnelles en :<\/p>\n<ul>\n<li>Restriction de l&rsquo;acc\u00e8s aux informations personnelles<\/li>\n<li>Maintenir les produits technologiques afin d&#8217;emp\u00eacher tout acc\u00e8s non autoris\u00e9 aux ordinateurs.<\/li>\n<li>d\u00e9truire en toute s\u00e9curit\u00e9 vos informations personnelles lorsqu&rsquo;elles ne sont plus n\u00e9cessaires \u00e0 des fins de conservation de nos archives.<\/li>\n<li>Nous utilisons la technologie de cryptage SSL (secure sockets layer) \u00e0 128 bits pour traiter vos donn\u00e9es financi\u00e8res. On estime qu&rsquo;il faut au moins un trillion d&rsquo;ann\u00e9es pour casser le cryptage SSL 128 bits, qui est la norme du secteur.<\/li>\n<\/ul>\n<p><strong>Divulgation d&rsquo;informations personnelles<\/strong><\/p>\n<p>Vos informations personnelles peuvent \u00eatre divulgu\u00e9es dans le cadre de toute finalit\u00e9 \u00e0 l&rsquo;une des entit\u00e9s suivantes :<\/p>\n<ul>\n<li>Nos employ\u00e9s, sous-traitants ou prestataires de services, dans la mesure o\u00f9 cela est raisonnablement n\u00e9cessaire pour remplir nos obligations envers vous. Il peut s&rsquo;agir de fournisseurs de services Internet, d&rsquo;administrateurs de syst\u00e8mes informatiques ou de d\u00e9veloppeurs Web.<\/li>\n<li>Nos conseillers commerciaux, y compris les avocats, les comptables ou d&rsquo;autres prestataires de services professionnels, dans la mesure o\u00f9 cela est raisonnablement n\u00e9cessaire.<\/li>\n<li>Fournisseurs et autres tiers avec lesquels nous entretenons des relations commerciales, \u00e0 des fins commerciales, de marketing et autres.<\/li>\n<\/ul>\n<p>Vos informations personnelles ne seront pas partag\u00e9es, vendues, lou\u00e9es ou divulgu\u00e9es autrement que comme d\u00e9crit dans cette politique de confidentialit\u00e9.<\/p>\n<p><strong>\u00c0 propos des atteintes \u00e0 la vie priv\u00e9e<\/strong><\/p>\n<p>Si vous pensez que votre vie priv\u00e9e a \u00e9t\u00e9 viol\u00e9e par nous, veuillez <a href=\"https:\/\/deepinnerhealth.com\/contact-us\/\">nous contacter<\/a> et nous r\u00e9soudrons le probl\u00e8me.<\/p>\n<p><strong>Collecte des donn\u00e9es de votre ordinateur\/appareil<\/strong><\/p>\n<p>Lorsque vous visitez Deep Inner Health, les serveurs de notre soci\u00e9t\u00e9 enregistrent automatiquement les informations que votre navigateur envoie lorsque vous visitez un site web. Ces donn\u00e9es peuvent inclure :<\/p>\n<ul>\n<li>L&rsquo;adresse IP de votre ordinateur<\/li>\n<li>Type de navigateur<\/li>\n<li>Page web que vous visitiez avant de venir sur notre site<\/li>\n<li>Les pages de Deep Inner Health que vous visitez<\/li>\n<li>Le temps pass\u00e9 sur ces pages, les articles et informations recherch\u00e9s sur notre site, les heures et dates d&rsquo;acc\u00e8s, ainsi que d&rsquo;autres statistiques. Ces informations sont collect\u00e9es \u00e0 des fins d&rsquo;analyse et d&rsquo;\u00e9valuation afin de nous aider \u00e0 am\u00e9liorer notre site et les services et produits que nous proposons.<\/li>\n<\/ul>\n<p>  Ces donn\u00e9es ne seront pas utilis\u00e9es en association avec d&rsquo;autres informations personnelles.<\/p>\n<p> <strong>Conservation des donn\u00e9es<\/strong><\/p>\n<p>Nous conservons les donn\u00e9es identifiables que nous collectons \u00e0 des fins de ciblage et de reciblage jusqu&rsquo;\u00e0 90 jours apr\u00e8s chaque visite sur notre site web, apr\u00e8s quoi nous d\u00e9personnalisons les donn\u00e9es que nous collectons en supprimant les identifiants uniques et en tronquant les adresses IP.<\/p>\n<p><strong>Modifications de la politique de confidentialit\u00e9<\/strong><\/p>\n<p>Nous nous r\u00e9servons le droit de modifier et de changer cette politique de confidentialit\u00e9 \u00e0 tout moment. Toute modification de cette politique sera publi\u00e9e sur notre site.<\/p>\n<p><strong>Plaintes relatives \u00e0 des atteintes \u00e0 la vie priv\u00e9e<\/strong><\/p>\n<p>Si vous n&rsquo;\u00eates pas satisfait de la mani\u00e8re dont nous traitons votre demande ou votre plainte, n&rsquo;h\u00e9sitez pas \u00e0 nous contacter. Si vous \u00eates toujours pr\u00e9occup\u00e9 par la mani\u00e8re dont vos informations personnelles sont utilis\u00e9es ou si vous souhaitez que vos informations soient retir\u00e9es de nos fichiers, veuillez <a href=\"https:\/\/deepinnerhealth.com\/contact-us\/\">nous contacter ici<\/a>.<\/p>\n<\/div>\n","protected":false},"excerpt":{"rendered":"<p>Qui sommes-nous ? L&rsquo;adresse de notre site web https:\/\/deepinnerhealth.com Termes  [&#8230;]<\/p>\n","protected":false},"author":1,"featured_media":0,"parent":0,"menu_order":0,"comment_status":"closed","ping_status":"open","template":"","meta":{"content-type":"","footnotes":""},"class_list":["post-3381","page","type-page","status-publish","hentry"],"yoast_head":"<!-- This site is optimized with the Yoast SEO plugin v27.3 - https:\/\/yoast.com\/product\/yoast-seo-wordpress\/ -->\n<title>Termes et conditions - Deep Inner Health<\/title>\n<meta name=\"robots\" content=\"index, follow, max-snippet:-1, max-image-preview:large, max-video-preview:-1\" \/>\n<link rel=\"canonical\" href=\"https:\/\/deepinnerhealth.com\/fr\/termes-et-conditions\/\" \/>\n<meta property=\"og:locale\" content=\"fr_FR\" \/>\n<meta property=\"og:type\" content=\"article\" \/>\n<meta property=\"og:title\" content=\"Termes et conditions - Deep Inner Health\" \/>\n<meta property=\"og:description\" content=\"Qui sommes-nous ? L&rsquo;adresse de notre site web https:\/\/deepinnerhealth.com Termes [...]\" \/>\n<meta property=\"og:url\" content=\"https:\/\/deepinnerhealth.com\/fr\/termes-et-conditions\/\" \/>\n<meta property=\"og:site_name\" content=\"Deep Inner Health\" \/>\n<meta property=\"article:modified_time\" content=\"2022-09-15T23:24:22+00:00\" \/>\n<meta name=\"twitter:card\" content=\"summary_large_image\" \/>\n<meta name=\"twitter:label1\" content=\"Dur\u00e9e de lecture estim\u00e9e\" \/>\n\t<meta name=\"twitter:data1\" content=\"8 minutes\" \/>\n<script type=\"application\/ld+json\" class=\"yoast-schema-graph\">{\"@context\":\"https:\\\/\\\/schema.org\",\"@graph\":[{\"@type\":\"WebPage\",\"@id\":\"https:\\\/\\\/deepinnerhealth.com\\\/fr\\\/termes-et-conditions\\\/\",\"url\":\"https:\\\/\\\/deepinnerhealth.com\\\/fr\\\/termes-et-conditions\\\/\",\"name\":\"Termes et conditions - Deep Inner Health\",\"isPartOf\":{\"@id\":\"https:\\\/\\\/deepinnerhealth.com\\\/fr\\\/#website\"},\"datePublished\":\"2022-06-06T13:12:15+00:00\",\"dateModified\":\"2022-09-15T23:24:22+00:00\",\"breadcrumb\":{\"@id\":\"https:\\\/\\\/deepinnerhealth.com\\\/fr\\\/termes-et-conditions\\\/#breadcrumb\"},\"inLanguage\":\"fr-FR\",\"potentialAction\":[{\"@type\":\"ReadAction\",\"target\":[\"https:\\\/\\\/deepinnerhealth.com\\\/fr\\\/termes-et-conditions\\\/\"]}]},{\"@type\":\"BreadcrumbList\",\"@id\":\"https:\\\/\\\/deepinnerhealth.com\\\/fr\\\/termes-et-conditions\\\/#breadcrumb\",\"itemListElement\":[{\"@type\":\"ListItem\",\"position\":1,\"name\":\"Home\",\"item\":\"https:\\\/\\\/deepinnerhealth.com\\\/fr\\\/une-sante-interieure-profonde\\\/\"},{\"@type\":\"ListItem\",\"position\":2,\"name\":\"Termes et conditions\"}]},{\"@type\":\"WebSite\",\"@id\":\"https:\\\/\\\/deepinnerhealth.com\\\/fr\\\/#website\",\"url\":\"https:\\\/\\\/deepinnerhealth.com\\\/fr\\\/\",\"name\":\"Deep Inner Health\",\"description\":\"Functional Medicine Practitioner\",\"potentialAction\":[{\"@type\":\"SearchAction\",\"target\":{\"@type\":\"EntryPoint\",\"urlTemplate\":\"https:\\\/\\\/deepinnerhealth.com\\\/fr\\\/?s={search_term_string}\"},\"query-input\":{\"@type\":\"PropertyValueSpecification\",\"valueRequired\":true,\"valueName\":\"search_term_string\"}}],\"inLanguage\":\"fr-FR\"}]}<\/script>\n<!-- \/ Yoast SEO plugin. -->","yoast_head_json":{"title":"Termes et conditions - Deep Inner Health","robots":{"index":"index","follow":"follow","max-snippet":"max-snippet:-1","max-image-preview":"max-image-preview:large","max-video-preview":"max-video-preview:-1"},"canonical":"https:\/\/deepinnerhealth.com\/fr\/termes-et-conditions\/","og_locale":"fr_FR","og_type":"article","og_title":"Termes et conditions - Deep Inner Health","og_description":"Qui sommes-nous ? L&rsquo;adresse de notre site web https:\/\/deepinnerhealth.com Termes [...]","og_url":"https:\/\/deepinnerhealth.com\/fr\/termes-et-conditions\/","og_site_name":"Deep Inner Health","article_modified_time":"2022-09-15T23:24:22+00:00","twitter_card":"summary_large_image","twitter_misc":{"Dur\u00e9e de lecture estim\u00e9e":"8 minutes"},"schema":{"@context":"https:\/\/schema.org","@graph":[{"@type":"WebPage","@id":"https:\/\/deepinnerhealth.com\/fr\/termes-et-conditions\/","url":"https:\/\/deepinnerhealth.com\/fr\/termes-et-conditions\/","name":"Termes et conditions - Deep Inner Health","isPartOf":{"@id":"https:\/\/deepinnerhealth.com\/fr\/#website"},"datePublished":"2022-06-06T13:12:15+00:00","dateModified":"2022-09-15T23:24:22+00:00","breadcrumb":{"@id":"https:\/\/deepinnerhealth.com\/fr\/termes-et-conditions\/#breadcrumb"},"inLanguage":"fr-FR","potentialAction":[{"@type":"ReadAction","target":["https:\/\/deepinnerhealth.com\/fr\/termes-et-conditions\/"]}]},{"@type":"BreadcrumbList","@id":"https:\/\/deepinnerhealth.com\/fr\/termes-et-conditions\/#breadcrumb","itemListElement":[{"@type":"ListItem","position":1,"name":"Home","item":"https:\/\/deepinnerhealth.com\/fr\/une-sante-interieure-profonde\/"},{"@type":"ListItem","position":2,"name":"Termes et conditions"}]},{"@type":"WebSite","@id":"https:\/\/deepinnerhealth.com\/fr\/#website","url":"https:\/\/deepinnerhealth.com\/fr\/","name":"Deep Inner Health","description":"Functional Medicine Practitioner","potentialAction":[{"@type":"SearchAction","target":{"@type":"EntryPoint","urlTemplate":"https:\/\/deepinnerhealth.com\/fr\/?s={search_term_string}"},"query-input":{"@type":"PropertyValueSpecification","valueRequired":true,"valueName":"search_term_string"}}],"inLanguage":"fr-FR"}]}},"_links":{"self":[{"href":"https:\/\/deepinnerhealth.com\/fr\/wp-json\/wp\/v2\/pages\/3381","targetHints":{"allow":["GET"]}}],"collection":[{"href":"https:\/\/deepinnerhealth.com\/fr\/wp-json\/wp\/v2\/pages"}],"about":[{"href":"https:\/\/deepinnerhealth.com\/fr\/wp-json\/wp\/v2\/types\/page"}],"author":[{"embeddable":true,"href":"https:\/\/deepinnerhealth.com\/fr\/wp-json\/wp\/v2\/users\/1"}],"replies":[{"embeddable":true,"href":"https:\/\/deepinnerhealth.com\/fr\/wp-json\/wp\/v2\/comments?post=3381"}],"version-history":[{"count":1,"href":"https:\/\/deepinnerhealth.com\/fr\/wp-json\/wp\/v2\/pages\/3381\/revisions"}],"predecessor-version":[{"id":3389,"href":"https:\/\/deepinnerhealth.com\/fr\/wp-json\/wp\/v2\/pages\/3381\/revisions\/3389"}],"wp:attachment":[{"href":"https:\/\/deepinnerhealth.com\/fr\/wp-json\/wp\/v2\/media?parent=3381"}],"curies":[{"name":"wp","href":"https:\/\/api.w.org\/{rel}","templated":true}]}}