{"id":3505,"date":"2022-08-16T14:02:13","date_gmt":"2022-08-16T04:02:13","guid":{"rendered":"https:\/\/deepinnerhealth.com\/a-propos-de-nous\/"},"modified":"2022-10-13T09:20:33","modified_gmt":"2022-10-12T22:20:33","slug":"a-propos-de-nous","status":"publish","type":"page","link":"https:\/\/deepinnerhealth.com\/fr\/a-propos-de-nous\/","title":{"rendered":"A propos de nous"},"content":{"rendered":"<p><div class=\"fusion-fullwidth fullwidth-box fusion-builder-row-1 fusion-flex-container nonhundred-percent-fullwidth non-hundred-percent-height-scrolling\" style=\"--awb-border-radius-top-left:0px;--awb-border-radius-top-right:0px;--awb-border-radius-bottom-right:0px;--awb-border-radius-bottom-left:0px;--awb-padding-top:5vw;--awb-padding-bottom:5vw;--awb-flex-wrap:wrap;\" ><div class=\"fusion-builder-row fusion-row fusion-flex-align-items-stretch fusion-flex-content-wrap\" style=\"max-width:1365px;margin-left: calc(-5% \/ 2 );margin-right: calc(-5% \/ 2 );\"><div class=\"fusion-layout-column fusion_builder_column fusion-builder-column-0 fusion_builder_column_1_2 1_2 fusion-flex-column fusion-animated\" style=\"--awb-padding-right:4vw;--awb-padding-bottom:6vw;--awb-padding-left:4vw;--awb-padding-top-small:9vw;--awb-padding-right-small:4vw;--awb-padding-bottom-small:9vw;--awb-padding-left-small:4vw;--awb-overflow:hidden;--awb-bg-color:var(--awb-color1);--awb-bg-color-hover:var(--awb-color1);--awb-bg-size:cover;--awb-border-radius:6px 6px 6px 6px;--awb-width-large:50%;--awb-margin-top-large:0px;--awb-spacing-right-large:4.75%;--awb-margin-bottom-large:0px;--awb-spacing-left-large:4.75%;--awb-width-medium:50%;--awb-order-medium:0;--awb-spacing-right-medium:4.75%;--awb-spacing-left-medium:4.75%;--awb-width-small:100%;--awb-order-small:0;--awb-spacing-right-small:2.375%;--awb-margin-bottom-small:6vw;--awb-spacing-left-small:2.375%;\" data-animationType=\"fadeInUp\" data-animationDuration=\"1.0\" data-animationOffset=\"top-into-view\"><div class=\"fusion-column-wrapper fusion-column-has-shadow fusion-flex-justify-content-flex-start fusion-content-layout-column\"><div class=\"fusion-text fusion-text-1\" style=\"--awb-font-size:16px;--awb-line-height:1.9;--awb-text-color:var(--awb-color8);--awb-text-font-family:&quot;Montserrat&quot;;--awb-text-font-style:normal;--awb-text-font-weight:400;\"><h2>A propos de nous<\/h2>\n<p><strong>Qui est votre professionnel de la sant\u00e9 ?  <\/strong><\/p>\n<p>Je suis le Dr Ulla Gerich-McGregor, membre de la Facult\u00e9 australasienne de m\u00e9decine de r\u00e9adaptation (FAFRM), qui fait partie du Coll\u00e8ge royal australasien des m\u00e9decins.<\/p>\n<p>Avant d&rsquo;arriver en Australie en 2002, j&rsquo;ai travaill\u00e9 comme m\u00e9decin sp\u00e9cialiste en Suisse et en Allemagne. Apr\u00e8s avoir obtenu sa qualification en Allemagne et en Suisse en tant que Fellow (sp\u00e9cialiste) en chirurgie orthop\u00e9dique, il a \u00e9galement obtenu des dipl\u00f4mes en m\u00e9decine d&rsquo;urgence et en m\u00e9decine du sport.<\/p>\n<p>Avec une exp\u00e9rience de chirurgien orthop\u00e9dique de plus de 10 ans, mes patients b\u00e9n\u00e9ficient grandement de mon exp\u00e9rience suppl\u00e9mentaire en tant que sp\u00e9cialiste de la r\u00e9adaptation et de la gestion de la douleur.<\/p>\n<p>A la recherche d&rsquo;une approche diff\u00e9rente et compl\u00e9mentaire pour aider les patients \u00e0 pr\u00e9venir les maladies, en trouvant la cause profonde de la maladie plut\u00f4t que de traiter uniquement les sympt\u00f4mes, je me suis form\u00e9e \u00e0 la <em>m\u00e9decine fonctionnelle<\/em><em> depuis 2019 aupr\u00e8s de l&rsquo;ACNEM (Australasian College of Nutritional and Environmental Medicine) <\/em>en Australie.<\/p>\n<p>\u00c9tant m\u00e9decin depuis plus de 30 ans et traitant des milliers de patients, j&rsquo;ai remarqu\u00e9 le lien \u00e9troit entre le corps, l&rsquo;esprit et l&rsquo;\u00e2me. Les traumatismes physiques et \u00e9motionnels se manifestent souvent par un \u00e9tat de sant\u00e9 ou une maladie chronique plusieurs ann\u00e9es apr\u00e8s. Il est souvent impossible de se contenter de traiter les sympt\u00f4mes physiques. Une approche holistique tenant compte de la vie, de la sant\u00e9, des relations et de l&rsquo;environnement du patient est tr\u00e8s importante pour trouver la cause profonde et proposer un plan de traitement complet, holistique et individuel.<\/p>\n<p><strong>Mon propre voyage vers la m\u00e9decine fonctionnelle.<br \/>\n<\/strong><\/p>\n<p>Mon propre parcours de sant\u00e9 a commenc\u00e9 par le diagnostic d&rsquo;une maladie neurologique auto-immune, qui a n\u00e9cessit\u00e9 des perfusions toutes les quatre semaines pendant dix ans, ainsi que le pronostic qu&rsquo;un jour la th\u00e9rapie ne fonctionnerait probablement pas, entra\u00eenant des paralysies et des douleurs invalidantes. J&rsquo;\u00e9tais int\u00e9ress\u00e9e et d\u00e9sireuse d&rsquo;en savoir plus sur la nouvelle sp\u00e9cialit\u00e9 de la M\u00c9DECINE FONCTIONNELLE, sur ses r\u00e9sultats prometteurs et sur les preuves de recherche permettant de diagnostiquer et de traiter avec succ\u00e8s diff\u00e9rentes conditions et probl\u00e8mes de sant\u00e9 chroniques de mani\u00e8re holistique.<\/p>\n<p>Mes nouvelles connaissances et mon expertise m&rsquo;ont donn\u00e9 des outils fond\u00e9s sur des preuves pour \u00e9tablir la cause profonde et un programme de traitement individualis\u00e9 pour chacun de mes patients et pour moi-m\u00eame. Un programme de traitement holistique m&rsquo;a permis, au bout de six mois, d&rsquo;arr\u00eater les traitements par perfusion et, deux ans plus tard, je n&rsquo;ai toujours pas de sympt\u00f4mes ni de douleurs. Je suis en meilleure sant\u00e9, plus en forme et je profite de la vie plus qu&rsquo;il y a dix ans.<\/p>\n<\/div><\/div><\/div><div class=\"fusion-layout-column fusion_builder_column fusion-builder-column-1 fusion_builder_column_1_2 1_2 fusion-flex-column\" style=\"--awb-bg-size:cover;--awb-width-large:50%;--awb-margin-top-large:0px;--awb-spacing-right-large:4.75%;--awb-margin-bottom-large:20px;--awb-spacing-left-large:4.75%;--awb-width-medium:50%;--awb-order-medium:0;--awb-spacing-right-medium:4.75%;--awb-spacing-left-medium:4.75%;--awb-width-small:100%;--awb-order-small:0;--awb-spacing-right-small:2.375%;--awb-spacing-left-small:2.375%;\"><div class=\"fusion-column-wrapper fusion-column-has-shadow fusion-flex-justify-content-flex-start fusion-content-layout-column\"><div class=\"fusion-image-element \" style=\"--awb-caption-title-font-family:var(--h2_typography-font-family);--awb-caption-title-font-weight:var(--h2_typography-font-weight);--awb-caption-title-font-style:var(--h2_typography-font-style);--awb-caption-title-size:var(--h2_typography-font-size);--awb-caption-title-transform:var(--h2_typography-text-transform);--awb-caption-title-line-height:var(--h2_typography-line-height);--awb-caption-title-letter-spacing:var(--h2_typography-letter-spacing);\"><span class=\" fusion-imageframe imageframe-none imageframe-1 hover-type-none\" style=\"border-radius:10px;\"><img decoding=\"async\" width=\"600\" height=\"490\" alt=\"deep inner health \u00e0 propos de nous\" title=\"sant\u00e9-int\u00e9rieur-profond sur nous-2\" src=\"\" data-orig-src=\"https:\/\/deepinnerhealth.com\/wp-content\/uploads\/2022\/08\/deep-inner-health-about-us-2.jpg\" class=\"lazyload img-responsive wp-image-3680\" srcset=\"data:image\/gif;base64,R0lGODlhAQABAAAAACH5BAEKAAEALAAAAAABAAEAAAICTAEAOw==\" data-srcset=\"https:\/\/deepinnerhealth.com\/wp-content\/uploads\/2022\/08\/deep-inner-health-about-us-2-200x163.jpg 200w, https:\/\/deepinnerhealth.com\/wp-content\/uploads\/2022\/08\/deep-inner-health-about-us-2-400x327.jpg 400w, https:\/\/deepinnerhealth.com\/wp-content\/uploads\/2022\/08\/deep-inner-health-about-us-2.jpg 600w\" data-sizes=\"auto\" data-orig-sizes=\"(max-width: 700px) 100vw, 600px\" \/><\/span><\/div><\/div><\/div><\/div><\/div><div class=\"fusion-fullwidth fullwidth-box fusion-builder-row-2 fusion-flex-container nonhundred-percent-fullwidth non-hundred-percent-height-scrolling fusion-animated\" style=\"--awb-border-color:var(--awb-color4);--awb-border-radius-top-left:0px;--awb-border-radius-top-right:0px;--awb-border-radius-bottom-right:0px;--awb-border-radius-bottom-left:0px;--awb-padding-top:0px;--awb-padding-bottom:7vw;--awb-margin-bottom:0px;--awb-flex-wrap:wrap;\" data-animationType=\"fadeInUp\" data-animationDuration=\"1.0\" data-animationOffset=\"top-into-view\" ><div class=\"fusion-builder-row fusion-row fusion-flex-align-items-stretch fusion-flex-content-wrap\" style=\"max-width:1365px;margin-left: calc(-5% \/ 2 );margin-right: calc(-5% \/ 2 );\"><div class=\"fusion-layout-column fusion_builder_column fusion-builder-column-2 fusion_builder_column_2_5 2_5 fusion-flex-column\" style=\"--awb-overflow:hidden;--awb-bg-position:center center;--awb-bg-size:cover;--awb-border-radius:6px 0px 0px 6px;--awb-width-large:40%;--awb-margin-top-large:0px;--awb-spacing-right-large:0px;--awb-margin-bottom-large:0px;--awb-spacing-left-large:5.9375%;--awb-width-medium:40%;--awb-order-medium:0;--awb-spacing-right-medium:0px;--awb-spacing-left-medium:5.9375%;--awb-width-small:16.666666666667%;--awb-order-small:0;--awb-spacing-right-small:0px;--awb-margin-bottom-small:6vw;--awb-spacing-left-small:14.25%;\"><div class=\"fusion-column-wrapper lazyload fusion-column-has-shadow fusion-flex-justify-content-flex-start fusion-content-layout-column fusion-empty-column-bg-image fusion-column-has-bg-image\" data-bg-url=\"https:\/\/deepinnerhealth.com\/wp-content\/uploads\/2022\/08\/deep-inner-health-cta-2.jpg\" data-bg=\"https:\/\/deepinnerhealth.com\/wp-content\/uploads\/2022\/08\/deep-inner-health-cta-2.jpg\"><img decoding=\"async\" class=\"fusion-empty-dims-img-placeholder fusion-no-large-visibility fusion-no-medium-visibility\" alt=\"la sant\u00e9 int\u00e9rieure profonde\" aria-label=\"deep-inner-health-cta-2\" src=\"data:image\/gif;base64,R0lGODlhAQABAAAAACH5BAEKAAEALAAAAAABAAEAAAICTAEAOw==\"><\/div><\/div><div class=\"fusion-layout-column fusion_builder_column fusion-builder-column-3 fusion_builder_column_3_5 3_5 fusion-flex-column\" style=\"--awb-padding-top:10vh;--awb-padding-right:6vw;--awb-padding-bottom:10vh;--awb-padding-left:6vw;--awb-padding-top-medium:8vw;--awb-padding-bottom-medium:8vw;--awb-padding-top-small:7vh;--awb-padding-right-small:7vw;--awb-padding-bottom-small:7vh;--awb-padding-left-small:7vw;--awb-overflow:hidden;--awb-bg-color:var(--awb-color4);--awb-bg-color-hover:var(--awb-color4);--awb-bg-size:cover;--awb-border-radius:0px 6px 6px 0px;--awb-width-large:60%;--awb-margin-top-large:0px;--awb-spacing-right-large:3.9583333333333%;--awb-margin-bottom-large:0px;--awb-spacing-left-large:0px;--awb-width-medium:60%;--awb-order-medium:0;--awb-spacing-right-medium:3.9583333333333%;--awb-spacing-left-medium:0px;--awb-width-small:83.333333333333%;--awb-order-small:0;--awb-spacing-right-small:2.85%;--awb-margin-bottom-small:6vw;--awb-spacing-left-small:0px;\"><div class=\"fusion-column-wrapper fusion-column-has-shadow fusion-flex-justify-content-flex-start fusion-content-layout-column\"><div class=\"fusion-title title fusion-title-1 fusion-sep-none fusion-title-text fusion-title-size-two\" style=\"--awb-text-color:var(--awb-color1);--awb-margin-bottom:20px;\"><h2 class=\"fusion-title-heading title-heading-left\" style=\"margin:0;\">M\u00e9decine fonctionnelle<\/h2><\/div><div class=\"fusion-text fusion-text-2\" style=\"--awb-content-alignment:left;--awb-font-size:17px;--awb-line-height:1.9;--awb-text-color:var(--awb-color1);\"><p>Nous pouvons vous aider \u00e0 atteindre une sant\u00e9 et un bien-\u00eatre \u00e9quilibr\u00e9s gr\u00e2ce \u00e0 une approche de m\u00e9decine fonctionnelle.<\/p>\n<\/div><div style=\"text-align:left;\"><a class=\"fusion-button button-flat button-xlarge button-default fusion-button-default button-1 fusion-button-default-span fusion-button-default-type\" style=\"--button_margin-top:20px;\" target=\"_self\" href=\"https:\/\/deepinnerhealth.com\/fr\/nous-contacter\/\"><span class=\"fusion-button-text\">Contactez nous aujourd&rsquo;hui<\/span><\/a><\/div><\/div><\/div><\/div><\/div><\/p>\n","protected":false},"excerpt":{"rendered":"","protected":false},"author":1,"featured_media":0,"parent":0,"menu_order":0,"comment_status":"closed","ping_status":"closed","template":"100-width.php","meta":{"content-type":"","footnotes":""},"class_list":["post-3505","page","type-page","status-publish","hentry"],"yoast_head":"<!-- This site is optimized with the Yoast SEO plugin v27.3 - https:\/\/yoast.com\/product\/yoast-seo-wordpress\/ -->\n<title>A propos de nous - Deep Inner Health<\/title>\n<meta name=\"description\" content=\"Mon nom est Dr Ulla Gerich-McGregor, membre de la Facult\u00e9 australasienne de m\u00e9decine de r\u00e9adaptation, qui fait partie du Coll\u00e8ge royal australasien des m\u00e9decins.\" \/>\n<meta name=\"robots\" content=\"index, follow, max-snippet:-1, max-image-preview:large, max-video-preview:-1\" \/>\n<link rel=\"canonical\" href=\"https:\/\/deepinnerhealth.com\/fr\/a-propos-de-nous\/\" \/>\n<meta property=\"og:locale\" content=\"fr_FR\" \/>\n<meta property=\"og:type\" content=\"article\" \/>\n<meta property=\"og:title\" content=\"A propos de nous - Deep Inner Health\" \/>\n<meta property=\"og:description\" content=\"Mon nom est Dr Ulla Gerich-McGregor, membre de la Facult\u00e9 australasienne de m\u00e9decine de r\u00e9adaptation, qui fait partie du Coll\u00e8ge royal australasien des m\u00e9decins.\" \/>\n<meta property=\"og:url\" content=\"https:\/\/deepinnerhealth.com\/fr\/a-propos-de-nous\/\" \/>\n<meta property=\"og:site_name\" content=\"Deep Inner Health\" \/>\n<meta property=\"article:modified_time\" content=\"2022-10-12T22:20:33+00:00\" \/>\n<meta name=\"twitter:card\" content=\"summary_large_image\" \/>\n<meta name=\"twitter:label1\" content=\"Dur\u00e9e de lecture estim\u00e9e\" \/>\n\t<meta name=\"twitter:data1\" content=\"16 minutes\" \/>\n<script type=\"application\/ld+json\" class=\"yoast-schema-graph\">{\"@context\":\"https:\\\/\\\/schema.org\",\"@graph\":[{\"@type\":\"WebPage\",\"@id\":\"https:\\\/\\\/deepinnerhealth.com\\\/fr\\\/a-propos-de-nous\\\/\",\"url\":\"https:\\\/\\\/deepinnerhealth.com\\\/fr\\\/a-propos-de-nous\\\/\",\"name\":\"A propos de nous - Deep Inner Health\",\"isPartOf\":{\"@id\":\"https:\\\/\\\/deepinnerhealth.com\\\/fr\\\/#website\"},\"datePublished\":\"2022-08-16T04:02:13+00:00\",\"dateModified\":\"2022-10-12T22:20:33+00:00\",\"description\":\"Mon nom est Dr Ulla Gerich-McGregor, membre de la Facult\u00e9 australasienne de m\u00e9decine de r\u00e9adaptation, qui fait partie du Coll\u00e8ge royal australasien des m\u00e9decins.\",\"breadcrumb\":{\"@id\":\"https:\\\/\\\/deepinnerhealth.com\\\/fr\\\/a-propos-de-nous\\\/#breadcrumb\"},\"inLanguage\":\"fr-FR\",\"potentialAction\":[{\"@type\":\"ReadAction\",\"target\":[\"https:\\\/\\\/deepinnerhealth.com\\\/fr\\\/a-propos-de-nous\\\/\"]}]},{\"@type\":\"BreadcrumbList\",\"@id\":\"https:\\\/\\\/deepinnerhealth.com\\\/fr\\\/a-propos-de-nous\\\/#breadcrumb\",\"itemListElement\":[{\"@type\":\"ListItem\",\"position\":1,\"name\":\"Home\",\"item\":\"https:\\\/\\\/deepinnerhealth.com\\\/fr\\\/une-sante-interieure-profonde\\\/\"},{\"@type\":\"ListItem\",\"position\":2,\"name\":\"A propos de nous\"}]},{\"@type\":\"WebSite\",\"@id\":\"https:\\\/\\\/deepinnerhealth.com\\\/fr\\\/#website\",\"url\":\"https:\\\/\\\/deepinnerhealth.com\\\/fr\\\/\",\"name\":\"Deep Inner Health\",\"description\":\"Functional Medicine Practitioner\",\"potentialAction\":[{\"@type\":\"SearchAction\",\"target\":{\"@type\":\"EntryPoint\",\"urlTemplate\":\"https:\\\/\\\/deepinnerhealth.com\\\/fr\\\/?s={search_term_string}\"},\"query-input\":{\"@type\":\"PropertyValueSpecification\",\"valueRequired\":true,\"valueName\":\"search_term_string\"}}],\"inLanguage\":\"fr-FR\"}]}<\/script>\n<!-- \/ Yoast SEO plugin. -->","yoast_head_json":{"title":"A propos de nous - Deep Inner Health","description":"Mon nom est Dr Ulla Gerich-McGregor, membre de la Facult\u00e9 australasienne de m\u00e9decine de r\u00e9adaptation, qui fait partie du Coll\u00e8ge royal australasien des m\u00e9decins.","robots":{"index":"index","follow":"follow","max-snippet":"max-snippet:-1","max-image-preview":"max-image-preview:large","max-video-preview":"max-video-preview:-1"},"canonical":"https:\/\/deepinnerhealth.com\/fr\/a-propos-de-nous\/","og_locale":"fr_FR","og_type":"article","og_title":"A propos de nous - Deep Inner Health","og_description":"Mon nom est Dr Ulla Gerich-McGregor, membre de la Facult\u00e9 australasienne de m\u00e9decine de r\u00e9adaptation, qui fait partie du Coll\u00e8ge royal australasien des m\u00e9decins.","og_url":"https:\/\/deepinnerhealth.com\/fr\/a-propos-de-nous\/","og_site_name":"Deep Inner Health","article_modified_time":"2022-10-12T22:20:33+00:00","twitter_card":"summary_large_image","twitter_misc":{"Dur\u00e9e de lecture estim\u00e9e":"16 minutes"},"schema":{"@context":"https:\/\/schema.org","@graph":[{"@type":"WebPage","@id":"https:\/\/deepinnerhealth.com\/fr\/a-propos-de-nous\/","url":"https:\/\/deepinnerhealth.com\/fr\/a-propos-de-nous\/","name":"A propos de nous - Deep Inner Health","isPartOf":{"@id":"https:\/\/deepinnerhealth.com\/fr\/#website"},"datePublished":"2022-08-16T04:02:13+00:00","dateModified":"2022-10-12T22:20:33+00:00","description":"Mon nom est Dr Ulla Gerich-McGregor, membre de la Facult\u00e9 australasienne de m\u00e9decine de r\u00e9adaptation, qui fait partie du Coll\u00e8ge royal australasien des m\u00e9decins.","breadcrumb":{"@id":"https:\/\/deepinnerhealth.com\/fr\/a-propos-de-nous\/#breadcrumb"},"inLanguage":"fr-FR","potentialAction":[{"@type":"ReadAction","target":["https:\/\/deepinnerhealth.com\/fr\/a-propos-de-nous\/"]}]},{"@type":"BreadcrumbList","@id":"https:\/\/deepinnerhealth.com\/fr\/a-propos-de-nous\/#breadcrumb","itemListElement":[{"@type":"ListItem","position":1,"name":"Home","item":"https:\/\/deepinnerhealth.com\/fr\/une-sante-interieure-profonde\/"},{"@type":"ListItem","position":2,"name":"A propos de nous"}]},{"@type":"WebSite","@id":"https:\/\/deepinnerhealth.com\/fr\/#website","url":"https:\/\/deepinnerhealth.com\/fr\/","name":"Deep Inner Health","description":"Functional Medicine Practitioner","potentialAction":[{"@type":"SearchAction","target":{"@type":"EntryPoint","urlTemplate":"https:\/\/deepinnerhealth.com\/fr\/?s={search_term_string}"},"query-input":{"@type":"PropertyValueSpecification","valueRequired":true,"valueName":"search_term_string"}}],"inLanguage":"fr-FR"}]}},"_links":{"self":[{"href":"https:\/\/deepinnerhealth.com\/fr\/wp-json\/wp\/v2\/pages\/3505","targetHints":{"allow":["GET"]}}],"collection":[{"href":"https:\/\/deepinnerhealth.com\/fr\/wp-json\/wp\/v2\/pages"}],"about":[{"href":"https:\/\/deepinnerhealth.com\/fr\/wp-json\/wp\/v2\/types\/page"}],"author":[{"embeddable":true,"href":"https:\/\/deepinnerhealth.com\/fr\/wp-json\/wp\/v2\/users\/1"}],"replies":[{"embeddable":true,"href":"https:\/\/deepinnerhealth.com\/fr\/wp-json\/wp\/v2\/comments?post=3505"}],"version-history":[{"count":6,"href":"https:\/\/deepinnerhealth.com\/fr\/wp-json\/wp\/v2\/pages\/3505\/revisions"}],"predecessor-version":[{"id":4334,"href":"https:\/\/deepinnerhealth.com\/fr\/wp-json\/wp\/v2\/pages\/3505\/revisions\/4334"}],"wp:attachment":[{"href":"https:\/\/deepinnerhealth.com\/fr\/wp-json\/wp\/v2\/media?parent=3505"}],"curies":[{"name":"wp","href":"https:\/\/api.w.org\/{rel}","templated":true}]}}