{"id":3566,"date":"2022-08-16T14:02:55","date_gmt":"2022-08-16T04:02:55","guid":{"rendered":"https:\/\/deepinnerhealth.com\/temoignages\/"},"modified":"2022-10-13T09:30:19","modified_gmt":"2022-10-12T22:30:19","slug":"temoignages","status":"publish","type":"page","link":"https:\/\/deepinnerhealth.com\/fr\/temoignages\/","title":{"rendered":"T\u00e9moignages"},"content":{"rendered":"<p><div class=\"fusion-fullwidth fullwidth-box fusion-builder-row-1 fusion-flex-container has-pattern-background has-mask-background nonhundred-percent-fullwidth non-hundred-percent-height-scrolling\" style=\"--awb-border-radius-top-left:0px;--awb-border-radius-top-right:0px;--awb-border-radius-bottom-right:0px;--awb-border-radius-bottom-left:0px;--awb-padding-top:5vw;--awb-flex-wrap:wrap;\" ><div class=\"fusion-builder-row fusion-row fusion-flex-align-items-stretch fusion-flex-content-wrap\" style=\"max-width:1365px;margin-left: calc(-5% \/ 2 );margin-right: calc(-5% \/ 2 );\"><div class=\"fusion-layout-column fusion_builder_column fusion-builder-column-0 fusion_builder_column_1_1 1_1 fusion-flex-column fusion-animated\" style=\"--awb-padding-right:4vw;--awb-padding-bottom:6vw;--awb-padding-left:4vw;--awb-padding-top-small:9vw;--awb-padding-right-small:4vw;--awb-padding-bottom-small:9vw;--awb-padding-left-small:4vw;--awb-overflow:hidden;--awb-bg-color:var(--awb-color1);--awb-bg-color-hover:var(--awb-color1);--awb-bg-size:cover;--awb-border-radius:6px 6px 6px 6px;--awb-width-large:100%;--awb-margin-top-large:0px;--awb-spacing-right-large:2.375%;--awb-margin-bottom-large:0px;--awb-spacing-left-large:2.375%;--awb-width-medium:50%;--awb-order-medium:0;--awb-spacing-right-medium:4.75%;--awb-spacing-left-medium:4.75%;--awb-width-small:100%;--awb-order-small:0;--awb-spacing-right-small:2.375%;--awb-margin-bottom-small:6vw;--awb-spacing-left-small:2.375%;\" data-animationType=\"fadeInUp\" data-animationDuration=\"1.0\" data-animationOffset=\"top-into-view\"><div class=\"fusion-column-wrapper fusion-column-has-shadow fusion-flex-justify-content-flex-start fusion-content-layout-column\"><div class=\"fusion-text fusion-text-1\"><h2>T\u00e9moignages<\/h2>\n<\/div><\/div><\/div><\/div><\/div><div class=\"fusion-fullwidth fullwidth-box fusion-builder-row-2 fusion-flex-container has-pattern-background has-mask-background nonhundred-percent-fullwidth non-hundred-percent-height-scrolling\" style=\"--awb-border-radius-top-left:0px;--awb-border-radius-top-right:0px;--awb-border-radius-bottom-right:0px;--awb-border-radius-bottom-left:0px;--awb-padding-bottom:5vw;--awb-flex-wrap:wrap;\" ><div class=\"fusion-builder-row fusion-row fusion-flex-align-items-stretch fusion-flex-content-wrap\" style=\"max-width:1365px;margin-left: calc(-5% \/ 2 );margin-right: calc(-5% \/ 2 );\"><div class=\"fusion-layout-column fusion_builder_column fusion-builder-column-1 fusion_builder_column_1_2 1_2 fusion-flex-column\" style=\"--awb-bg-size:cover;--awb-width-large:50%;--awb-margin-top-large:0px;--awb-spacing-right-large:4.75%;--awb-margin-bottom-large:20px;--awb-spacing-left-large:4.75%;--awb-width-medium:50%;--awb-order-medium:0;--awb-spacing-right-medium:4.75%;--awb-spacing-left-medium:4.75%;--awb-width-small:100%;--awb-order-small:0;--awb-spacing-right-small:2.375%;--awb-spacing-left-small:2.375%;\"><div class=\"fusion-column-wrapper fusion-column-has-shadow fusion-flex-justify-content-flex-start fusion-content-layout-column\"><div class=\"fusion-testimonials classic awb-speech-bubble-show fusion-testimonials-1\" style=\"--awb-textcolor:var(--awb-color8);--awb-backgroundcolor:var(--awb-color2);--awb-testimonial-border-style:solid;--awb-testimonial-border-color:var(--awb-color3);--awb-border-top-left-radius:0px;--awb-border-top-right-radius:0px;--awb-border-bottom-left-radius:0px;--awb-border-bottom-right-radius:0px;--testimonial-border-width-top:0px;--testimonial-border-width-right:0px;--testimonial-border-width-bottom:0px;--testimonial-border-width-left:0px;\" data-random=\"0\" data-speed=\"4000\"><div class=\"reviews\"><div class=\"review active-testimonial female\"><blockquote><div class=\"awb-quote\"><div class=\"awb-quote-content\">\n<p>De 2007 et 2016, j&rsquo;ai lutt\u00e9 avec mes yeux qui larmoyaient constamment. Je m&rsquo;\u00e9pongeais le visage ; mes yeux \u00e9taient gonfl\u00e9s et rouges en permanence. Cela n&rsquo;a pas seulement affect\u00e9 ma confiance en moi, mais en 2015\/16, mon syst\u00e8me immunitaire a \u00e9t\u00e9 affect\u00e9 par des toux et des rhumes difficiles \u00e0 soigner.<\/p>\n<p>Pendant cette p\u00e9riode, j&rsquo;ai vu des sp\u00e9cialistes des yeux et des docteurs (beaucoup de docteurs). Mais personne n&rsquo;a pu m&rsquo;aider \u00e0 trouver la cause.<\/p>\n<p>Enfin, une visite chez un naturopathe (fortement recommand\u00e9) \u00e0 Brisbane a permis de reconna\u00eetre mon probl\u00e8me comme une intol\u00e9rance aux salicylates. J&rsquo;ai suivi un r\u00e9gime sans ou avec peu de salicylates, ce qui a eu pour effet imm\u00e9diat de transformer la r\u00e9action de l&rsquo;\u00e9coulement des yeux gonfl\u00e9s en maux de t\u00eate et en migraines. M\u00eame les salicylates faibles me donnaient maintenant des douleurs intenses de migraine, mon r\u00e9gime est devenu tr\u00e8s restrictif.<\/p>\n<p>En d\u00e9cembre 2021, un ami m&rsquo;a sugg\u00e9r\u00e9 de contacter le Dr Ulla Gerich-McGregor.<\/p>\n<p>D\u00e8s ma premi\u00e8re consultation, le Dr Ulla Gerich-McGregor \u00e9tait convaincue que nous pourrions trouver la cause profonde de cette intol\u00e9rance aux salicylates et remettre ma sant\u00e9 sur les rails gr\u00e2ce \u00e0 la m\u00e9decine fonctionnelle.<\/p>\n<p>Le Dr Gerich-McGregor l&rsquo;a fait !<\/p>\n<p>Sous la direction du Dr Gerich-McGregor, j&rsquo;ai subi un test sanguin d&rsquo;intol\u00e9rance alimentaire IgG et un test DAO.<\/p>\n<p>J&rsquo;ai ensuite suivi un r\u00e9gime d&rsquo;\u00e9limination de 8 semaines tout en prenant des suppl\u00e9ments naturels pour soutenir la gu\u00e9rison et le r\u00e9gime.<\/p>\n<p>\u00c0 la suite du r\u00e9gime d&rsquo;\u00e9limination, j&rsquo;ai d\u00fb supprimer les produits laitiers de mon alimentation (ce qui n&rsquo;est pas un probl\u00e8me car il existe de nombreuses alternatives) et j&rsquo;ai lentement r\u00e9introduit les salicyl\u00e9s. Pas de migraines ou de maux de t\u00eate en r\u00e9sultant !<\/p>\n<p>Je me sens tellement mieux !<\/p>\n<p>L&rsquo;approche de la m\u00e9decine fonctionnelle du Dr Ulla Gerich-McGregor vient de bouleverser ma vie !<\/p>\n<p>Merci beaucoup.<\/p>\n<\/div><\/div><span class=\"awb-triangle\"><\/span><\/blockquote><div class=\"author\"><span class=\"testimonial-thumbnail doe\"><\/span><span class=\"company-name\"><strong>Denise Bentley<\/strong><\/span><\/div><\/div><\/div><\/div><\/div><\/div><div class=\"fusion-layout-column fusion_builder_column fusion-builder-column-2 fusion_builder_column_1_2 1_2 fusion-flex-column\" style=\"--awb-bg-size:cover;--awb-width-large:50%;--awb-margin-top-large:0px;--awb-spacing-right-large:4.75%;--awb-margin-bottom-large:20px;--awb-spacing-left-large:4.75%;--awb-width-medium:50%;--awb-order-medium:0;--awb-spacing-right-medium:4.75%;--awb-spacing-left-medium:4.75%;--awb-width-small:100%;--awb-order-small:0;--awb-spacing-right-small:2.375%;--awb-spacing-left-small:2.375%;\"><div class=\"fusion-column-wrapper fusion-column-has-shadow fusion-flex-justify-content-flex-start fusion-content-layout-column\"><div class=\"fusion-testimonials classic awb-speech-bubble-show fusion-testimonials-2\" style=\"--awb-textcolor:var(--awb-color8);--awb-backgroundcolor:var(--awb-color2);--awb-testimonial-border-style:solid;--awb-testimonial-border-color:var(--awb-color3);--awb-border-top-left-radius:0px;--awb-border-top-right-radius:0px;--awb-border-bottom-left-radius:0px;--awb-border-bottom-right-radius:0px;--testimonial-border-width-top:0px;--testimonial-border-width-right:0px;--testimonial-border-width-bottom:0px;--testimonial-border-width-left:0px;\" data-random=\"0\" data-speed=\"4000\"><div class=\"reviews\"><div class=\"review active-testimonial female\"><blockquote><div class=\"awb-quote\"><div class=\"awb-quote-content\">\n<p>La consultation de m\u00e9decine fonctionnelle avec le Dr Ulla Gerich-McGregor a \u00e9t\u00e9 l&rsquo;une des meilleures d\u00e9cisions que j&rsquo;ai prises en mati\u00e8re de sant\u00e9. J&rsquo;ai souffert d&rsquo;une maladie chronique de la peau, le psoriasis, depuis mon enfance jusqu&rsquo;\u00e0 l&rsquo;\u00e2ge adulte.<\/p>\n<p>Au cours des cinq derni\u00e8res ann\u00e9es, j&rsquo;ai souffert d&rsquo;une grave rechute de cette maladie. Aucun m\u00e9decin conventionnel n&rsquo;a pu m&rsquo;aider car toutes les cr\u00e8mes et pommades n&rsquo;ont pas r\u00e9ussi \u00e0 calmer les d\u00e9mangeaisons, les inflammations de la peau et les nuits blanches.<\/p>\n<p>Gr\u00e2ce \u00e0 la m\u00e9decine fonctionnelle, j&rsquo;ai pu identifier les diff\u00e9rents allerg\u00e8nes alimentaires auxquels j&rsquo;\u00e9tais intol\u00e9rant et utiliser des suppl\u00e9ments naturels et un r\u00e9gime alimentaire pour soulager l&rsquo;inflammation de mon intestin et de ma peau.<\/p>\n<p>Je souffre toujours de cette maladie, mais elle a \u00e9t\u00e9 soulag\u00e9e au point que je peux dormir tranquillement la nuit et qu&rsquo;il n&rsquo;y a qu&rsquo;une tr\u00e8s l\u00e9g\u00e8re inflammation de la peau.<\/p>\n<p>Je recommanderais certainement cette forme de m\u00e9decine \u00e0 toute personne souffrant d&rsquo;affections qui n&rsquo;ont pas \u00e9t\u00e9 trait\u00e9es avec succ\u00e8s par la m\u00e9decine conventionnelle.<\/p>\n<\/div><\/div><span class=\"awb-triangle\"><\/span><\/blockquote><div class=\"author\"><span class=\"testimonial-thumbnail doe\"><\/span><span class=\"company-name\"><strong>Patricia T<\/strong><\/span><\/div><\/div><\/div><\/div><\/div><\/div><div class=\"fusion-layout-column fusion_builder_column fusion-builder-column-3 fusion_builder_column_1_2 1_2 fusion-flex-column\" style=\"--awb-bg-size:cover;--awb-width-large:50%;--awb-margin-top-large:0px;--awb-spacing-right-large:4.75%;--awb-margin-bottom-large:20px;--awb-spacing-left-large:4.75%;--awb-width-medium:50%;--awb-order-medium:0;--awb-spacing-right-medium:4.75%;--awb-spacing-left-medium:4.75%;--awb-width-small:100%;--awb-order-small:0;--awb-spacing-right-small:2.375%;--awb-spacing-left-small:2.375%;\"><div class=\"fusion-column-wrapper fusion-column-has-shadow fusion-flex-justify-content-flex-start fusion-content-layout-column\"><div class=\"fusion-separator fusion-full-width-sep\" style=\"align-self: center;margin-left: auto;margin-right: auto;margin-top:35px;width:100%;\"><\/div><div class=\"fusion-testimonials classic awb-speech-bubble-show fusion-testimonials-3\" style=\"--awb-textcolor:var(--awb-color8);--awb-backgroundcolor:var(--awb-color2);--awb-testimonial-border-style:solid;--awb-testimonial-border-color:var(--awb-color3);--awb-border-top-left-radius:0px;--awb-border-top-right-radius:0px;--awb-border-bottom-left-radius:0px;--awb-border-bottom-right-radius:0px;--testimonial-border-width-top:0px;--testimonial-border-width-right:0px;--testimonial-border-width-bottom:0px;--testimonial-border-width-left:0px;\" data-random=\"0\" data-speed=\"4000\"><div class=\"reviews\"><div class=\"review active-testimonial female\"><blockquote><div class=\"awb-quote\"><div class=\"awb-quote-content\">\n<p>Lorsque j&rsquo;ai consult\u00e9 le Dr Ulla, j&rsquo;\u00e9tais en sous-poids, je souffrais de probl\u00e8mes intestinaux, d&rsquo;insomnie, de manque d&rsquo;\u00e9nergie, d&rsquo;une mauvaise sant\u00e9 mentale, d&rsquo;inflammation et d&rsquo;une s\u00e9rie de probl\u00e8mes auto-immuns indiscernables. J&rsquo;\u00e9tais fatigu\u00e9 physiquement, financi\u00e8rement et de l&rsquo;espoir de trouver des solutions. Le Dr Ulla a \u00e9t\u00e9 incroyablement minutieuse, intelligente et holistique dans ses \u00e9valuations, ses conclusions et le plan de sant\u00e9 qu&rsquo;elle a prescrit.<\/p>\n<p>En l&rsquo;espace d&rsquo;un mois, j&rsquo;avais pris du poids, je dormais profond\u00e9ment, j&rsquo;avais beaucoup plus d&rsquo;\u00e9nergie, je me sentais plus heureux et plus joyeux, et \u00e0 partir de cette base de plus grande r\u00e9silience, je suis all\u00e9 de succ\u00e8s en succ\u00e8s. Merci beaucoup Dr Ulla, je me suis sentie vue et \u00e9cout\u00e9e par vous.<\/p>\n<p>Votre approche est \u00e0 la fois scientifique, holistique et connect\u00e9e. J&rsquo;ai cess\u00e9 de consulter une myriade d&rsquo;autres professionnels de la sant\u00e9 car vous avez int\u00e9gr\u00e9 mes nombreux besoins dans votre pratique. Je vous suis tellement reconnaissante de la fa\u00e7on dont vous avez chang\u00e9 mon exp\u00e9rience quotidienne.<\/p>\n<p>Merci encore !<\/p>\n<\/div><\/div><span class=\"awb-triangle\"><\/span><\/blockquote><div class=\"author\"><span class=\"testimonial-thumbnail doe\"><\/span><span class=\"company-name\"><strong>Carly Sare - Pays Gadigal<\/strong><\/span><\/div><\/div><\/div><\/div><\/div><\/div><div class=\"fusion-layout-column fusion_builder_column fusion-builder-column-4 fusion_builder_column_1_2 1_2 fusion-flex-column\" style=\"--awb-bg-size:cover;--awb-width-large:50%;--awb-margin-top-large:0px;--awb-spacing-right-large:4.75%;--awb-margin-bottom-large:20px;--awb-spacing-left-large:4.75%;--awb-width-medium:50%;--awb-order-medium:0;--awb-spacing-right-medium:4.75%;--awb-spacing-left-medium:4.75%;--awb-width-small:100%;--awb-order-small:0;--awb-spacing-right-small:2.375%;--awb-spacing-left-small:2.375%;\"><div class=\"fusion-column-wrapper fusion-column-has-shadow fusion-flex-justify-content-flex-start fusion-content-layout-column\"><div class=\"fusion-separator fusion-full-width-sep\" style=\"align-self: center;margin-left: auto;margin-right: auto;margin-top:35px;width:100%;\"><\/div><\/div><\/div><\/div><\/div><div class=\"fusion-fullwidth fullwidth-box fusion-builder-row-3 fusion-flex-container nonhundred-percent-fullwidth non-hundred-percent-height-scrolling fusion-animated\" style=\"--awb-border-color:var(--awb-color4);--awb-border-radius-top-left:0px;--awb-border-radius-top-right:0px;--awb-border-radius-bottom-right:0px;--awb-border-radius-bottom-left:0px;--awb-padding-top:0px;--awb-padding-bottom:7vw;--awb-margin-bottom:0px;--awb-flex-wrap:wrap;\" data-animationType=\"fadeInUp\" data-animationDuration=\"1.0\" data-animationOffset=\"top-into-view\" ><div class=\"fusion-builder-row fusion-row fusion-flex-align-items-stretch fusion-flex-content-wrap\" style=\"max-width:1365px;margin-left: calc(-5% \/ 2 );margin-right: calc(-5% \/ 2 );\"><div class=\"fusion-layout-column fusion_builder_column fusion-builder-column-5 fusion_builder_column_2_5 2_5 fusion-flex-column\" style=\"--awb-overflow:hidden;--awb-bg-position:center center;--awb-bg-size:cover;--awb-border-radius:6px 0px 0px 6px;--awb-width-large:40%;--awb-margin-top-large:0px;--awb-spacing-right-large:0px;--awb-margin-bottom-large:0px;--awb-spacing-left-large:5.9375%;--awb-width-medium:40%;--awb-order-medium:0;--awb-spacing-right-medium:0px;--awb-spacing-left-medium:5.9375%;--awb-width-small:16.666666666667%;--awb-order-small:0;--awb-spacing-right-small:0px;--awb-margin-bottom-small:6vw;--awb-spacing-left-small:14.25%;\"><div class=\"fusion-column-wrapper lazyload fusion-column-has-shadow fusion-flex-justify-content-flex-start fusion-content-layout-column fusion-empty-column-bg-image fusion-column-has-bg-image\" data-bg-url=\"https:\/\/deepinnerhealth.com\/wp-content\/uploads\/2022\/07\/deep-inner-health-functional-medicine.jpg\" data-bg=\"https:\/\/deepinnerhealth.com\/wp-content\/uploads\/2022\/07\/deep-inner-health-functional-medicine.jpg\"><img decoding=\"async\" class=\"fusion-empty-dims-img-placeholder fusion-no-large-visibility fusion-no-medium-visibility\" aria-label=\"m\u00e9decine fonctionnelle de la sant\u00e9 int\u00e9rieure profonde\" src=\"data:image\/gif;base64,R0lGODlhAQABAAAAACH5BAEKAAEALAAAAAABAAEAAAICTAEAOw==\"><\/div><\/div><div class=\"fusion-layout-column fusion_builder_column fusion-builder-column-6 fusion_builder_column_3_5 3_5 fusion-flex-column\" style=\"--awb-padding-top:10vh;--awb-padding-right:6vw;--awb-padding-bottom:10vh;--awb-padding-left:6vw;--awb-padding-top-medium:8vw;--awb-padding-bottom-medium:8vw;--awb-padding-top-small:7vh;--awb-padding-right-small:7vw;--awb-padding-bottom-small:7vh;--awb-padding-left-small:7vw;--awb-overflow:hidden;--awb-bg-color:var(--awb-color4);--awb-bg-color-hover:var(--awb-color4);--awb-bg-size:cover;--awb-border-radius:0px 6px 6px 0px;--awb-width-large:60%;--awb-margin-top-large:0px;--awb-spacing-right-large:3.9583333333333%;--awb-margin-bottom-large:0px;--awb-spacing-left-large:0px;--awb-width-medium:60%;--awb-order-medium:0;--awb-spacing-right-medium:3.9583333333333%;--awb-spacing-left-medium:0px;--awb-width-small:83.333333333333%;--awb-order-small:0;--awb-spacing-right-small:2.85%;--awb-margin-bottom-small:6vw;--awb-spacing-left-small:0px;\"><div class=\"fusion-column-wrapper fusion-column-has-shadow fusion-flex-justify-content-flex-start fusion-content-layout-column\"><div class=\"fusion-title title fusion-title-1 fusion-sep-none fusion-title-text fusion-title-size-two\" style=\"--awb-text-color:var(--awb-color1);--awb-margin-bottom:20px;\"><h2 class=\"fusion-title-heading title-heading-left\" style=\"margin:0;\">M\u00e9decine fonctionnelle<\/h2><\/div><div class=\"fusion-text fusion-text-2\" style=\"--awb-content-alignment:left;--awb-font-size:17px;--awb-line-height:1.9;--awb-text-color:var(--awb-color1);\"><p>Nous pouvons vous aider \u00e0 atteindre une sant\u00e9 et un bien-\u00eatre \u00e9quilibr\u00e9s gr\u00e2ce \u00e0 une approche de m\u00e9decine fonctionnelle.<\/p>\n<\/div><div style=\"text-align:left;\"><a class=\"fusion-button button-flat button-xlarge button-default fusion-button-default button-1 fusion-button-default-span fusion-button-default-type\" style=\"--button_margin-top:20px;\" target=\"_self\" href=\"https:\/\/deepinnerhealth.com\/fr\/nous-contacter\/\"><span class=\"fusion-button-text\">Contactez nous aujourd&rsquo;hui<\/span><\/a><\/div><\/div><\/div><\/div><\/div><\/p>\n","protected":false},"excerpt":{"rendered":"","protected":false},"author":1,"featured_media":0,"parent":0,"menu_order":0,"comment_status":"closed","ping_status":"closed","template":"100-width.php","meta":{"content-type":"","footnotes":""},"class_list":["post-3566","page","type-page","status-publish","hentry"],"yoast_head":"<!-- This site is optimized with the Yoast SEO plugin v27.3 - https:\/\/yoast.com\/product\/yoast-seo-wordpress\/ -->\n<title>T\u00e9moignages - Deep Inner Health<\/title>\n<meta name=\"description\" content=\"T\u00e9moignages | Deep Inner Health | D\u00e9couvrez ce que les gens disent de Deep Inner Health\" \/>\n<meta name=\"robots\" content=\"index, follow, max-snippet:-1, max-image-preview:large, max-video-preview:-1\" \/>\n<link rel=\"canonical\" href=\"https:\/\/deepinnerhealth.com\/fr\/temoignages\/\" \/>\n<meta property=\"og:locale\" content=\"fr_FR\" \/>\n<meta property=\"og:type\" content=\"article\" \/>\n<meta property=\"og:title\" content=\"T\u00e9moignages - Deep Inner Health\" \/>\n<meta property=\"og:description\" content=\"T\u00e9moignages | Deep Inner Health | D\u00e9couvrez ce que les gens disent de Deep Inner Health\" \/>\n<meta property=\"og:url\" content=\"https:\/\/deepinnerhealth.com\/fr\/temoignages\/\" \/>\n<meta property=\"og:site_name\" content=\"Deep Inner Health\" \/>\n<meta property=\"article:modified_time\" content=\"2022-10-12T22:30:19+00:00\" \/>\n<meta name=\"twitter:card\" content=\"summary_large_image\" \/>\n<meta name=\"twitter:label1\" content=\"Dur\u00e9e de lecture estim\u00e9e\" \/>\n\t<meta name=\"twitter:data1\" content=\"24 minutes\" \/>\n<script type=\"application\/ld+json\" class=\"yoast-schema-graph\">{\"@context\":\"https:\\\/\\\/schema.org\",\"@graph\":[{\"@type\":\"WebPage\",\"@id\":\"https:\\\/\\\/deepinnerhealth.com\\\/fr\\\/temoignages\\\/\",\"url\":\"https:\\\/\\\/deepinnerhealth.com\\\/fr\\\/temoignages\\\/\",\"name\":\"T\u00e9moignages - Deep Inner Health\",\"isPartOf\":{\"@id\":\"https:\\\/\\\/deepinnerhealth.com\\\/fr\\\/#website\"},\"datePublished\":\"2022-08-16T04:02:55+00:00\",\"dateModified\":\"2022-10-12T22:30:19+00:00\",\"description\":\"T\u00e9moignages | Deep Inner Health | D\u00e9couvrez ce que les gens disent de Deep Inner Health\",\"breadcrumb\":{\"@id\":\"https:\\\/\\\/deepinnerhealth.com\\\/fr\\\/temoignages\\\/#breadcrumb\"},\"inLanguage\":\"fr-FR\",\"potentialAction\":[{\"@type\":\"ReadAction\",\"target\":[\"https:\\\/\\\/deepinnerhealth.com\\\/fr\\\/temoignages\\\/\"]}]},{\"@type\":\"BreadcrumbList\",\"@id\":\"https:\\\/\\\/deepinnerhealth.com\\\/fr\\\/temoignages\\\/#breadcrumb\",\"itemListElement\":[{\"@type\":\"ListItem\",\"position\":1,\"name\":\"Home\",\"item\":\"https:\\\/\\\/deepinnerhealth.com\\\/fr\\\/une-sante-interieure-profonde\\\/\"},{\"@type\":\"ListItem\",\"position\":2,\"name\":\"T\u00e9moignages\"}]},{\"@type\":\"WebSite\",\"@id\":\"https:\\\/\\\/deepinnerhealth.com\\\/fr\\\/#website\",\"url\":\"https:\\\/\\\/deepinnerhealth.com\\\/fr\\\/\",\"name\":\"Deep Inner Health\",\"description\":\"Functional Medicine Practitioner\",\"potentialAction\":[{\"@type\":\"SearchAction\",\"target\":{\"@type\":\"EntryPoint\",\"urlTemplate\":\"https:\\\/\\\/deepinnerhealth.com\\\/fr\\\/?s={search_term_string}\"},\"query-input\":{\"@type\":\"PropertyValueSpecification\",\"valueRequired\":true,\"valueName\":\"search_term_string\"}}],\"inLanguage\":\"fr-FR\"}]}<\/script>\n<!-- \/ Yoast SEO plugin. -->","yoast_head_json":{"title":"T\u00e9moignages - Deep Inner Health","description":"T\u00e9moignages | Deep Inner Health | D\u00e9couvrez ce que les gens disent de Deep Inner Health","robots":{"index":"index","follow":"follow","max-snippet":"max-snippet:-1","max-image-preview":"max-image-preview:large","max-video-preview":"max-video-preview:-1"},"canonical":"https:\/\/deepinnerhealth.com\/fr\/temoignages\/","og_locale":"fr_FR","og_type":"article","og_title":"T\u00e9moignages - Deep Inner Health","og_description":"T\u00e9moignages | Deep Inner Health | D\u00e9couvrez ce que les gens disent de Deep Inner Health","og_url":"https:\/\/deepinnerhealth.com\/fr\/temoignages\/","og_site_name":"Deep Inner Health","article_modified_time":"2022-10-12T22:30:19+00:00","twitter_card":"summary_large_image","twitter_misc":{"Dur\u00e9e de lecture estim\u00e9e":"24 minutes"},"schema":{"@context":"https:\/\/schema.org","@graph":[{"@type":"WebPage","@id":"https:\/\/deepinnerhealth.com\/fr\/temoignages\/","url":"https:\/\/deepinnerhealth.com\/fr\/temoignages\/","name":"T\u00e9moignages - Deep Inner Health","isPartOf":{"@id":"https:\/\/deepinnerhealth.com\/fr\/#website"},"datePublished":"2022-08-16T04:02:55+00:00","dateModified":"2022-10-12T22:30:19+00:00","description":"T\u00e9moignages | Deep Inner Health | D\u00e9couvrez ce que les gens disent de Deep Inner Health","breadcrumb":{"@id":"https:\/\/deepinnerhealth.com\/fr\/temoignages\/#breadcrumb"},"inLanguage":"fr-FR","potentialAction":[{"@type":"ReadAction","target":["https:\/\/deepinnerhealth.com\/fr\/temoignages\/"]}]},{"@type":"BreadcrumbList","@id":"https:\/\/deepinnerhealth.com\/fr\/temoignages\/#breadcrumb","itemListElement":[{"@type":"ListItem","position":1,"name":"Home","item":"https:\/\/deepinnerhealth.com\/fr\/une-sante-interieure-profonde\/"},{"@type":"ListItem","position":2,"name":"T\u00e9moignages"}]},{"@type":"WebSite","@id":"https:\/\/deepinnerhealth.com\/fr\/#website","url":"https:\/\/deepinnerhealth.com\/fr\/","name":"Deep Inner Health","description":"Functional Medicine Practitioner","potentialAction":[{"@type":"SearchAction","target":{"@type":"EntryPoint","urlTemplate":"https:\/\/deepinnerhealth.com\/fr\/?s={search_term_string}"},"query-input":{"@type":"PropertyValueSpecification","valueRequired":true,"valueName":"search_term_string"}}],"inLanguage":"fr-FR"}]}},"_links":{"self":[{"href":"https:\/\/deepinnerhealth.com\/fr\/wp-json\/wp\/v2\/pages\/3566","targetHints":{"allow":["GET"]}}],"collection":[{"href":"https:\/\/deepinnerhealth.com\/fr\/wp-json\/wp\/v2\/pages"}],"about":[{"href":"https:\/\/deepinnerhealth.com\/fr\/wp-json\/wp\/v2\/types\/page"}],"author":[{"embeddable":true,"href":"https:\/\/deepinnerhealth.com\/fr\/wp-json\/wp\/v2\/users\/1"}],"replies":[{"embeddable":true,"href":"https:\/\/deepinnerhealth.com\/fr\/wp-json\/wp\/v2\/comments?post=3566"}],"version-history":[{"count":11,"href":"https:\/\/deepinnerhealth.com\/fr\/wp-json\/wp\/v2\/pages\/3566\/revisions"}],"predecessor-version":[{"id":4360,"href":"https:\/\/deepinnerhealth.com\/fr\/wp-json\/wp\/v2\/pages\/3566\/revisions\/4360"}],"wp:attachment":[{"href":"https:\/\/deepinnerhealth.com\/fr\/wp-json\/wp\/v2\/media?parent=3566"}],"curies":[{"name":"wp","href":"https:\/\/api.w.org\/{rel}","templated":true}]}}