{"id":3567,"date":"2022-08-16T13:39:12","date_gmt":"2022-08-16T03:39:12","guid":{"rendered":"https:\/\/deepinnerhealth.com\/nous-contacter\/"},"modified":"2022-11-07T07:16:00","modified_gmt":"2022-11-06T20:16:00","slug":"nous-contacter","status":"publish","type":"page","link":"https:\/\/deepinnerhealth.com\/fr\/nous-contacter\/","title":{"rendered":"Nous contacter"},"content":{"rendered":"<div class=\"fusion-fullwidth fullwidth-box fusion-builder-row-1 fusion-flex-container has-pattern-background has-mask-background nonhundred-percent-fullwidth non-hundred-percent-height-scrolling\" style=\"--awb-border-radius-top-left:0px;--awb-border-radius-top-right:0px;--awb-border-radius-bottom-right:0px;--awb-border-radius-bottom-left:0px;--awb-padding-top:5vw;--awb-padding-bottom:5vw;--awb-flex-wrap:wrap;\" ><div class=\"fusion-builder-row fusion-row fusion-flex-align-items-stretch fusion-flex-content-wrap\" style=\"max-width:1365px;margin-left: calc(-5% \/ 2 );margin-right: calc(-5% \/ 2 );\"><div class=\"fusion-layout-column fusion_builder_column fusion-builder-column-0 fusion_builder_column_1_2 1_2 fusion-flex-column fusion-animated\" style=\"--awb-padding-right:4vw;--awb-padding-bottom:6vw;--awb-padding-left:4vw;--awb-padding-top-small:9vw;--awb-padding-right-small:4vw;--awb-padding-bottom-small:9vw;--awb-padding-left-small:4vw;--awb-overflow:hidden;--awb-bg-color:var(--awb-color1);--awb-bg-color-hover:var(--awb-color1);--awb-bg-size:cover;--awb-border-radius:6px 6px 6px 6px;--awb-width-large:50%;--awb-margin-top-large:0px;--awb-spacing-right-large:4.75%;--awb-margin-bottom-large:0px;--awb-spacing-left-large:4.75%;--awb-width-medium:50%;--awb-order-medium:0;--awb-spacing-right-medium:4.75%;--awb-spacing-left-medium:4.75%;--awb-width-small:100%;--awb-order-small:0;--awb-spacing-right-small:2.375%;--awb-margin-bottom-small:6vw;--awb-spacing-left-small:2.375%;\" data-animationType=\"fadeInUp\" data-animationDuration=\"1.0\" data-animationOffset=\"top-into-view\"><div class=\"fusion-column-wrapper fusion-column-has-shadow fusion-flex-justify-content-flex-start fusion-content-layout-column\"><div class=\"fusion-text fusion-text-1\" style=\"--awb-font-size:16px;--awb-line-height:1.9;--awb-text-color:var(--awb-color8);--awb-text-font-family:&quot;Noto Sans&quot;;--awb-text-font-style:normal;--awb-text-font-weight:400;\"><h2>Prenez contact avec nous<\/h2>\n<p>Pour des questions d&rsquo;ordre g\u00e9n\u00e9ral, veuillez <a href=\"mailto:info@deepinnerhealth.com?subject=Deep%20Inner%20Health%20Website%20Enquiry\"><br \/>\n  <strong>envoyez-nous un courriel ici<\/strong><br \/>\n<\/a>.<\/p>\n<p>Ulla propose des consultations en ligne dans le monde entier, en anglais ou en allemand. Nous pourrons trouver un rendez-vous en fonction de votre fuseau horaire et nous proposons \u00e9galement des rendez-vous le week-end.<\/p>\n<p>Nous commen\u00e7ons par une consultation de t\u00e9l\u00e9sant\u00e9 gratuite de 10 minutes, sans obligation, ou par un \u00e9change de courriels afin d&rsquo;\u00e9tablir vos attentes et ma capacit\u00e9 \u00e0 vous aider et \u00e0 r\u00e9pondre \u00e0 vos attentes.<\/p>\n<\/div><div ><a class=\"fusion-button button-flat button-xlarge button-default fusion-button-default button-1 fusion-button-default-span fusion-button-default-type\" target=\"_blank\" rel=\"noopener noreferrer\" href=\"mailto:info@deepinnerhealth.com ?subject=Inital Consultation gratuite\"><span class=\"fusion-button-text\">R\u00e9servez votre premi\u00e8re consultation GRATUITE ici<\/span><\/a><\/div><div class=\"fusion-separator fusion-full-width-sep\" style=\"align-self: center;margin-left: auto;margin-right: auto;margin-top:25px;width:100%;\"><\/div><div class=\"fusion-text fusion-text-2\" style=\"--awb-font-size:16px;--awb-line-height:1.9;--awb-text-color:var(--awb-color8);--awb-text-font-family:&quot;Noto Sans&quot;;--awb-text-font-style:normal;--awb-text-font-weight:400;\"><p>Pour les patients en Australie qui vivent sur les rivi\u00e8res du Nord en NSW et qui pr\u00e9f\u00e8rent un rendez-vous en face \u00e0 face dans nos salles de clinique, appelez RehabBalance sur +61 0439 469 191 ou <strong><br \/>\n  <a href=\"mailto:info@rehabbalance.com.au\" target=\"_blank\" rel=\"noopener\">envoyez-nous un e-mail ici<\/a><br \/>\n<\/strong>.<\/p>\n<p><strong>Visitez <a href=\"http:\/\/www.rehabbalance.com.au\" target=\"_blank\" rel=\"noopener\">Rehab Balance<\/a> pour plus d&rsquo;informations.  <\/strong><\/p>\n<\/div><\/div><\/div><div class=\"fusion-layout-column fusion_builder_column fusion-builder-column-1 fusion_builder_column_1_2 1_2 fusion-flex-column\" style=\"--awb-bg-size:cover;--awb-width-large:50%;--awb-margin-top-large:0px;--awb-spacing-right-large:4.75%;--awb-margin-bottom-large:20px;--awb-spacing-left-large:4.75%;--awb-width-medium:50%;--awb-order-medium:0;--awb-spacing-right-medium:4.75%;--awb-spacing-left-medium:4.75%;--awb-width-small:100%;--awb-order-small:0;--awb-spacing-right-small:2.375%;--awb-spacing-left-small:2.375%;\"><div class=\"fusion-column-wrapper fusion-column-has-shadow fusion-flex-justify-content-flex-start fusion-content-layout-column\"><div class=\"fusion-image-element \" style=\"--awb-caption-title-font-family:var(--h2_typography-font-family);--awb-caption-title-font-weight:var(--h2_typography-font-weight);--awb-caption-title-font-style:var(--h2_typography-font-style);--awb-caption-title-size:var(--h2_typography-font-size);--awb-caption-title-transform:var(--h2_typography-text-transform);--awb-caption-title-line-height:var(--h2_typography-line-height);--awb-caption-title-letter-spacing:var(--h2_typography-letter-spacing);\"><span class=\" fusion-imageframe imageframe-none imageframe-1 hover-type-none\" style=\"border-radius:5px;\"><img decoding=\"async\" width=\"600\" height=\"490\" alt=\"contact profond avec la sant\u00e9 int\u00e9rieure\" title=\"deep-inner-health-contact-page\" src=\"\" data-orig-src=\"https:\/\/deepinnerhealth.com\/wp-content\/uploads\/2022\/08\/deep-inner-health-contact-page.jpg\" class=\"lazyload img-responsive wp-image-3506\" srcset=\"data:image\/gif;base64,R0lGODlhAQABAAAAACH5BAEKAAEALAAAAAABAAEAAAICTAEAOw==\" data-srcset=\"https:\/\/deepinnerhealth.com\/wp-content\/uploads\/2022\/08\/deep-inner-health-contact-page-200x163.jpg 200w, https:\/\/deepinnerhealth.com\/wp-content\/uploads\/2022\/08\/deep-inner-health-contact-page-400x327.jpg 400w, https:\/\/deepinnerhealth.com\/wp-content\/uploads\/2022\/08\/deep-inner-health-contact-page.jpg 600w\" data-sizes=\"auto\" data-orig-sizes=\"(max-width: 700px) 100vw, 600px\" \/><\/span><\/div><\/div><\/div><\/div><\/div>\n","protected":false},"excerpt":{"rendered":"","protected":false},"author":1,"featured_media":0,"parent":0,"menu_order":0,"comment_status":"closed","ping_status":"closed","template":"100-width.php","meta":{"content-type":"","footnotes":""},"class_list":["post-3567","page","type-page","status-publish","hentry"],"yoast_head":"<!-- This site is optimized with the Yoast SEO plugin v27.3 - https:\/\/yoast.com\/product\/yoast-seo-wordpress\/ -->\n<title>Nous contacter - Deep Inner Health<\/title>\n<meta name=\"description\" content=\"Contactez-nous | Deep Inner Health propose des consultations en ligne dans le monde entier, en anglais ou en allemand. Nous pourrons trouver un rendez-vous en fonction de votre fuseau horaire et nous proposons \u00e9galement des rendez-vous le week-end.\" \/>\n<meta name=\"robots\" content=\"index, follow, max-snippet:-1, max-image-preview:large, max-video-preview:-1\" \/>\n<link rel=\"canonical\" href=\"https:\/\/deepinnerhealth.com\/fr\/nous-contacter\/\" \/>\n<meta property=\"og:locale\" content=\"fr_FR\" \/>\n<meta property=\"og:type\" content=\"article\" \/>\n<meta property=\"og:title\" content=\"Nous contacter - Deep Inner Health\" \/>\n<meta property=\"og:description\" content=\"Contactez-nous | Deep Inner Health propose des consultations en ligne dans le monde entier, en anglais ou en allemand. Nous pourrons trouver un rendez-vous en fonction de votre fuseau horaire et nous proposons \u00e9galement des rendez-vous le week-end.\" \/>\n<meta property=\"og:url\" content=\"https:\/\/deepinnerhealth.com\/fr\/nous-contacter\/\" \/>\n<meta property=\"og:site_name\" content=\"Deep Inner Health\" \/>\n<meta property=\"article:modified_time\" content=\"2022-11-06T20:16:00+00:00\" \/>\n<meta name=\"twitter:card\" content=\"summary_large_image\" \/>\n<meta name=\"twitter:label1\" content=\"Dur\u00e9e de lecture estim\u00e9e\" \/>\n\t<meta name=\"twitter:data1\" content=\"9 minutes\" \/>\n<script type=\"application\/ld+json\" class=\"yoast-schema-graph\">{\"@context\":\"https:\\\/\\\/schema.org\",\"@graph\":[{\"@type\":\"WebPage\",\"@id\":\"https:\\\/\\\/deepinnerhealth.com\\\/fr\\\/nous-contacter\\\/\",\"url\":\"https:\\\/\\\/deepinnerhealth.com\\\/fr\\\/nous-contacter\\\/\",\"name\":\"Nous contacter - Deep Inner Health\",\"isPartOf\":{\"@id\":\"https:\\\/\\\/deepinnerhealth.com\\\/fr\\\/#website\"},\"datePublished\":\"2022-08-16T03:39:12+00:00\",\"dateModified\":\"2022-11-06T20:16:00+00:00\",\"description\":\"Contactez-nous | Deep Inner Health propose des consultations en ligne dans le monde entier, en anglais ou en allemand. Nous pourrons trouver un rendez-vous en fonction de votre fuseau horaire et nous proposons \u00e9galement des rendez-vous le week-end.\",\"breadcrumb\":{\"@id\":\"https:\\\/\\\/deepinnerhealth.com\\\/fr\\\/nous-contacter\\\/#breadcrumb\"},\"inLanguage\":\"fr-FR\",\"potentialAction\":[{\"@type\":\"ReadAction\",\"target\":[\"https:\\\/\\\/deepinnerhealth.com\\\/fr\\\/nous-contacter\\\/\"]}]},{\"@type\":\"BreadcrumbList\",\"@id\":\"https:\\\/\\\/deepinnerhealth.com\\\/fr\\\/nous-contacter\\\/#breadcrumb\",\"itemListElement\":[{\"@type\":\"ListItem\",\"position\":1,\"name\":\"Home\",\"item\":\"https:\\\/\\\/deepinnerhealth.com\\\/fr\\\/une-sante-interieure-profonde\\\/\"},{\"@type\":\"ListItem\",\"position\":2,\"name\":\"Nous contacter\"}]},{\"@type\":\"WebSite\",\"@id\":\"https:\\\/\\\/deepinnerhealth.com\\\/fr\\\/#website\",\"url\":\"https:\\\/\\\/deepinnerhealth.com\\\/fr\\\/\",\"name\":\"Deep Inner Health\",\"description\":\"Functional Medicine Practitioner\",\"potentialAction\":[{\"@type\":\"SearchAction\",\"target\":{\"@type\":\"EntryPoint\",\"urlTemplate\":\"https:\\\/\\\/deepinnerhealth.com\\\/fr\\\/?s={search_term_string}\"},\"query-input\":{\"@type\":\"PropertyValueSpecification\",\"valueRequired\":true,\"valueName\":\"search_term_string\"}}],\"inLanguage\":\"fr-FR\"}]}<\/script>\n<!-- \/ Yoast SEO plugin. -->","yoast_head_json":{"title":"Nous contacter - Deep Inner Health","description":"Contactez-nous | Deep Inner Health propose des consultations en ligne dans le monde entier, en anglais ou en allemand. Nous pourrons trouver un rendez-vous en fonction de votre fuseau horaire et nous proposons \u00e9galement des rendez-vous le week-end.","robots":{"index":"index","follow":"follow","max-snippet":"max-snippet:-1","max-image-preview":"max-image-preview:large","max-video-preview":"max-video-preview:-1"},"canonical":"https:\/\/deepinnerhealth.com\/fr\/nous-contacter\/","og_locale":"fr_FR","og_type":"article","og_title":"Nous contacter - Deep Inner Health","og_description":"Contactez-nous | Deep Inner Health propose des consultations en ligne dans le monde entier, en anglais ou en allemand. Nous pourrons trouver un rendez-vous en fonction de votre fuseau horaire et nous proposons \u00e9galement des rendez-vous le week-end.","og_url":"https:\/\/deepinnerhealth.com\/fr\/nous-contacter\/","og_site_name":"Deep Inner Health","article_modified_time":"2022-11-06T20:16:00+00:00","twitter_card":"summary_large_image","twitter_misc":{"Dur\u00e9e de lecture estim\u00e9e":"9 minutes"},"schema":{"@context":"https:\/\/schema.org","@graph":[{"@type":"WebPage","@id":"https:\/\/deepinnerhealth.com\/fr\/nous-contacter\/","url":"https:\/\/deepinnerhealth.com\/fr\/nous-contacter\/","name":"Nous contacter - Deep Inner Health","isPartOf":{"@id":"https:\/\/deepinnerhealth.com\/fr\/#website"},"datePublished":"2022-08-16T03:39:12+00:00","dateModified":"2022-11-06T20:16:00+00:00","description":"Contactez-nous | Deep Inner Health propose des consultations en ligne dans le monde entier, en anglais ou en allemand. Nous pourrons trouver un rendez-vous en fonction de votre fuseau horaire et nous proposons \u00e9galement des rendez-vous le week-end.","breadcrumb":{"@id":"https:\/\/deepinnerhealth.com\/fr\/nous-contacter\/#breadcrumb"},"inLanguage":"fr-FR","potentialAction":[{"@type":"ReadAction","target":["https:\/\/deepinnerhealth.com\/fr\/nous-contacter\/"]}]},{"@type":"BreadcrumbList","@id":"https:\/\/deepinnerhealth.com\/fr\/nous-contacter\/#breadcrumb","itemListElement":[{"@type":"ListItem","position":1,"name":"Home","item":"https:\/\/deepinnerhealth.com\/fr\/une-sante-interieure-profonde\/"},{"@type":"ListItem","position":2,"name":"Nous contacter"}]},{"@type":"WebSite","@id":"https:\/\/deepinnerhealth.com\/fr\/#website","url":"https:\/\/deepinnerhealth.com\/fr\/","name":"Deep Inner Health","description":"Functional Medicine Practitioner","potentialAction":[{"@type":"SearchAction","target":{"@type":"EntryPoint","urlTemplate":"https:\/\/deepinnerhealth.com\/fr\/?s={search_term_string}"},"query-input":{"@type":"PropertyValueSpecification","valueRequired":true,"valueName":"search_term_string"}}],"inLanguage":"fr-FR"}]}},"_links":{"self":[{"href":"https:\/\/deepinnerhealth.com\/fr\/wp-json\/wp\/v2\/pages\/3567","targetHints":{"allow":["GET"]}}],"collection":[{"href":"https:\/\/deepinnerhealth.com\/fr\/wp-json\/wp\/v2\/pages"}],"about":[{"href":"https:\/\/deepinnerhealth.com\/fr\/wp-json\/wp\/v2\/types\/page"}],"author":[{"embeddable":true,"href":"https:\/\/deepinnerhealth.com\/fr\/wp-json\/wp\/v2\/users\/1"}],"replies":[{"embeddable":true,"href":"https:\/\/deepinnerhealth.com\/fr\/wp-json\/wp\/v2\/comments?post=3567"}],"version-history":[{"count":8,"href":"https:\/\/deepinnerhealth.com\/fr\/wp-json\/wp\/v2\/pages\/3567\/revisions"}],"predecessor-version":[{"id":4405,"href":"https:\/\/deepinnerhealth.com\/fr\/wp-json\/wp\/v2\/pages\/3567\/revisions\/4405"}],"wp:attachment":[{"href":"https:\/\/deepinnerhealth.com\/fr\/wp-json\/wp\/v2\/media?parent=3567"}],"curies":[{"name":"wp","href":"https:\/\/api.w.org\/{rel}","templated":true}]}}