{"id":2686,"date":"2022-06-06T23:12:15","date_gmt":"2022-06-06T13:12:15","guid":{"rendered":"https:\/\/deepinnerhealth.com\/termini-e-condizioni\/"},"modified":"2022-10-03T14:08:55","modified_gmt":"2022-10-03T03:08:55","slug":"termini-e-condizioni","status":"publish","type":"page","link":"https:\/\/deepinnerhealth.com\/it\/termini-e-condizioni\/","title":{"rendered":"Termini e condizioni"},"content":{"rendered":"<div class=\"post-content\">\r\n<h3 class=\"fusion-responsive-typography-calculated\" data-fontsize=\"32\" data-lineheight=\"40.3167px\">Chi siamo<\/h3>\r\n<p>L&#8217;indirizzo del nostro sito web <a href=\"https:\/\/deepinnerhealth.com\/it\/\">https:\/\/deepinnerhealth.com<\/a><\/p>\r\n<h3 class=\"fusion-responsive-typography-calculated\" data-fontsize=\"32\" data-lineheight=\"40.3167px\">Termini e condizioni<\/h3>\r\n<p>Per le prenotazioni e i pagamenti utilizziamo SimplyBook. Troverete SimplyBook<strong> <a href=\"https:\/\/simplybook.me\/en\/terms-and-conditions\" target=\"_blank\" rel=\"noopener\">termini e condizioni qui<\/a><span style=\"color: #ff0000;\"><br \/><\/span><\/strong><\/p>\r\n<h3 class=\"fusion-responsive-typography-calculated\" data-fontsize=\"32\" data-lineheight=\"40.3167px\">Informativa sulla privacy<\/h3>\r\n<p>La presente informativa riguarda il modo in cui utilizziamo i vostri dati personali. Prendiamo sul serio la vostra privacy e adotteremo tutte le misure necessarie per proteggere le vostre informazioni personali.<\/p>\r\n<p>Tutte le informazioni personali sono trattate in modo confidenziale. Conserviamo i dati di contatto dei clienti solo per poterli comunicare ulteriormente.<\/p>\r\n<p>Non trasmetteremo mai il vostro indirizzo e-mail a terzi per scopi di marketing n\u00e9 memorizzeremo i dati della vostra carta di credito nel nostro database o sui nostri server. Non comunicheremo mai i dati della vostra carta di credito a nessuno, ad eccezione delle agenzie di compensazione delle carte di credito, delle agenzie di prevenzione e rilevamento delle frodi o a meno che non abbiate ricevuto istruzioni diverse da voi.<\/p>\r\n<p><strong>Informazioni personali raccolte<\/strong><\/p>\r\n<p>La raccolta dei vostri dati personali pu\u00f2 avvenire attraverso le seguenti interazioni:<\/p>\r\n<ul>\r\n<li>Quando accedete e utilizzate il nostro sito web<\/li>\r\n<li>Durante le conversazioni con i membri del nostro team<\/li>\r\n<li>Quando si compilano i moduli del sito web<\/li>\r\n<li>Quando comunicate con noi direttamente (via e-mail, telefono, posta diretta o qualsiasi altro mezzo)<\/li>\r\n<li>Quando interagite con noi durante promozioni, concorsi, eventi speciali.<\/li>\r\n<\/ul>\r\n<p><strong>Biscotti<\/strong><\/p>\r\n<p><em>Che cos&#8217;\u00e8 un biscotto?<\/em><\/p>\r\n<p>I cookie sono piccole porzioni di dati che memorizziamo sul dispositivo (computer, telefono cellulare, tablet o qualsiasi altro dispositivo mobile). Ogni cookie scade dopo un certo periodo di tempo, a seconda dell&#8217;uso che ne facciamo. Come la maggior parte dei siti web commerciali, utilizziamo i cookie nelle pagine web. Utilizziamo i cookie per diversi motivi. Di seguito elenchiamo e descriviamo i vari tipi di cookie che utilizziamo sul nostro sito.<\/p>\r\n<p>Utilizzando il nostro sito web, l&#8217;utente acconsente espressamente all&#8217;uso dei cookie come descritto in questo documento. Per maggiori dettagli su ciascuno dei tipi di cookie utilizzati, vedere di seguito.<\/p>\r\n<p><em>Quali cookie utilizziamo?<\/em><\/p>\r\n<p>Di seguito sono riportati gli elenchi dettagliati dei cookie utilizzati sul nostro sito, con informazioni sul tipo di cookie, sui periodi di scadenza e sui link a siti di terze parti, ove applicabili.<\/p>\r\n<p><em>Cookie necessari o essenziali <\/em><\/p>\r\n<p>Alcuni cookie sono necessari per il corretto funzionamento e la sicurezza del nostro sito. Ad esempio, utilizziamo i cookie per l&#8217;autenticazione dell&#8217;utente. Quando si accede ai nostri siti web, vengono installati dei cookie di autenticazione che ci permettono di sapere chi siete durante la sessione di navigazione. Dobbiamo caricare i cookie essenziali per gli interessi legittimi da noi perseguiti nel fornire all&#8217;utente le funzionalit\u00e0 essenziali del nostro sito.<\/p>\r\n<p><em>Cookie di funzionalit\u00e0 <\/em><\/p>\r\n<p>Questi cookie vengono utilizzati per abilitare alcune funzionalit\u00e0 aggiuntive del nostro sito web, come la memorizzazione delle preferenze dell&#8217;utente (ad esempio, il nome utente e la selezione della lingua). Questa funzionalit\u00e0 migliora l&#8217;esperienza dell&#8217;utente.<\/p>\r\n<p><em>Cookie per i social media<\/em><\/p>\r\n<p>I cookie dei social media raccolgono informazioni sull&#8217;utilizzo dei social media.<\/p>\r\n<p><em> Cookie analitici<\/em><\/p>\r\n<p>Google Analytics: I cookie analitici raccolgono informazioni sull&#8217;utilizzo del nostro sito e ci consentono di migliorarne il funzionamento o di raccogliere dati sui vostri interessi sul sito. Ad esempio, i cookie analitici ci mostrano quali sono le pagine pi\u00f9 visitate del sito, ci aiutano a registrare eventuali difficolt\u00e0 incontrate dall&#8217;utente con il sito e ci mostrano se la nostra pubblicit\u00e0 \u00e8 efficace o meno. Questo ci permette di vedere i modelli complessivi di utilizzo del sito, piuttosto che l&#8217;utilizzo di una singola persona. Utilizziamo le informazioni per analizzare il traffico dei siti.<\/p>\r\n<p><em>Come si gestiscono i cookie?<\/em><\/p>\r\n<p>Se desiderate rimuovere o disabilitare i cookie tramite il vostro browser, potete farlo. A tale scopo, si consiglia di consultare la documentazione di configurazione del browser, in quanto i passaggi per farlo sono solitamente specifici per il browser. Una nota importante \u00e8 che se si sceglie questa strada, ci\u00f2 potrebbe influire negativamente sulla capacit\u00e0 di utilizzare i nostri servizi in modo efficace. L&#8217;abilitazione dei cookie garantisce un&#8217;esperienza pi\u00f9 fluida nell&#8217;utilizzo del nostro sito.<\/p>\r\n<p><strong>Utilizzo delle informazioni personali<\/strong><\/p>\r\n<p>Raccogliamo i vostri dati personali per poter svolgere le seguenti azioni:<\/p>\r\n<ul>\r\n<li>Per fornirvi i prodotti e i servizi da voi richiesti<\/li>\r\n<li>Per comunicare con l&#8217;utente, anche in merito a prodotti e servizi, offerte speciali ed eventi che potrebbero interessarlo<\/li>\r\n<li>Rispondere alle vostre domande e fornirvi informazioni o consulenza<\/li>\r\n<li>Per creare ordini, registrazioni di transazioni, accordi per la vendita di prodotti o servizi, conti, fatture o ricevute fiscali.<\/li>\r\n<li>svolgere attivit\u00e0 di amministrazione, marketing, pianificazione, prevenzione delle frodi e delle perdite, approvvigionamento, sviluppo di prodotti e servizi, controllo di qualit\u00e0 e ricerca per migliorare il modo in cui noi e i fornitori di servizi vi forniamo prodotti e servizi<\/li>\r\n<li>Esaminare e rispondere ai reclami da voi presentati<\/li>\r\n<li>Per ottemperare a leggi o regolamenti o per rispettare eventuali indicazioni fornite da enti regolatori o autorit\u00e0; oppure<\/li>\r\n<li>Se siete candidati all&#8217;assunzione, per valutare la vostra idoneit\u00e0 a ricoprire una posizione presso Deep Inner Health<\/li>\r\n<\/ul>\r\n<p><strong>Aggiornamento delle informazioni personali<\/strong><\/p>\r\n<p>\u00c8 possibile aggiornare i propri dati personali in qualsiasi momento contattando Deep Inner Health.<\/p>\r\n<p><strong>Sicurezza delle informazioni personali<\/strong><\/p>\r\n<p>Per proteggere la sicurezza delle vostre informazioni durante la trasmissione, utilizziamo il software Secure Sockets Layer (SSL), che cripta le informazioni da voi inserite. Manteniamo salvaguardie fisiche, elettroniche e procedurali in relazione alla raccolta, all&#8217;archiviazione e alla divulgazione delle informazioni di identificazione personale dei clienti.<\/p>\r\n<p>Le nostre procedure di sicurezza ci consentono di richiedere occasionalmente una prova di identit\u00e0 prima di divulgare le informazioni personali dell&#8217;utente. \u00c8 importante che vi proteggiate dall&#8217;accesso non autorizzato alla vostra password e al vostro computer.<\/p>\r\n<p>Proteggiamo le vostre informazioni personali attraverso:<\/p>\r\n<ul>\r\n<li>Limitare l&#8217;accesso alle informazioni personali<\/li>\r\n<li>Mantenere i prodotti tecnologici per impedire l&#8217;accesso non autorizzato ai computer.<\/li>\r\n<li>Distruggere in modo sicuro le vostre informazioni personali quando non sono pi\u00f9 necessarie per i nostri scopi di conservazione dei dati.<\/li>\r\n<li>Per l&#8217;elaborazione dei vostri dati finanziari utilizziamo la tecnologia di crittografia SSL (secure sockets layer) a 128 bit. La crittografia SSL a 128 bit richiede almeno un trilione di anni per essere violata ed \u00e8 lo standard del settore.<\/li>\r\n<\/ul>\r\n<p><strong>Divulgazione di informazioni personali<\/strong><\/p>\r\n<p>Le informazioni personali dell&#8217;utente possono essere divulgate in relazione a qualsiasi scopo a uno dei seguenti soggetti:<\/p>\r\n<ul>\r\n<li>I nostri dipendenti, appaltatori o fornitori di servizi, nella misura ragionevolmente necessaria per adempiere ai nostri obblighi nei vostri confronti. Tra questi possono esserci fornitori di servizi Internet, amministratori di sistemi IT, sviluppatori Web.<\/li>\r\n<li>I nostri consulenti aziendali, compresi avvocati, commercialisti o altri fornitori di servizi professionali, nella misura ragionevolmente necessaria.<\/li>\r\n<li>Fornitori e altre terze parti con cui abbiamo rapporti commerciali, per scopi commerciali, di marketing e correlati<\/li>\r\n<\/ul>\r\n<p>Le informazioni personali dell&#8217;utente non saranno condivise, vendute, affittate o divulgate se non come descritto nella presente informativa sulla privacy.<\/p>\r\n<p><strong>Informazioni sulle violazioni della privacy<\/strong><\/p>\r\n<p>Se ritenete che la vostra privacy sia stata violata da noi, <a href=\"https:\/\/deepinnerhealth.com\/it\/?page_id=2749\">contattateci<\/a> e risolveremo il problema.<\/p>\r\n<p><strong>Raccolta dei dati del computer\/dispositivo<\/strong><\/p>\r\n<p>Quando visitate Deep Inner Health, i nostri server aziendali registrano automaticamente le informazioni che il vostro browser invia ogni volta che visitate un sito web. Questi dati possono includere:<\/p>\r\n<ul>\r\n<li>Indirizzo IP del computer<\/li>\r\n<li>Tipo di browser<\/li>\r\n<li>Pagina web che stavate visitando prima di arrivare sul nostro sito<\/li>\r\n<li>Le pagine di Deep Inner Health visitate dall&#8217;utente<\/li>\r\n<li>Il tempo trascorso su tali pagine, gli articoli e le informazioni ricercate sul nostro sito, gli orari e le date di accesso e altre statistiche. Queste informazioni vengono raccolte a scopo di analisi e valutazione per aiutarci a migliorare il nostro sito e i servizi e prodotti che forniamo.<\/li>\r\n<\/ul>\r\n<p>Questi dati non saranno utilizzati in associazione con altre informazioni personali.<\/p>\r\n<p><strong>Conservazione dei dati<\/strong><\/p>\r\n<p>Conserviamo i dati identificabili che raccogliamo per scopi di targeting e retargeting per un massimo di 90 giorni dopo ogni visita al nostro sito web, dopo di che de-identifichiamo i dati raccolti rimuovendo gli identificatori unici e troncando gli indirizzi IP.<\/p>\r\n<p><strong>Modifiche all&#8217;Informativa sulla privacy<\/strong><\/p>\r\n<p>Ci riserviamo il diritto di modificare e cambiare la presente Informativa sulla privacy in qualsiasi momento. Eventuali modifiche a questa politica saranno pubblicate sul nostro sito.<\/p>\r\n<p><strong>Reclami per violazione della privacy<\/strong><\/p>\r\n<p>Se non siete soddisfatti del modo in cui gestiamo la vostra richiesta o il vostro reclamo, non esitate a contattarci. Se siete ancora preoccupati per l&#8217;utilizzo dei vostri dati personali o se desiderate che i vostri dati vengano rimossi dai nostri archivi, <a href=\"https:\/\/deepinnerhealth.com\/it\/?page_id=2749\">contattateci qui<\/a>.<\/p>\r\n<\/div>\r\n","protected":false},"excerpt":{"rendered":"<p>Chi siamo L&#8217;indirizzo del nostro sito web https:\/\/deepinnerhealth.com Termini e  [&#8230;]<\/p>\n","protected":false},"author":1,"featured_media":0,"parent":0,"menu_order":0,"comment_status":"closed","ping_status":"open","template":"","meta":{"content-type":"","footnotes":""},"class_list":["post-2686","page","type-page","status-publish","hentry"],"yoast_head":"<!-- This site is optimized with the Yoast SEO plugin v27.3 - https:\/\/yoast.com\/product\/yoast-seo-wordpress\/ -->\n<title>Termini e condizioni - Deep Inner Health<\/title>\n<meta name=\"robots\" content=\"index, follow, max-snippet:-1, max-image-preview:large, max-video-preview:-1\" \/>\n<link rel=\"canonical\" href=\"https:\/\/deepinnerhealth.com\/it\/termini-e-condizioni\/\" \/>\n<meta property=\"og:locale\" content=\"it_IT\" \/>\n<meta property=\"og:type\" content=\"article\" \/>\n<meta property=\"og:title\" content=\"Termini e condizioni - Deep Inner Health\" \/>\n<meta property=\"og:description\" content=\"Chi siamo L&#8217;indirizzo del nostro sito web https:\/\/deepinnerhealth.com Termini e [...]\" \/>\n<meta property=\"og:url\" content=\"https:\/\/deepinnerhealth.com\/it\/termini-e-condizioni\/\" \/>\n<meta property=\"og:site_name\" content=\"Deep Inner Health\" \/>\n<meta property=\"article:modified_time\" content=\"2022-10-03T03:08:55+00:00\" \/>\n<meta name=\"twitter:card\" content=\"summary_large_image\" \/>\n<meta name=\"twitter:label1\" content=\"Tempo di lettura stimato\" \/>\n\t<meta name=\"twitter:data1\" content=\"6 minuti\" \/>\n<script type=\"application\/ld+json\" class=\"yoast-schema-graph\">{\"@context\":\"https:\\\/\\\/schema.org\",\"@graph\":[{\"@type\":\"WebPage\",\"@id\":\"https:\\\/\\\/deepinnerhealth.com\\\/it\\\/termini-e-condizioni\\\/\",\"url\":\"https:\\\/\\\/deepinnerhealth.com\\\/it\\\/termini-e-condizioni\\\/\",\"name\":\"Termini e condizioni - Deep Inner Health\",\"isPartOf\":{\"@id\":\"https:\\\/\\\/deepinnerhealth.com\\\/it\\\/#website\"},\"datePublished\":\"2022-06-06T13:12:15+00:00\",\"dateModified\":\"2022-10-03T03:08:55+00:00\",\"breadcrumb\":{\"@id\":\"https:\\\/\\\/deepinnerhealth.com\\\/it\\\/termini-e-condizioni\\\/#breadcrumb\"},\"inLanguage\":\"it-IT\",\"potentialAction\":[{\"@type\":\"ReadAction\",\"target\":[\"https:\\\/\\\/deepinnerhealth.com\\\/it\\\/termini-e-condizioni\\\/\"]}]},{\"@type\":\"BreadcrumbList\",\"@id\":\"https:\\\/\\\/deepinnerhealth.com\\\/it\\\/termini-e-condizioni\\\/#breadcrumb\",\"itemListElement\":[{\"@type\":\"ListItem\",\"position\":1,\"name\":\"Home\",\"item\":\"https:\\\/\\\/deepinnerhealth.com\\\/it\\\/\"},{\"@type\":\"ListItem\",\"position\":2,\"name\":\"Termini e condizioni\"}]},{\"@type\":\"WebSite\",\"@id\":\"https:\\\/\\\/deepinnerhealth.com\\\/it\\\/#website\",\"url\":\"https:\\\/\\\/deepinnerhealth.com\\\/it\\\/\",\"name\":\"Deep Inner Health\",\"description\":\"Functional Medicine Practitioner\",\"potentialAction\":[{\"@type\":\"SearchAction\",\"target\":{\"@type\":\"EntryPoint\",\"urlTemplate\":\"https:\\\/\\\/deepinnerhealth.com\\\/it\\\/?s={search_term_string}\"},\"query-input\":{\"@type\":\"PropertyValueSpecification\",\"valueRequired\":true,\"valueName\":\"search_term_string\"}}],\"inLanguage\":\"it-IT\"}]}<\/script>\n<!-- \/ Yoast SEO plugin. -->","yoast_head_json":{"title":"Termini e condizioni - Deep Inner Health","robots":{"index":"index","follow":"follow","max-snippet":"max-snippet:-1","max-image-preview":"max-image-preview:large","max-video-preview":"max-video-preview:-1"},"canonical":"https:\/\/deepinnerhealth.com\/it\/termini-e-condizioni\/","og_locale":"it_IT","og_type":"article","og_title":"Termini e condizioni - Deep Inner Health","og_description":"Chi siamo L&#8217;indirizzo del nostro sito web https:\/\/deepinnerhealth.com Termini e [...]","og_url":"https:\/\/deepinnerhealth.com\/it\/termini-e-condizioni\/","og_site_name":"Deep Inner Health","article_modified_time":"2022-10-03T03:08:55+00:00","twitter_card":"summary_large_image","twitter_misc":{"Tempo di lettura stimato":"6 minuti"},"schema":{"@context":"https:\/\/schema.org","@graph":[{"@type":"WebPage","@id":"https:\/\/deepinnerhealth.com\/it\/termini-e-condizioni\/","url":"https:\/\/deepinnerhealth.com\/it\/termini-e-condizioni\/","name":"Termini e condizioni - Deep Inner Health","isPartOf":{"@id":"https:\/\/deepinnerhealth.com\/it\/#website"},"datePublished":"2022-06-06T13:12:15+00:00","dateModified":"2022-10-03T03:08:55+00:00","breadcrumb":{"@id":"https:\/\/deepinnerhealth.com\/it\/termini-e-condizioni\/#breadcrumb"},"inLanguage":"it-IT","potentialAction":[{"@type":"ReadAction","target":["https:\/\/deepinnerhealth.com\/it\/termini-e-condizioni\/"]}]},{"@type":"BreadcrumbList","@id":"https:\/\/deepinnerhealth.com\/it\/termini-e-condizioni\/#breadcrumb","itemListElement":[{"@type":"ListItem","position":1,"name":"Home","item":"https:\/\/deepinnerhealth.com\/it\/"},{"@type":"ListItem","position":2,"name":"Termini e condizioni"}]},{"@type":"WebSite","@id":"https:\/\/deepinnerhealth.com\/it\/#website","url":"https:\/\/deepinnerhealth.com\/it\/","name":"Deep Inner Health","description":"Functional Medicine Practitioner","potentialAction":[{"@type":"SearchAction","target":{"@type":"EntryPoint","urlTemplate":"https:\/\/deepinnerhealth.com\/it\/?s={search_term_string}"},"query-input":{"@type":"PropertyValueSpecification","valueRequired":true,"valueName":"search_term_string"}}],"inLanguage":"it-IT"}]}},"_links":{"self":[{"href":"https:\/\/deepinnerhealth.com\/it\/wp-json\/wp\/v2\/pages\/2686","targetHints":{"allow":["GET"]}}],"collection":[{"href":"https:\/\/deepinnerhealth.com\/it\/wp-json\/wp\/v2\/pages"}],"about":[{"href":"https:\/\/deepinnerhealth.com\/it\/wp-json\/wp\/v2\/types\/page"}],"author":[{"embeddable":true,"href":"https:\/\/deepinnerhealth.com\/it\/wp-json\/wp\/v2\/users\/1"}],"replies":[{"embeddable":true,"href":"https:\/\/deepinnerhealth.com\/it\/wp-json\/wp\/v2\/comments?post=2686"}],"version-history":[{"count":3,"href":"https:\/\/deepinnerhealth.com\/it\/wp-json\/wp\/v2\/pages\/2686\/revisions"}],"predecessor-version":[{"id":4287,"href":"https:\/\/deepinnerhealth.com\/it\/wp-json\/wp\/v2\/pages\/2686\/revisions\/4287"}],"wp:attachment":[{"href":"https:\/\/deepinnerhealth.com\/it\/wp-json\/wp\/v2\/media?parent=2686"}],"curies":[{"name":"wp","href":"https:\/\/api.w.org\/{rel}","templated":true}]}}