{"id":2876,"date":"2022-08-16T14:02:13","date_gmt":"2022-08-16T04:02:13","guid":{"rendered":"https:\/\/deepinnerhealth.com\/chi-siamo\/"},"modified":"2022-10-03T14:08:24","modified_gmt":"2022-10-03T03:08:24","slug":"chi-siamo","status":"publish","type":"page","link":"https:\/\/deepinnerhealth.com\/it\/chi-siamo\/","title":{"rendered":"Chi siamo"},"content":{"rendered":"<p><div class=\"fusion-fullwidth fullwidth-box fusion-builder-row-1 fusion-flex-container nonhundred-percent-fullwidth non-hundred-percent-height-scrolling\" style=\"--awb-border-radius-top-left:0px;--awb-border-radius-top-right:0px;--awb-border-radius-bottom-right:0px;--awb-border-radius-bottom-left:0px;--awb-padding-top:5vw;--awb-padding-bottom:5vw;--awb-flex-wrap:wrap;\" ><div class=\"fusion-builder-row fusion-row fusion-flex-align-items-stretch fusion-flex-content-wrap\" style=\"max-width:1365px;margin-left: calc(-5% \/ 2 );margin-right: calc(-5% \/ 2 );\"><div class=\"fusion-layout-column fusion_builder_column fusion-builder-column-0 fusion_builder_column_1_2 1_2 fusion-flex-column fusion-animated\" style=\"--awb-padding-right:4vw;--awb-padding-bottom:6vw;--awb-padding-left:4vw;--awb-padding-top-small:9vw;--awb-padding-right-small:4vw;--awb-padding-bottom-small:9vw;--awb-padding-left-small:4vw;--awb-overflow:hidden;--awb-bg-color:var(--awb-color1);--awb-bg-color-hover:var(--awb-color1);--awb-bg-size:cover;--awb-border-radius:6px 6px 6px 6px;--awb-width-large:50%;--awb-margin-top-large:0px;--awb-spacing-right-large:4.75%;--awb-margin-bottom-large:0px;--awb-spacing-left-large:4.75%;--awb-width-medium:50%;--awb-order-medium:0;--awb-spacing-right-medium:4.75%;--awb-spacing-left-medium:4.75%;--awb-width-small:100%;--awb-order-small:0;--awb-spacing-right-small:2.375%;--awb-margin-bottom-small:6vw;--awb-spacing-left-small:2.375%;\" data-animationType=\"fadeInUp\" data-animationDuration=\"1.0\" data-animationOffset=\"top-into-view\"><div class=\"fusion-column-wrapper fusion-column-has-shadow fusion-flex-justify-content-flex-start fusion-content-layout-column\"><div class=\"fusion-text fusion-text-1\" style=\"--awb-font-size:16px;--awb-line-height:1.9;--awb-text-color:var(--awb-color8);--awb-text-font-family:&quot;Montserrat&quot;;--awb-text-font-style:normal;--awb-text-font-weight:400;\"><h2>Chi siamo<\/h2>\n<p><strong>Chi \u00e8 il vostro professionista della salute? <\/strong><\/p>\n<p>Sono la dottoressa Ulla Gerich-McGregor, membro della Facolt\u00e0 australasiana di medicina riabilitativa (FAFRM), che fa parte del Royal Australasian College of Physicians.<\/p>\n<p>Prima di arrivare in Australia nel 2002, ho lavorato come medico specialista in Svizzera e in Germania. Dopo aver conseguito la qualifica di Fellow (Specialista) in Chirurgia Ortopedica in Germania e in Svizzera, si \u00e8 laureato anche in Medicina d&#8217;Urgenza e Medicina dello Sport.<\/p>\n<p>Con un passato da chirurgo ortopedico di oltre 10 anni, i miei pazienti traggono grande beneficio dalla mia esperienza aggiuntiva come specialista in riabilitazione e nella gestione del dolore.<\/p>\n<p>Alla ricerca di un approccio diverso e aggiuntivo per aiutare i pazienti a prevenire le malattie, trovando la causa principale della malattia piuttosto che trattare solo i sintomi, mi sono formata in <em>Medicina Funzionale<\/em><em> dal 2019 con l&#8217;ACNEM (Australasian College of Nutritional and Environmental Medicine) <\/em>in Australia.<\/p>\n<p>Essendo medico da oltre 30 anni e avendo curato migliaia di pazienti, ho notato la stretta connessione tra corpo, mente e spirito. I traumi fisici ed emotivi spesso si manifestano come condizioni di salute o malattie croniche molti anni dopo. Spesso il solo trattamento dei sintomi fisici non funziona e un approccio olistico che consideri la vita, la salute, le relazioni e la storia ambientale del paziente \u00e8 molto importante per trovare la causa principale e offrire un piano di trattamento completo, olistico e individuale.<\/p>\n<p><strong>Il mio viaggio verso la Medicina Funzionale.<br \/>\n<\/strong><\/p>\n<p>Il mio percorso di salute \u00e8 iniziato con la diagnosi di una malattia neurologica autoimmune, che ha richiesto infusioni quadrisettimanali per dieci anni; insieme alla prognosi che un giorno la terapia molto probabilmente non funzioner\u00e0, causando paralisi e dolori invalidanti. Ero interessato e desideroso di saperne di pi\u00f9 su una nuova e coinvolgente specialit\u00e0 di MEDICINA FUNZIONALE e sui suoi promettenti risultati e prove di ricerca in grado di diagnosticare e trattare con successo diverse condizioni e problemi di salute cronici in modo olistico.<\/p>\n<p>Le mie nuove conoscenze e competenze mi hanno fornito strumenti basati sull&#8217;evidenza per stabilire la causa principale e un programma di trattamento personalizzato per ciascuno dei miei pazienti e per me stesso. Un programma di trattamento olistico mi ha permesso, dopo sei mesi, di interrompere i trattamenti di infusione e, a distanza di due anni, sono ancora libera da sintomi e dolori. Sono pi\u00f9 sano, pi\u00f9 in forma e mi godo la vita pi\u00f9 di dieci anni fa.<\/p>\n<\/div><\/div><\/div><div class=\"fusion-layout-column fusion_builder_column fusion-builder-column-1 fusion_builder_column_1_2 1_2 fusion-flex-column\" style=\"--awb-bg-size:cover;--awb-width-large:50%;--awb-margin-top-large:0px;--awb-spacing-right-large:4.75%;--awb-margin-bottom-large:20px;--awb-spacing-left-large:4.75%;--awb-width-medium:50%;--awb-order-medium:0;--awb-spacing-right-medium:4.75%;--awb-spacing-left-medium:4.75%;--awb-width-small:100%;--awb-order-small:0;--awb-spacing-right-small:2.375%;--awb-spacing-left-small:2.375%;\"><div class=\"fusion-column-wrapper fusion-column-has-shadow fusion-flex-justify-content-flex-start fusion-content-layout-column\"><div class=\"fusion-image-element \" style=\"--awb-caption-title-font-family:var(--h2_typography-font-family);--awb-caption-title-font-weight:var(--h2_typography-font-weight);--awb-caption-title-font-style:var(--h2_typography-font-style);--awb-caption-title-size:var(--h2_typography-font-size);--awb-caption-title-transform:var(--h2_typography-text-transform);--awb-caption-title-line-height:var(--h2_typography-line-height);--awb-caption-title-letter-spacing:var(--h2_typography-letter-spacing);\"><span class=\" fusion-imageframe imageframe-none imageframe-1 hover-type-none\" style=\"border-radius:10px;\"><img decoding=\"async\" width=\"600\" height=\"490\" title=\"deep-inner-health-about-us-2\" src=\"https:\/\/deepinnerhealth.com\/wp-content\/uploads\/2022\/08\/deep-inner-health-about-us-2.jpg\" data-orig-src=\"https:\/\/deepinnerhealth.com\/wp-content\/uploads\/2022\/08\/deep-inner-health-about-us-2.jpg\" alt class=\"lazyload img-responsive wp-image-2657\" srcset=\"data:image\/svg+xml,%3Csvg%20xmlns%3D%27http%3A%2F%2Fwww.w3.org%2F2000%2Fsvg%27%20width%3D%27600%27%20height%3D%27490%27%20viewBox%3D%270%200%20600%20490%27%3E%3Crect%20width%3D%27600%27%20height%3D%27490%27%20fill-opacity%3D%220%22%2F%3E%3C%2Fsvg%3E\" data-srcset=\"https:\/\/deepinnerhealth.com\/wp-content\/uploads\/2022\/08\/deep-inner-health-about-us-2-200x163.jpg 200w, https:\/\/deepinnerhealth.com\/wp-content\/uploads\/2022\/08\/deep-inner-health-about-us-2-400x327.jpg 400w, https:\/\/deepinnerhealth.com\/wp-content\/uploads\/2022\/08\/deep-inner-health-about-us-2.jpg 600w\" data-sizes=\"auto\" data-orig-sizes=\"(max-width: 700px) 100vw, 600px\" \/><\/span><\/div><\/div><\/div><\/div><\/div><div class=\"fusion-fullwidth fullwidth-box fusion-builder-row-2 fusion-flex-container nonhundred-percent-fullwidth non-hundred-percent-height-scrolling fusion-animated\" style=\"--awb-border-color:var(--awb-color4);--awb-border-radius-top-left:0px;--awb-border-radius-top-right:0px;--awb-border-radius-bottom-right:0px;--awb-border-radius-bottom-left:0px;--awb-padding-top:0px;--awb-padding-bottom:7vw;--awb-margin-bottom:0px;--awb-flex-wrap:wrap;\" data-animationType=\"fadeInUp\" data-animationDuration=\"1.0\" data-animationOffset=\"top-into-view\" ><div class=\"fusion-builder-row fusion-row fusion-flex-align-items-stretch fusion-flex-content-wrap\" style=\"max-width:1365px;margin-left: calc(-5% \/ 2 );margin-right: calc(-5% \/ 2 );\"><div class=\"fusion-layout-column fusion_builder_column fusion-builder-column-2 fusion_builder_column_2_5 2_5 fusion-flex-column\" style=\"--awb-overflow:hidden;--awb-bg-position:center center;--awb-bg-size:cover;--awb-border-radius:6px 0px 0px 6px;--awb-width-large:40%;--awb-margin-top-large:0px;--awb-spacing-right-large:0px;--awb-margin-bottom-large:0px;--awb-spacing-left-large:5.9375%;--awb-width-medium:40%;--awb-order-medium:0;--awb-spacing-right-medium:0px;--awb-spacing-left-medium:5.9375%;--awb-width-small:16.666666666667%;--awb-order-small:0;--awb-spacing-right-small:0px;--awb-margin-bottom-small:6vw;--awb-spacing-left-small:14.25%;\"><div class=\"fusion-column-wrapper lazyload fusion-column-has-shadow fusion-flex-justify-content-flex-start fusion-content-layout-column fusion-empty-column-bg-image fusion-column-has-bg-image\" data-bg-url=\"https:\/\/deepinnerhealth.com\/wp-content\/uploads\/2022\/08\/deep-inner-health-cta-2.jpg\" data-bg=\"https:\/\/deepinnerhealth.com\/wp-content\/uploads\/2022\/08\/deep-inner-health-cta-2.jpg\"><img decoding=\"async\" class=\"fusion-empty-dims-img-placeholder fusion-no-large-visibility fusion-no-medium-visibility\" aria-label=\"deep-inner-health-cta-2\" src=\"data:image\/svg+xml,%3Csvg%20xmlns%3D%27http%3A%2F%2Fwww.w3.org%2F2000%2Fsvg%27%20width%3D%27600%27%20height%3D%27490%27%20viewBox%3D%270%200%20600%20490%27%3E%3Crect%20width%3D%27600%27%20height%3D%27490%27%20fill-opacity%3D%220%22%2F%3E%3C%2Fsvg%3E\"><\/div><\/div><div class=\"fusion-layout-column fusion_builder_column fusion-builder-column-3 fusion_builder_column_3_5 3_5 fusion-flex-column\" style=\"--awb-padding-top:10vh;--awb-padding-right:6vw;--awb-padding-bottom:10vh;--awb-padding-left:6vw;--awb-padding-top-medium:8vw;--awb-padding-bottom-medium:8vw;--awb-padding-top-small:7vh;--awb-padding-right-small:7vw;--awb-padding-bottom-small:7vh;--awb-padding-left-small:7vw;--awb-overflow:hidden;--awb-bg-color:var(--awb-color4);--awb-bg-color-hover:var(--awb-color4);--awb-bg-size:cover;--awb-border-radius:0px 6px 6px 0px;--awb-width-large:60%;--awb-margin-top-large:0px;--awb-spacing-right-large:3.9583333333333%;--awb-margin-bottom-large:0px;--awb-spacing-left-large:0px;--awb-width-medium:60%;--awb-order-medium:0;--awb-spacing-right-medium:3.9583333333333%;--awb-spacing-left-medium:0px;--awb-width-small:83.333333333333%;--awb-order-small:0;--awb-spacing-right-small:2.85%;--awb-margin-bottom-small:6vw;--awb-spacing-left-small:0px;\"><div class=\"fusion-column-wrapper fusion-column-has-shadow fusion-flex-justify-content-flex-start fusion-content-layout-column\"><div class=\"fusion-title title fusion-title-1 fusion-sep-none fusion-title-text fusion-title-size-two\" style=\"--awb-text-color:var(--awb-color1);--awb-margin-bottom:20px;\"><h2 class=\"fusion-title-heading title-heading-left\" style=\"margin:0;\">Medicina funzionale<\/h2><\/div><div class=\"fusion-text fusion-text-2\" style=\"--awb-content-alignment:left;--awb-font-size:17px;--awb-line-height:1.9;--awb-text-color:var(--awb-color1);\"><p>Possiamo aiutarvi a raggiungere una salute e un benessere equilibrati attraverso un approccio di Medicina Funzionale.<\/p>\n<\/div><div style=\"text-align:left;\"><a class=\"fusion-button button-flat button-xlarge button-default fusion-button-default button-1 fusion-button-default-span fusion-button-default-type\" style=\"--button_margin-top:20px;\" target=\"_self\" href=\"https:\/\/deepinnerhealth.com\/it\/?page_id=2749\"><span class=\"fusion-button-text\">Contattateci oggi stesso<\/span><\/a><\/div><\/div><\/div><\/div><\/div><\/p>\n","protected":false},"excerpt":{"rendered":"","protected":false},"author":1,"featured_media":0,"parent":0,"menu_order":0,"comment_status":"closed","ping_status":"closed","template":"100-width.php","meta":{"content-type":"","footnotes":""},"class_list":["post-2876","page","type-page","status-publish","hentry"],"yoast_head":"<!-- This site is optimized with the Yoast SEO plugin v27.3 - https:\/\/yoast.com\/product\/yoast-seo-wordpress\/ -->\n<title>Chi siamo - Deep Inner Health<\/title>\n<meta name=\"robots\" content=\"index, follow, max-snippet:-1, max-image-preview:large, max-video-preview:-1\" \/>\n<link rel=\"canonical\" href=\"https:\/\/deepinnerhealth.com\/it\/chi-siamo\/\" \/>\n<meta property=\"og:locale\" content=\"it_IT\" \/>\n<meta property=\"og:type\" content=\"article\" \/>\n<meta property=\"og:title\" content=\"Chi siamo - Deep Inner Health\" \/>\n<meta property=\"og:url\" content=\"https:\/\/deepinnerhealth.com\/it\/chi-siamo\/\" \/>\n<meta property=\"og:site_name\" content=\"Deep Inner Health\" \/>\n<meta property=\"article:modified_time\" content=\"2022-10-03T03:08:24+00:00\" \/>\n<meta name=\"twitter:card\" content=\"summary_large_image\" \/>\n<meta name=\"twitter:label1\" content=\"Tempo di lettura stimato\" \/>\n\t<meta name=\"twitter:data1\" content=\"7 minuti\" \/>\n<script type=\"application\/ld+json\" class=\"yoast-schema-graph\">{\"@context\":\"https:\\\/\\\/schema.org\",\"@graph\":[{\"@type\":\"WebPage\",\"@id\":\"https:\\\/\\\/deepinnerhealth.com\\\/it\\\/chi-siamo\\\/\",\"url\":\"https:\\\/\\\/deepinnerhealth.com\\\/it\\\/chi-siamo\\\/\",\"name\":\"Chi siamo - Deep Inner Health\",\"isPartOf\":{\"@id\":\"https:\\\/\\\/deepinnerhealth.com\\\/it\\\/#website\"},\"datePublished\":\"2022-08-16T04:02:13+00:00\",\"dateModified\":\"2022-10-03T03:08:24+00:00\",\"breadcrumb\":{\"@id\":\"https:\\\/\\\/deepinnerhealth.com\\\/it\\\/chi-siamo\\\/#breadcrumb\"},\"inLanguage\":\"it-IT\",\"potentialAction\":[{\"@type\":\"ReadAction\",\"target\":[\"https:\\\/\\\/deepinnerhealth.com\\\/it\\\/chi-siamo\\\/\"]}]},{\"@type\":\"BreadcrumbList\",\"@id\":\"https:\\\/\\\/deepinnerhealth.com\\\/it\\\/chi-siamo\\\/#breadcrumb\",\"itemListElement\":[{\"@type\":\"ListItem\",\"position\":1,\"name\":\"Home\",\"item\":\"https:\\\/\\\/deepinnerhealth.com\\\/it\\\/\"},{\"@type\":\"ListItem\",\"position\":2,\"name\":\"Chi siamo\"}]},{\"@type\":\"WebSite\",\"@id\":\"https:\\\/\\\/deepinnerhealth.com\\\/it\\\/#website\",\"url\":\"https:\\\/\\\/deepinnerhealth.com\\\/it\\\/\",\"name\":\"Deep Inner Health\",\"description\":\"Functional Medicine Practitioner\",\"potentialAction\":[{\"@type\":\"SearchAction\",\"target\":{\"@type\":\"EntryPoint\",\"urlTemplate\":\"https:\\\/\\\/deepinnerhealth.com\\\/it\\\/?s={search_term_string}\"},\"query-input\":{\"@type\":\"PropertyValueSpecification\",\"valueRequired\":true,\"valueName\":\"search_term_string\"}}],\"inLanguage\":\"it-IT\"}]}<\/script>\n<!-- \/ Yoast SEO plugin. -->","yoast_head_json":{"title":"Chi siamo - Deep Inner Health","robots":{"index":"index","follow":"follow","max-snippet":"max-snippet:-1","max-image-preview":"max-image-preview:large","max-video-preview":"max-video-preview:-1"},"canonical":"https:\/\/deepinnerhealth.com\/it\/chi-siamo\/","og_locale":"it_IT","og_type":"article","og_title":"Chi siamo - Deep Inner Health","og_url":"https:\/\/deepinnerhealth.com\/it\/chi-siamo\/","og_site_name":"Deep Inner Health","article_modified_time":"2022-10-03T03:08:24+00:00","twitter_card":"summary_large_image","twitter_misc":{"Tempo di lettura stimato":"7 minuti"},"schema":{"@context":"https:\/\/schema.org","@graph":[{"@type":"WebPage","@id":"https:\/\/deepinnerhealth.com\/it\/chi-siamo\/","url":"https:\/\/deepinnerhealth.com\/it\/chi-siamo\/","name":"Chi siamo - Deep Inner Health","isPartOf":{"@id":"https:\/\/deepinnerhealth.com\/it\/#website"},"datePublished":"2022-08-16T04:02:13+00:00","dateModified":"2022-10-03T03:08:24+00:00","breadcrumb":{"@id":"https:\/\/deepinnerhealth.com\/it\/chi-siamo\/#breadcrumb"},"inLanguage":"it-IT","potentialAction":[{"@type":"ReadAction","target":["https:\/\/deepinnerhealth.com\/it\/chi-siamo\/"]}]},{"@type":"BreadcrumbList","@id":"https:\/\/deepinnerhealth.com\/it\/chi-siamo\/#breadcrumb","itemListElement":[{"@type":"ListItem","position":1,"name":"Home","item":"https:\/\/deepinnerhealth.com\/it\/"},{"@type":"ListItem","position":2,"name":"Chi siamo"}]},{"@type":"WebSite","@id":"https:\/\/deepinnerhealth.com\/it\/#website","url":"https:\/\/deepinnerhealth.com\/it\/","name":"Deep Inner Health","description":"Functional Medicine Practitioner","potentialAction":[{"@type":"SearchAction","target":{"@type":"EntryPoint","urlTemplate":"https:\/\/deepinnerhealth.com\/it\/?s={search_term_string}"},"query-input":{"@type":"PropertyValueSpecification","valueRequired":true,"valueName":"search_term_string"}}],"inLanguage":"it-IT"}]}},"_links":{"self":[{"href":"https:\/\/deepinnerhealth.com\/it\/wp-json\/wp\/v2\/pages\/2876","targetHints":{"allow":["GET"]}}],"collection":[{"href":"https:\/\/deepinnerhealth.com\/it\/wp-json\/wp\/v2\/pages"}],"about":[{"href":"https:\/\/deepinnerhealth.com\/it\/wp-json\/wp\/v2\/types\/page"}],"author":[{"embeddable":true,"href":"https:\/\/deepinnerhealth.com\/it\/wp-json\/wp\/v2\/users\/1"}],"replies":[{"embeddable":true,"href":"https:\/\/deepinnerhealth.com\/it\/wp-json\/wp\/v2\/comments?post=2876"}],"version-history":[{"count":9,"href":"https:\/\/deepinnerhealth.com\/it\/wp-json\/wp\/v2\/pages\/2876\/revisions"}],"predecessor-version":[{"id":3113,"href":"https:\/\/deepinnerhealth.com\/it\/wp-json\/wp\/v2\/pages\/2876\/revisions\/3113"}],"wp:attachment":[{"href":"https:\/\/deepinnerhealth.com\/it\/wp-json\/wp\/v2\/media?parent=2876"}],"curies":[{"name":"wp","href":"https:\/\/api.w.org\/{rel}","templated":true}]}}